{"id":112,"date":"2019-03-18T15:00:18","date_gmt":"2019-03-18T15:00:18","guid":{"rendered":"http:\/\/silverhotel.ms.decms.eu\/?page_id=112"},"modified":"2024-10-09T10:33:27","modified_gmt":"2024-10-09T10:33:27","slug":"restaurante-y-desayuno","status":"publish","type":"page","link":"https:\/\/www.hotelsilvermilano.com\/es\/restaurante-y-desayuno\/","title":{"rendered":"Restaurante y desayuno"},"content":{"rendered":"<div id=\"tw-target-text-container\" class=\"tw-ta-container hide-focus-ring tw-nfl\">\n<p id=\"tw-target-text\" class=\"tw-data-text tw-text-large XcVN5d tw-ta\" dir=\"ltr\" data-placeholder=\"Traduzione\"><span lang=\"es\">Una nota de m\u00e9rito ciertamente va a la restauraci\u00f3n. <\/span><\/p>\n<p class=\"tw-data-text tw-text-large XcVN5d tw-ta\" dir=\"ltr\" data-placeholder=\"Traduzione\"><span lang=\"es\">En el interior, nuestros hu\u00e9spedes encontrar\u00e1n un lugar perfecto para cenas de negocios o a la luz de las velas, donde podr\u00e1n saborear recetas cl\u00e1sicas revisadas y la sofisticaci\u00f3n de la cocina contempor\u00e1nea. <\/span><\/p>\n<p class=\"tw-data-text tw-text-large XcVN5d tw-ta\" dir=\"ltr\" data-placeholder=\"Traduzione\"><span lang=\"es\">Nada se deja al azar, las excelentes materias primas, la atenci\u00f3n al detalle y el cuidado en la presentaci\u00f3n del plato, son los ingredientes b\u00e1sicos para que nuestro chef obtenga una cocina de alta calidad. <\/span><\/p>\n<p class=\"tw-data-text tw-text-large XcVN5d tw-ta\" dir=\"ltr\" data-placeholder=\"Traduzione\"><span lang=\"es\">Nuestro servicio de habitaciones es ciertamente no menos, disponible de 12.00 a 21.00 y en presencia de nuestro chef, de lunes a s\u00e1bado de 19.00 a 21.00, sabrosos platos preparados en el lugar. <\/span><\/p>\n<p class=\"tw-data-text tw-text-large XcVN5d tw-ta\" dir=\"ltr\" data-placeholder=\"Traduzione\"><span lang=\"es\">Para comenzar bien por la ma\u00f1ana de 7.00 a 10.00 se sirve un rico desayuno buffet que le dar\u00e1 suficiente energ\u00eda para un nuevo d\u00eda de trabajo o simplemente para continuar su visita a la ciudad. <\/span><\/p>\n<div class=\"oSioSc\">\n<div id=\"tw-target\">\n<div id=\"kAz1tf\" class=\"g9WsWb\">\n<div id=\"tw-target-text-container\" class=\"tw-ta-container hide-focus-ring tw-nfl\">\n<p class=\"tw-data-text tw-text-large XcVN5d tw-ta\" dir=\"ltr\" data-placeholder=\"Traduzione\"><span lang=\"es\">Clicar en el siguiente <span lang=\"en\"><a href=\"https:\/\/silverbistrotrestaurant.menuclick24.it\/en\" target=\"_blank\" rel=\"noopener noreferrer\"><u><strong>link\u00a0<\/strong><\/u><\/a><\/span><\/span><span lang=\"es\"> para ver nuestro men\u00fa<\/span><\/p>\n<div class=\"QmZWSe\">\n<div class=\"DHcWmd\">\n<div id=\"tw-target\">\n<div id=\"kAz1tf\" class=\"g9WsWb\">\n<div id=\"tw-target-text-container\" class=\"tw-ta-container hide-focus-ring tw-nfl\"><\/div>\n<\/div>\n<\/div>\n<\/div>\n<\/div>\n<p class=\"tw-data-text tw-text-large XcVN5d tw-ta\" dir=\"ltr\" style=\"text-align: center\" data-placeholder=\"Traduzione\"><strong><span lang=\"en\">\u00a0<\/span><\/strong><\/p>\n<\/div>\n<\/div>\n<\/div>\n<\/div>\n<p class=\"tw-data-text tw-text-large XcVN5d tw-ta\" dir=\"ltr\" data-placeholder=\"Traduzione\">\n<\/div>\n<div id=\"tw-target-rmn-container\" class=\"tw-ta-container hide-focus-ring tw-nfl\">\n<pre id=\"tw-target-rmn\" class=\"tw-data-placeholder tw-text-small tw-ta\" data-placeholder=\"\"><\/pre>\n<\/div>\n<p>&nbsp;<\/p>\n<p><strong>\u00a0<\/strong><\/p>\n","protected":false},"excerpt":{"rendered":"<p>Una nota de m\u00e9rito ciertamente va a la restauraci\u00f3n. En el interior, nuestros hu\u00e9spedes encontrar\u00e1n un lugar perfecto para cenas de negocios o a la luz de las velas, donde podr\u00e1n saborear recetas cl\u00e1sicas revisadas y la sofisticaci\u00f3n de la cocina contempor\u00e1nea. Nada se deja al azar, las excelentes materias primas, la atenci\u00f3n al detalle [&hellip;]<\/p>\n","protected":false},"author":13,"featured_media":0,"parent":0,"menu_order":3,"comment_status":"closed","ping_status":"closed","template":"","meta":{"footnotes":""},"class_list":["post-112","page","type-page","status-publish","hentry"],"yoast_head":"<!-- This site is optimized with the Yoast SEO plugin v26.9 - https:\/\/yoast.com\/product\/yoast-seo-wordpress\/ -->\n<title>Restaurante y desayuno - Silver Hotel<\/title>\n<meta name=\"robots\" content=\"index, follow, max-snippet:-1, max-image-preview:large, max-video-preview:-1\" \/>\n<link rel=\"canonical\" href=\"https:\/\/www.hotelsilvermilano.com\/es\/restaurante-y-desayuno\/\" \/>\n<meta property=\"og:locale\" content=\"es_ES\" \/>\n<meta property=\"og:type\" content=\"article\" \/>\n<meta property=\"og:title\" content=\"Restaurante y desayuno - Silver Hotel\" \/>\n<meta property=\"og:description\" content=\"Una nota de m\u00e9rito ciertamente va a la restauraci\u00f3n. En el interior, nuestros hu\u00e9spedes encontrar\u00e1n un lugar perfecto para cenas de negocios o a la luz de las velas, donde podr\u00e1n saborear recetas cl\u00e1sicas revisadas y la sofisticaci\u00f3n de la cocina contempor\u00e1nea. Nada se deja al azar, las excelentes materias primas, la atenci\u00f3n al detalle [&hellip;]\" \/>\n<meta property=\"og:url\" content=\"https:\/\/www.hotelsilvermilano.com\/es\/restaurante-y-desayuno\/\" \/>\n<meta property=\"og:site_name\" content=\"Silver Hotel\" \/>\n<meta property=\"article:modified_time\" content=\"2024-10-09T10:33:27+00:00\" \/>\n<meta name=\"twitter:card\" content=\"summary_large_image\" \/>\n<meta name=\"twitter:label1\" content=\"Tiempo de lectura\" \/>\n\t<meta name=\"twitter:data1\" content=\"1 minuto\" \/>\n<script type=\"application\/ld+json\" class=\"yoast-schema-graph\">{\"@context\":\"https:\/\/schema.org\",\"@graph\":[{\"@type\":\"WebPage\",\"@id\":\"https:\/\/www.hotelsilvermilano.com\/es\/restaurante-y-desayuno\/\",\"url\":\"https:\/\/www.hotelsilvermilano.com\/es\/restaurante-y-desayuno\/\",\"name\":\"Restaurante y desayuno - Silver Hotel\",\"isPartOf\":{\"@id\":\"https:\/\/www.hotelsilvermilano.com\/es\/#website\"},\"datePublished\":\"2019-03-18T15:00:18+00:00\",\"dateModified\":\"2024-10-09T10:33:27+00:00\",\"breadcrumb\":{\"@id\":\"https:\/\/www.hotelsilvermilano.com\/es\/restaurante-y-desayuno\/#breadcrumb\"},\"inLanguage\":\"es\",\"potentialAction\":[{\"@type\":\"ReadAction\",\"target\":[\"https:\/\/www.hotelsilvermilano.com\/es\/restaurante-y-desayuno\/\"]}]},{\"@type\":\"BreadcrumbList\",\"@id\":\"https:\/\/www.hotelsilvermilano.com\/es\/restaurante-y-desayuno\/#breadcrumb\",\"itemListElement\":[{\"@type\":\"ListItem\",\"position\":1,\"name\":\"Home\",\"item\":\"https:\/\/www.hotelsilvermilano.com\/es\/\"},{\"@type\":\"ListItem\",\"position\":2,\"name\":\"Restaurante y desayuno\"}]},{\"@type\":\"WebSite\",\"@id\":\"https:\/\/www.hotelsilvermilano.com\/es\/#website\",\"url\":\"https:\/\/www.hotelsilvermilano.com\/es\/\",\"name\":\"Silver Hotel\",\"description\":\"Just another ms.decms.eu site\",\"potentialAction\":[{\"@type\":\"SearchAction\",\"target\":{\"@type\":\"EntryPoint\",\"urlTemplate\":\"https:\/\/www.hotelsilvermilano.com\/es\/?s={search_term_string}\"},\"query-input\":{\"@type\":\"PropertyValueSpecification\",\"valueRequired\":true,\"valueName\":\"search_term_string\"}}],\"inLanguage\":\"es\"}]}<\/script>\n<!-- \/ Yoast SEO plugin. -->","yoast_head_json":{"title":"Restaurante y desayuno - Silver Hotel","robots":{"index":"index","follow":"follow","max-snippet":"max-snippet:-1","max-image-preview":"max-image-preview:large","max-video-preview":"max-video-preview:-1"},"canonical":"https:\/\/www.hotelsilvermilano.com\/es\/restaurante-y-desayuno\/","og_locale":"es_ES","og_type":"article","og_title":"Restaurante y desayuno - Silver Hotel","og_description":"Una nota de m\u00e9rito ciertamente va a la restauraci\u00f3n. En el interior, nuestros hu\u00e9spedes encontrar\u00e1n un lugar perfecto para cenas de negocios o a la luz de las velas, donde podr\u00e1n saborear recetas cl\u00e1sicas revisadas y la sofisticaci\u00f3n de la cocina contempor\u00e1nea. Nada se deja al azar, las excelentes materias primas, la atenci\u00f3n al detalle [&hellip;]","og_url":"https:\/\/www.hotelsilvermilano.com\/es\/restaurante-y-desayuno\/","og_site_name":"Silver Hotel","article_modified_time":"2024-10-09T10:33:27+00:00","twitter_card":"summary_large_image","twitter_misc":{"Tiempo de lectura":"1 minuto"},"schema":{"@context":"https:\/\/schema.org","@graph":[{"@type":"WebPage","@id":"https:\/\/www.hotelsilvermilano.com\/es\/restaurante-y-desayuno\/","url":"https:\/\/www.hotelsilvermilano.com\/es\/restaurante-y-desayuno\/","name":"Restaurante y desayuno - Silver Hotel","isPartOf":{"@id":"https:\/\/www.hotelsilvermilano.com\/es\/#website"},"datePublished":"2019-03-18T15:00:18+00:00","dateModified":"2024-10-09T10:33:27+00:00","breadcrumb":{"@id":"https:\/\/www.hotelsilvermilano.com\/es\/restaurante-y-desayuno\/#breadcrumb"},"inLanguage":"es","potentialAction":[{"@type":"ReadAction","target":["https:\/\/www.hotelsilvermilano.com\/es\/restaurante-y-desayuno\/"]}]},{"@type":"BreadcrumbList","@id":"https:\/\/www.hotelsilvermilano.com\/es\/restaurante-y-desayuno\/#breadcrumb","itemListElement":[{"@type":"ListItem","position":1,"name":"Home","item":"https:\/\/www.hotelsilvermilano.com\/es\/"},{"@type":"ListItem","position":2,"name":"Restaurante y desayuno"}]},{"@type":"WebSite","@id":"https:\/\/www.hotelsilvermilano.com\/es\/#website","url":"https:\/\/www.hotelsilvermilano.com\/es\/","name":"Silver Hotel","description":"Just another ms.decms.eu site","potentialAction":[{"@type":"SearchAction","target":{"@type":"EntryPoint","urlTemplate":"https:\/\/www.hotelsilvermilano.com\/es\/?s={search_term_string}"},"query-input":{"@type":"PropertyValueSpecification","valueRequired":true,"valueName":"search_term_string"}}],"inLanguage":"es"}]}},"acf":[],"_links":{"self":[{"href":"https:\/\/www.hotelsilvermilano.com\/es\/wp-json\/wp\/v2\/pages\/112","targetHints":{"allow":["GET"]}}],"collection":[{"href":"https:\/\/www.hotelsilvermilano.com\/es\/wp-json\/wp\/v2\/pages"}],"about":[{"href":"https:\/\/www.hotelsilvermilano.com\/es\/wp-json\/wp\/v2\/types\/page"}],"author":[{"embeddable":true,"href":"https:\/\/www.hotelsilvermilano.com\/es\/wp-json\/wp\/v2\/users\/13"}],"replies":[{"embeddable":true,"href":"https:\/\/www.hotelsilvermilano.com\/es\/wp-json\/wp\/v2\/comments?post=112"}],"version-history":[{"count":0,"href":"https:\/\/www.hotelsilvermilano.com\/es\/wp-json\/wp\/v2\/pages\/112\/revisions"}],"wp:attachment":[{"href":"https:\/\/www.hotelsilvermilano.com\/es\/wp-json\/wp\/v2\/media?parent=112"}],"curies":[{"name":"wp","href":"https:\/\/api.w.org\/{rel}","templated":true}]}}