{"id":120,"date":"2019-03-18T15:04:41","date_gmt":"2019-03-18T15:04:41","guid":{"rendered":"http:\/\/silverhotel.ms.decms.eu\/?page_id=120"},"modified":"2019-07-30T08:58:56","modified_gmt":"2019-07-30T08:58:56","slug":"servicios_es","status":"publish","type":"page","link":"https:\/\/www.hotelsilvermilano.com\/es\/servicios_es\/","title":{"rendered":"Servicios"},"content":{"rendered":"<p>El <strong>Hotel Silver<\/strong> cuenta con una amplia gama de servicios e instalaciones dise\u00f1adas para tu comodidad. Nuestra misi\u00f3n es satisfacer todas tus necesidades siempre.<\/p>\n<p>Si viajas por negocios, en nuestra sala de reuniones contamos con una lista completa de servicios y apoyo log\u00edstico para simplificar tu trabajo. Si tienes una petici\u00f3n que no podemos ofrecerte al momento, nuestro personal encontrar\u00e1 la manera de satisfacerte en poco tiempo.<\/p>\n","protected":false},"excerpt":{"rendered":"<p>El Hotel Silver cuenta con una amplia gama de servicios e instalaciones dise\u00f1adas para tu comodidad. Nuestra misi\u00f3n es satisfacer todas tus necesidades siempre. Si viajas por negocios, en nuestra sala de reuniones contamos con una lista completa de servicios y apoyo log\u00edstico para simplificar tu trabajo. Si tienes una petici\u00f3n que no podemos ofrecerte [&hellip;]<\/p>\n","protected":false},"author":13,"featured_media":0,"parent":0,"menu_order":4,"comment_status":"closed","ping_status":"closed","template":"template-services.php","meta":{"footnotes":""},"class_list":["post-120","page","type-page","status-publish","hentry"],"yoast_head":"<!-- This site is optimized with the Yoast SEO plugin v26.9 - https:\/\/yoast.com\/product\/yoast-seo-wordpress\/ -->\n<title>Servicios - Silver Hotel<\/title>\n<meta name=\"robots\" content=\"index, follow, max-snippet:-1, max-image-preview:large, max-video-preview:-1\" \/>\n<link rel=\"canonical\" href=\"https:\/\/www.hotelsilvermilano.com\/es\/servicios_es\/\" \/>\n<meta property=\"og:locale\" content=\"es_ES\" \/>\n<meta property=\"og:type\" content=\"article\" \/>\n<meta property=\"og:title\" content=\"Servicios - Silver Hotel\" \/>\n<meta property=\"og:description\" content=\"El Hotel Silver cuenta con una amplia gama de servicios e instalaciones dise\u00f1adas para tu comodidad. Nuestra misi\u00f3n es satisfacer todas tus necesidades siempre. Si viajas por negocios, en nuestra sala de reuniones contamos con una lista completa de servicios y apoyo log\u00edstico para simplificar tu trabajo. Si tienes una petici\u00f3n que no podemos ofrecerte [&hellip;]\" \/>\n<meta property=\"og:url\" content=\"https:\/\/www.hotelsilvermilano.com\/es\/servicios_es\/\" \/>\n<meta property=\"og:site_name\" content=\"Silver Hotel\" \/>\n<meta property=\"article:modified_time\" content=\"2019-07-30T08:58:56+00:00\" \/>\n<meta name=\"twitter:card\" content=\"summary_large_image\" \/>\n<script type=\"application\/ld+json\" class=\"yoast-schema-graph\">{\"@context\":\"https:\/\/schema.org\",\"@graph\":[{\"@type\":\"WebPage\",\"@id\":\"https:\/\/www.hotelsilvermilano.com\/es\/servicios_es\/\",\"url\":\"https:\/\/www.hotelsilvermilano.com\/es\/servicios_es\/\",\"name\":\"Servicios - Silver Hotel\",\"isPartOf\":{\"@id\":\"https:\/\/www.hotelsilvermilano.com\/es\/#website\"},\"datePublished\":\"2019-03-18T15:04:41+00:00\",\"dateModified\":\"2019-07-30T08:58:56+00:00\",\"breadcrumb\":{\"@id\":\"https:\/\/www.hotelsilvermilano.com\/es\/servicios_es\/#breadcrumb\"},\"inLanguage\":\"es\",\"potentialAction\":[{\"@type\":\"ReadAction\",\"target\":[\"https:\/\/www.hotelsilvermilano.com\/es\/servicios_es\/\"]}]},{\"@type\":\"BreadcrumbList\",\"@id\":\"https:\/\/www.hotelsilvermilano.com\/es\/servicios_es\/#breadcrumb\",\"itemListElement\":[{\"@type\":\"ListItem\",\"position\":1,\"name\":\"Home\",\"item\":\"https:\/\/www.hotelsilvermilano.com\/es\/\"},{\"@type\":\"ListItem\",\"position\":2,\"name\":\"Servicios\"}]},{\"@type\":\"WebSite\",\"@id\":\"https:\/\/www.hotelsilvermilano.com\/es\/#website\",\"url\":\"https:\/\/www.hotelsilvermilano.com\/es\/\",\"name\":\"Silver Hotel\",\"description\":\"Just another ms.decms.eu site\",\"potentialAction\":[{\"@type\":\"SearchAction\",\"target\":{\"@type\":\"EntryPoint\",\"urlTemplate\":\"https:\/\/www.hotelsilvermilano.com\/es\/?s={search_term_string}\"},\"query-input\":{\"@type\":\"PropertyValueSpecification\",\"valueRequired\":true,\"valueName\":\"search_term_string\"}}],\"inLanguage\":\"es\"}]}<\/script>\n<!-- \/ Yoast SEO plugin. -->","yoast_head_json":{"title":"Servicios - Silver Hotel","robots":{"index":"index","follow":"follow","max-snippet":"max-snippet:-1","max-image-preview":"max-image-preview:large","max-video-preview":"max-video-preview:-1"},"canonical":"https:\/\/www.hotelsilvermilano.com\/es\/servicios_es\/","og_locale":"es_ES","og_type":"article","og_title":"Servicios - Silver Hotel","og_description":"El Hotel Silver cuenta con una amplia gama de servicios e instalaciones dise\u00f1adas para tu comodidad. Nuestra misi\u00f3n es satisfacer todas tus necesidades siempre. Si viajas por negocios, en nuestra sala de reuniones contamos con una lista completa de servicios y apoyo log\u00edstico para simplificar tu trabajo. Si tienes una petici\u00f3n que no podemos ofrecerte [&hellip;]","og_url":"https:\/\/www.hotelsilvermilano.com\/es\/servicios_es\/","og_site_name":"Silver Hotel","article_modified_time":"2019-07-30T08:58:56+00:00","twitter_card":"summary_large_image","schema":{"@context":"https:\/\/schema.org","@graph":[{"@type":"WebPage","@id":"https:\/\/www.hotelsilvermilano.com\/es\/servicios_es\/","url":"https:\/\/www.hotelsilvermilano.com\/es\/servicios_es\/","name":"Servicios - Silver Hotel","isPartOf":{"@id":"https:\/\/www.hotelsilvermilano.com\/es\/#website"},"datePublished":"2019-03-18T15:04:41+00:00","dateModified":"2019-07-30T08:58:56+00:00","breadcrumb":{"@id":"https:\/\/www.hotelsilvermilano.com\/es\/servicios_es\/#breadcrumb"},"inLanguage":"es","potentialAction":[{"@type":"ReadAction","target":["https:\/\/www.hotelsilvermilano.com\/es\/servicios_es\/"]}]},{"@type":"BreadcrumbList","@id":"https:\/\/www.hotelsilvermilano.com\/es\/servicios_es\/#breadcrumb","itemListElement":[{"@type":"ListItem","position":1,"name":"Home","item":"https:\/\/www.hotelsilvermilano.com\/es\/"},{"@type":"ListItem","position":2,"name":"Servicios"}]},{"@type":"WebSite","@id":"https:\/\/www.hotelsilvermilano.com\/es\/#website","url":"https:\/\/www.hotelsilvermilano.com\/es\/","name":"Silver Hotel","description":"Just another ms.decms.eu site","potentialAction":[{"@type":"SearchAction","target":{"@type":"EntryPoint","urlTemplate":"https:\/\/www.hotelsilvermilano.com\/es\/?s={search_term_string}"},"query-input":{"@type":"PropertyValueSpecification","valueRequired":true,"valueName":"search_term_string"}}],"inLanguage":"es"}]}},"acf":[],"_links":{"self":[{"href":"https:\/\/www.hotelsilvermilano.com\/es\/wp-json\/wp\/v2\/pages\/120","targetHints":{"allow":["GET"]}}],"collection":[{"href":"https:\/\/www.hotelsilvermilano.com\/es\/wp-json\/wp\/v2\/pages"}],"about":[{"href":"https:\/\/www.hotelsilvermilano.com\/es\/wp-json\/wp\/v2\/types\/page"}],"author":[{"embeddable":true,"href":"https:\/\/www.hotelsilvermilano.com\/es\/wp-json\/wp\/v2\/users\/13"}],"replies":[{"embeddable":true,"href":"https:\/\/www.hotelsilvermilano.com\/es\/wp-json\/wp\/v2\/comments?post=120"}],"version-history":[{"count":0,"href":"https:\/\/www.hotelsilvermilano.com\/es\/wp-json\/wp\/v2\/pages\/120\/revisions"}],"wp:attachment":[{"href":"https:\/\/www.hotelsilvermilano.com\/es\/wp-json\/wp\/v2\/media?parent=120"}],"curies":[{"name":"wp","href":"https:\/\/api.w.org\/{rel}","templated":true}]}}