{"id":126,"date":"2019-03-18T15:26:40","date_gmt":"2019-03-18T15:26:40","guid":{"rendered":"http:\/\/silverhotel.ms.decms.eu\/?page_id=126"},"modified":"2025-10-19T09:20:19","modified_gmt":"2025-10-19T09:20:19","slug":"ferias-y-congresos","status":"publish","type":"page","link":"https:\/\/www.hotelsilvermilano.com\/es\/eventos\/ferias-y-congresos\/","title":{"rendered":"Ferias y Congresos"},"content":{"rendered":"<p>La Fiera di Milano \/ Rho es uno de los centros de exposiciones internacionales m\u00e1s grandes en Europa, donde cada a\u00f1o miles de empresas y profesionales de la industria se re\u00fanen para desarrollar y crear nuevas ideas con el fin de hacer crecer la econom\u00eda mundial.<\/p>\n<p>Situado a pocos minutos de los recintos feriales, Hotel Silver ofrece( by payment) a sus clientes un servicio de transporte. El servicio se puede reservar directamente en el hotel o en el momento de la reserva, disponible durante el per\u00edodo de la feria de 07.00 a 22.30.<\/p>\n<p>&nbsp;<\/p>\n<p id=\"tw-target-text\" class=\"tw-data-text tw-text-large XcVN5d tw-ta\" dir=\"ltr\" data-placeholder=\"Traduzione\"><span lang=\"es\">Clic en el siguiente <a href=\"https:\/\/www.fieramilano.it\/calendario.html\" target=\"_blank\" rel=\"noopener noreferrer\"><u><strong>link<\/strong><\/u><\/a>, puede ver la lista de las pr\u00f3ximas ferias.<\/span><\/p>\n","protected":false},"excerpt":{"rendered":"<p>La Fiera di Milano \/ Rho es uno de los centros de exposiciones internacionales m\u00e1s grandes en Europa, donde cada a\u00f1o miles de empresas y profesionales de la industria se re\u00fanen para desarrollar y crear nuevas ideas con el fin de hacer crecer la econom\u00eda mundial. Situado a pocos minutos de los recintos feriales, Hotel [&hellip;]<\/p>\n","protected":false},"author":13,"featured_media":0,"parent":116,"menu_order":2,"comment_status":"closed","ping_status":"closed","template":"","meta":{"footnotes":""},"class_list":["post-126","page","type-page","status-publish","hentry"],"yoast_head":"<!-- This site is optimized with the Yoast SEO plugin v26.9 - https:\/\/yoast.com\/product\/yoast-seo-wordpress\/ -->\n<title>Ferias y Congresos - Silver Hotel<\/title>\n<meta name=\"robots\" content=\"index, follow, max-snippet:-1, max-image-preview:large, max-video-preview:-1\" \/>\n<link rel=\"canonical\" href=\"https:\/\/www.hotelsilvermilano.com\/es\/eventos\/ferias-y-congresos\/\" \/>\n<meta property=\"og:locale\" content=\"es_ES\" \/>\n<meta property=\"og:type\" content=\"article\" \/>\n<meta property=\"og:title\" content=\"Ferias y Congresos - Silver Hotel\" \/>\n<meta property=\"og:description\" content=\"La Fiera di Milano \/ Rho es uno de los centros de exposiciones internacionales m\u00e1s grandes en Europa, donde cada a\u00f1o miles de empresas y profesionales de la industria se re\u00fanen para desarrollar y crear nuevas ideas con el fin de hacer crecer la econom\u00eda mundial. Situado a pocos minutos de los recintos feriales, Hotel [&hellip;]\" \/>\n<meta property=\"og:url\" content=\"https:\/\/www.hotelsilvermilano.com\/es\/eventos\/ferias-y-congresos\/\" \/>\n<meta property=\"og:site_name\" content=\"Silver Hotel\" \/>\n<meta property=\"article:modified_time\" content=\"2025-10-19T09:20:19+00:00\" \/>\n<meta name=\"twitter:card\" content=\"summary_large_image\" \/>\n<meta name=\"twitter:label1\" content=\"Tiempo de lectura\" \/>\n\t<meta name=\"twitter:data1\" content=\"1 minuto\" \/>\n<script type=\"application\/ld+json\" class=\"yoast-schema-graph\">{\"@context\":\"https:\/\/schema.org\",\"@graph\":[{\"@type\":\"WebPage\",\"@id\":\"https:\/\/www.hotelsilvermilano.com\/es\/eventos\/ferias-y-congresos\/\",\"url\":\"https:\/\/www.hotelsilvermilano.com\/es\/eventos\/ferias-y-congresos\/\",\"name\":\"Ferias y Congresos - Silver Hotel\",\"isPartOf\":{\"@id\":\"https:\/\/www.hotelsilvermilano.com\/es\/#website\"},\"datePublished\":\"2019-03-18T15:26:40+00:00\",\"dateModified\":\"2025-10-19T09:20:19+00:00\",\"breadcrumb\":{\"@id\":\"https:\/\/www.hotelsilvermilano.com\/es\/eventos\/ferias-y-congresos\/#breadcrumb\"},\"inLanguage\":\"es\",\"potentialAction\":[{\"@type\":\"ReadAction\",\"target\":[\"https:\/\/www.hotelsilvermilano.com\/es\/eventos\/ferias-y-congresos\/\"]}]},{\"@type\":\"BreadcrumbList\",\"@id\":\"https:\/\/www.hotelsilvermilano.com\/es\/eventos\/ferias-y-congresos\/#breadcrumb\",\"itemListElement\":[{\"@type\":\"ListItem\",\"position\":1,\"name\":\"Home\",\"item\":\"https:\/\/www.hotelsilvermilano.com\/es\/\"},{\"@type\":\"ListItem\",\"position\":2,\"name\":\"Eventos\",\"item\":\"https:\/\/www.hotelsilvermilano.com\/es\/eventos\/\"},{\"@type\":\"ListItem\",\"position\":3,\"name\":\"Ferias y Congresos\"}]},{\"@type\":\"WebSite\",\"@id\":\"https:\/\/www.hotelsilvermilano.com\/es\/#website\",\"url\":\"https:\/\/www.hotelsilvermilano.com\/es\/\",\"name\":\"Silver Hotel\",\"description\":\"Just another ms.decms.eu site\",\"potentialAction\":[{\"@type\":\"SearchAction\",\"target\":{\"@type\":\"EntryPoint\",\"urlTemplate\":\"https:\/\/www.hotelsilvermilano.com\/es\/?s={search_term_string}\"},\"query-input\":{\"@type\":\"PropertyValueSpecification\",\"valueRequired\":true,\"valueName\":\"search_term_string\"}}],\"inLanguage\":\"es\"}]}<\/script>\n<!-- \/ Yoast SEO plugin. -->","yoast_head_json":{"title":"Ferias y Congresos - Silver Hotel","robots":{"index":"index","follow":"follow","max-snippet":"max-snippet:-1","max-image-preview":"max-image-preview:large","max-video-preview":"max-video-preview:-1"},"canonical":"https:\/\/www.hotelsilvermilano.com\/es\/eventos\/ferias-y-congresos\/","og_locale":"es_ES","og_type":"article","og_title":"Ferias y Congresos - Silver Hotel","og_description":"La Fiera di Milano \/ Rho es uno de los centros de exposiciones internacionales m\u00e1s grandes en Europa, donde cada a\u00f1o miles de empresas y profesionales de la industria se re\u00fanen para desarrollar y crear nuevas ideas con el fin de hacer crecer la econom\u00eda mundial. Situado a pocos minutos de los recintos feriales, Hotel [&hellip;]","og_url":"https:\/\/www.hotelsilvermilano.com\/es\/eventos\/ferias-y-congresos\/","og_site_name":"Silver Hotel","article_modified_time":"2025-10-19T09:20:19+00:00","twitter_card":"summary_large_image","twitter_misc":{"Tiempo de lectura":"1 minuto"},"schema":{"@context":"https:\/\/schema.org","@graph":[{"@type":"WebPage","@id":"https:\/\/www.hotelsilvermilano.com\/es\/eventos\/ferias-y-congresos\/","url":"https:\/\/www.hotelsilvermilano.com\/es\/eventos\/ferias-y-congresos\/","name":"Ferias y Congresos - Silver Hotel","isPartOf":{"@id":"https:\/\/www.hotelsilvermilano.com\/es\/#website"},"datePublished":"2019-03-18T15:26:40+00:00","dateModified":"2025-10-19T09:20:19+00:00","breadcrumb":{"@id":"https:\/\/www.hotelsilvermilano.com\/es\/eventos\/ferias-y-congresos\/#breadcrumb"},"inLanguage":"es","potentialAction":[{"@type":"ReadAction","target":["https:\/\/www.hotelsilvermilano.com\/es\/eventos\/ferias-y-congresos\/"]}]},{"@type":"BreadcrumbList","@id":"https:\/\/www.hotelsilvermilano.com\/es\/eventos\/ferias-y-congresos\/#breadcrumb","itemListElement":[{"@type":"ListItem","position":1,"name":"Home","item":"https:\/\/www.hotelsilvermilano.com\/es\/"},{"@type":"ListItem","position":2,"name":"Eventos","item":"https:\/\/www.hotelsilvermilano.com\/es\/eventos\/"},{"@type":"ListItem","position":3,"name":"Ferias y Congresos"}]},{"@type":"WebSite","@id":"https:\/\/www.hotelsilvermilano.com\/es\/#website","url":"https:\/\/www.hotelsilvermilano.com\/es\/","name":"Silver Hotel","description":"Just another ms.decms.eu site","potentialAction":[{"@type":"SearchAction","target":{"@type":"EntryPoint","urlTemplate":"https:\/\/www.hotelsilvermilano.com\/es\/?s={search_term_string}"},"query-input":{"@type":"PropertyValueSpecification","valueRequired":true,"valueName":"search_term_string"}}],"inLanguage":"es"}]}},"acf":[],"_links":{"self":[{"href":"https:\/\/www.hotelsilvermilano.com\/es\/wp-json\/wp\/v2\/pages\/126","targetHints":{"allow":["GET"]}}],"collection":[{"href":"https:\/\/www.hotelsilvermilano.com\/es\/wp-json\/wp\/v2\/pages"}],"about":[{"href":"https:\/\/www.hotelsilvermilano.com\/es\/wp-json\/wp\/v2\/types\/page"}],"author":[{"embeddable":true,"href":"https:\/\/www.hotelsilvermilano.com\/es\/wp-json\/wp\/v2\/users\/13"}],"replies":[{"embeddable":true,"href":"https:\/\/www.hotelsilvermilano.com\/es\/wp-json\/wp\/v2\/comments?post=126"}],"version-history":[{"count":0,"href":"https:\/\/www.hotelsilvermilano.com\/es\/wp-json\/wp\/v2\/pages\/126\/revisions"}],"up":[{"embeddable":true,"href":"https:\/\/www.hotelsilvermilano.com\/es\/wp-json\/wp\/v2\/pages\/116"}],"wp:attachment":[{"href":"https:\/\/www.hotelsilvermilano.com\/es\/wp-json\/wp\/v2\/media?parent=126"}],"curies":[{"name":"wp","href":"https:\/\/api.w.org\/{rel}","templated":true}]}}