{"id":129,"date":"2019-03-18T15:28:35","date_gmt":"2019-03-18T15:28:35","guid":{"rendered":"http:\/\/silverhotel.ms.decms.eu\/?page_id=129"},"modified":"2019-08-09T09:33:32","modified_gmt":"2019-08-09T09:33:32","slug":"forum-assago","status":"publish","type":"page","link":"https:\/\/www.hotelsilvermilano.com\/es\/eventos\/forum-assago\/","title":{"rendered":"Forum Assago"},"content":{"rendered":"<p>El Mediolanumforum de Assago es un centro polivalente donde se llevan a cabo numerosos eventos deportivos y musicales. Hogar durante a\u00f1os los juegos de casa del equipo de baloncesto Olimpia Milano, el equipo con m\u00e1s t\u00edtulos en Italia.<\/p>\n<p>El Silver Hotel se encuentra a 20 minutos en coche del foro.<\/p>\n<p>Al hacer clic <a href=\"http:\/\/www.mediolanumforum.it\/it\/calendario\/\" target=\"_blank\" rel=\"noopener noreferrer\"><strong>aqu\u00ed<\/strong><\/a>, puede ver la lista de eventos programados.<\/p>\n","protected":false},"excerpt":{"rendered":"<p>El Mediolanumforum de Assago es un centro polivalente donde se llevan a cabo numerosos eventos deportivos y musicales. Hogar durante a\u00f1os los juegos de casa del equipo de baloncesto Olimpia Milano, el equipo con m\u00e1s t\u00edtulos en Italia. El Silver Hotel se encuentra a 20 minutos en coche del foro. Al hacer clic aqu\u00ed, puede [&hellip;]<\/p>\n","protected":false},"author":13,"featured_media":0,"parent":116,"menu_order":3,"comment_status":"closed","ping_status":"closed","template":"","meta":{"footnotes":""},"class_list":["post-129","page","type-page","status-publish","hentry"],"yoast_head":"<!-- This site is optimized with the Yoast SEO plugin v26.9 - https:\/\/yoast.com\/product\/yoast-seo-wordpress\/ -->\n<title>Forum Assago - Silver Hotel<\/title>\n<meta name=\"robots\" content=\"index, follow, max-snippet:-1, max-image-preview:large, max-video-preview:-1\" \/>\n<link rel=\"canonical\" href=\"https:\/\/www.hotelsilvermilano.com\/es\/eventos\/forum-assago\/\" \/>\n<meta property=\"og:locale\" content=\"es_ES\" \/>\n<meta property=\"og:type\" content=\"article\" \/>\n<meta property=\"og:title\" content=\"Forum Assago - Silver Hotel\" \/>\n<meta property=\"og:description\" content=\"El Mediolanumforum de Assago es un centro polivalente donde se llevan a cabo numerosos eventos deportivos y musicales. Hogar durante a\u00f1os los juegos de casa del equipo de baloncesto Olimpia Milano, el equipo con m\u00e1s t\u00edtulos en Italia. El Silver Hotel se encuentra a 20 minutos en coche del foro. Al hacer clic aqu\u00ed, puede [&hellip;]\" \/>\n<meta property=\"og:url\" content=\"https:\/\/www.hotelsilvermilano.com\/es\/eventos\/forum-assago\/\" \/>\n<meta property=\"og:site_name\" content=\"Silver Hotel\" \/>\n<meta property=\"article:modified_time\" content=\"2019-08-09T09:33:32+00:00\" \/>\n<meta name=\"twitter:card\" content=\"summary_large_image\" \/>\n<script type=\"application\/ld+json\" class=\"yoast-schema-graph\">{\"@context\":\"https:\/\/schema.org\",\"@graph\":[{\"@type\":\"WebPage\",\"@id\":\"https:\/\/www.hotelsilvermilano.com\/es\/eventos\/forum-assago\/\",\"url\":\"https:\/\/www.hotelsilvermilano.com\/es\/eventos\/forum-assago\/\",\"name\":\"Forum Assago - Silver Hotel\",\"isPartOf\":{\"@id\":\"https:\/\/www.hotelsilvermilano.com\/es\/#website\"},\"datePublished\":\"2019-03-18T15:28:35+00:00\",\"dateModified\":\"2019-08-09T09:33:32+00:00\",\"breadcrumb\":{\"@id\":\"https:\/\/www.hotelsilvermilano.com\/es\/eventos\/forum-assago\/#breadcrumb\"},\"inLanguage\":\"es\",\"potentialAction\":[{\"@type\":\"ReadAction\",\"target\":[\"https:\/\/www.hotelsilvermilano.com\/es\/eventos\/forum-assago\/\"]}]},{\"@type\":\"BreadcrumbList\",\"@id\":\"https:\/\/www.hotelsilvermilano.com\/es\/eventos\/forum-assago\/#breadcrumb\",\"itemListElement\":[{\"@type\":\"ListItem\",\"position\":1,\"name\":\"Home\",\"item\":\"https:\/\/www.hotelsilvermilano.com\/es\/\"},{\"@type\":\"ListItem\",\"position\":2,\"name\":\"Eventos\",\"item\":\"https:\/\/www.hotelsilvermilano.com\/es\/eventos\/\"},{\"@type\":\"ListItem\",\"position\":3,\"name\":\"Forum Assago\"}]},{\"@type\":\"WebSite\",\"@id\":\"https:\/\/www.hotelsilvermilano.com\/es\/#website\",\"url\":\"https:\/\/www.hotelsilvermilano.com\/es\/\",\"name\":\"Silver Hotel\",\"description\":\"Just another ms.decms.eu site\",\"potentialAction\":[{\"@type\":\"SearchAction\",\"target\":{\"@type\":\"EntryPoint\",\"urlTemplate\":\"https:\/\/www.hotelsilvermilano.com\/es\/?s={search_term_string}\"},\"query-input\":{\"@type\":\"PropertyValueSpecification\",\"valueRequired\":true,\"valueName\":\"search_term_string\"}}],\"inLanguage\":\"es\"}]}<\/script>\n<!-- \/ Yoast SEO plugin. -->","yoast_head_json":{"title":"Forum Assago - Silver Hotel","robots":{"index":"index","follow":"follow","max-snippet":"max-snippet:-1","max-image-preview":"max-image-preview:large","max-video-preview":"max-video-preview:-1"},"canonical":"https:\/\/www.hotelsilvermilano.com\/es\/eventos\/forum-assago\/","og_locale":"es_ES","og_type":"article","og_title":"Forum Assago - Silver Hotel","og_description":"El Mediolanumforum de Assago es un centro polivalente donde se llevan a cabo numerosos eventos deportivos y musicales. Hogar durante a\u00f1os los juegos de casa del equipo de baloncesto Olimpia Milano, el equipo con m\u00e1s t\u00edtulos en Italia. El Silver Hotel se encuentra a 20 minutos en coche del foro. Al hacer clic aqu\u00ed, puede [&hellip;]","og_url":"https:\/\/www.hotelsilvermilano.com\/es\/eventos\/forum-assago\/","og_site_name":"Silver Hotel","article_modified_time":"2019-08-09T09:33:32+00:00","twitter_card":"summary_large_image","schema":{"@context":"https:\/\/schema.org","@graph":[{"@type":"WebPage","@id":"https:\/\/www.hotelsilvermilano.com\/es\/eventos\/forum-assago\/","url":"https:\/\/www.hotelsilvermilano.com\/es\/eventos\/forum-assago\/","name":"Forum Assago - Silver Hotel","isPartOf":{"@id":"https:\/\/www.hotelsilvermilano.com\/es\/#website"},"datePublished":"2019-03-18T15:28:35+00:00","dateModified":"2019-08-09T09:33:32+00:00","breadcrumb":{"@id":"https:\/\/www.hotelsilvermilano.com\/es\/eventos\/forum-assago\/#breadcrumb"},"inLanguage":"es","potentialAction":[{"@type":"ReadAction","target":["https:\/\/www.hotelsilvermilano.com\/es\/eventos\/forum-assago\/"]}]},{"@type":"BreadcrumbList","@id":"https:\/\/www.hotelsilvermilano.com\/es\/eventos\/forum-assago\/#breadcrumb","itemListElement":[{"@type":"ListItem","position":1,"name":"Home","item":"https:\/\/www.hotelsilvermilano.com\/es\/"},{"@type":"ListItem","position":2,"name":"Eventos","item":"https:\/\/www.hotelsilvermilano.com\/es\/eventos\/"},{"@type":"ListItem","position":3,"name":"Forum Assago"}]},{"@type":"WebSite","@id":"https:\/\/www.hotelsilvermilano.com\/es\/#website","url":"https:\/\/www.hotelsilvermilano.com\/es\/","name":"Silver Hotel","description":"Just another ms.decms.eu site","potentialAction":[{"@type":"SearchAction","target":{"@type":"EntryPoint","urlTemplate":"https:\/\/www.hotelsilvermilano.com\/es\/?s={search_term_string}"},"query-input":{"@type":"PropertyValueSpecification","valueRequired":true,"valueName":"search_term_string"}}],"inLanguage":"es"}]}},"acf":[],"_links":{"self":[{"href":"https:\/\/www.hotelsilvermilano.com\/es\/wp-json\/wp\/v2\/pages\/129","targetHints":{"allow":["GET"]}}],"collection":[{"href":"https:\/\/www.hotelsilvermilano.com\/es\/wp-json\/wp\/v2\/pages"}],"about":[{"href":"https:\/\/www.hotelsilvermilano.com\/es\/wp-json\/wp\/v2\/types\/page"}],"author":[{"embeddable":true,"href":"https:\/\/www.hotelsilvermilano.com\/es\/wp-json\/wp\/v2\/users\/13"}],"replies":[{"embeddable":true,"href":"https:\/\/www.hotelsilvermilano.com\/es\/wp-json\/wp\/v2\/comments?post=129"}],"version-history":[{"count":0,"href":"https:\/\/www.hotelsilvermilano.com\/es\/wp-json\/wp\/v2\/pages\/129\/revisions"}],"up":[{"embeddable":true,"href":"https:\/\/www.hotelsilvermilano.com\/es\/wp-json\/wp\/v2\/pages\/116"}],"wp:attachment":[{"href":"https:\/\/www.hotelsilvermilano.com\/es\/wp-json\/wp\/v2\/media?parent=129"}],"curies":[{"name":"wp","href":"https:\/\/api.w.org\/{rel}","templated":true}]}}