{"id":1750,"date":"2021-01-25T18:34:52","date_gmt":"2021-01-25T18:34:52","guid":{"rendered":"https:\/\/www.hotelsilvermilano.com\/?page_id=1750"},"modified":"2023-03-13T18:29:06","modified_gmt":"2023-03-13T18:29:06","slug":"paquete-de-cumpleanos-60-e","status":"publish","type":"page","link":"https:\/\/www.hotelsilvermilano.com\/es\/promociones\/paquete-de-cumpleanos-60-e\/","title":{"rendered":"Paquete de cumplea\u00f1os &#8211; 60 \u20ac"},"content":{"rendered":"<p>&nbsp;<\/p>\n<p id=\"tw-target-text\" class=\"tw-data-text tw-text-large XcVN5d tw-ta\" dir=\"ltr\" data-placeholder=\"Traduzione\"><span lang=\"es\">El paquete incluye: <\/span><\/p>\n<p class=\"tw-data-text tw-text-large XcVN5d tw-ta\" dir=\"ltr\" data-placeholder=\"Traduzione\"><span lang=\"es\">Arreglo rom\u00e1ntico de la habitaci\u00f3n con p\u00e9talos de rosa.<br \/>\n<\/span><span lang=\"es\">Botella de Spumante \/ Prosecco<br \/>\nTortas<br \/>\nConjunto de cortes\u00eda VIP rico<br \/>\n<\/span><\/p>\n<p class=\"tw-data-text tw-text-large XcVN5d tw-ta\" dir=\"ltr\" data-placeholder=\"Traduzione\"><span lang=\"es\">Disponible de lunes a domingo con reserva de al menos 48 horas <\/span><\/p>\n<p class=\"tw-data-text tw-text-large XcVN5d tw-ta\" dir=\"ltr\" data-placeholder=\"Traduzione\"><span lang=\"es\">60,00 \u20ac, precio de la habitaci\u00f3n excluido<\/span><\/p>\n<p style=\"text-align: center\"><a class=\"promobutton\" href=\"https:\/\/www.hotelsilvermilano.com\/es\/contactos\/\" target=\"_blank\" rel=\"noopener\">Solicitud de reserva<\/a><\/p>\n","protected":false},"excerpt":{"rendered":"<p>&nbsp; El paquete incluye: Arreglo rom\u00e1ntico de la habitaci\u00f3n con p\u00e9talos de rosa. Botella de Spumante \/ Prosecco Tortas Conjunto de cortes\u00eda VIP rico Disponible de lunes a domingo con reserva de al menos 48 horas 60,00 \u20ac, precio de la habitaci\u00f3n excluido Solicitud de reserva<\/p>\n","protected":false},"author":68,"featured_media":1745,"parent":736,"menu_order":6,"comment_status":"closed","ping_status":"closed","template":"","meta":{"footnotes":""},"class_list":["post-1750","page","type-page","status-publish","has-post-thumbnail","hentry"],"yoast_head":"<!-- This site is optimized with the Yoast SEO plugin v26.9 - https:\/\/yoast.com\/product\/yoast-seo-wordpress\/ -->\n<title>Paquete de cumplea\u00f1os - 60 \u20ac - Silver Hotel<\/title>\n<meta name=\"robots\" content=\"index, follow, max-snippet:-1, max-image-preview:large, max-video-preview:-1\" \/>\n<link rel=\"canonical\" href=\"https:\/\/www.hotelsilvermilano.com\/es\/promociones\/paquete-de-cumpleanos-60-e\/\" \/>\n<meta property=\"og:locale\" content=\"es_ES\" \/>\n<meta property=\"og:type\" content=\"article\" \/>\n<meta property=\"og:title\" content=\"Paquete de cumplea\u00f1os - 60 \u20ac - Silver Hotel\" \/>\n<meta property=\"og:description\" content=\"&nbsp; El paquete incluye: Arreglo rom\u00e1ntico de la habitaci\u00f3n con p\u00e9talos de rosa. Botella de Spumante \/ Prosecco Tortas Conjunto de cortes\u00eda VIP rico Disponible de lunes a domingo con reserva de al menos 48 horas 60,00 \u20ac, precio de la habitaci\u00f3n excluido Solicitud de reserva\" \/>\n<meta property=\"og:url\" content=\"https:\/\/www.hotelsilvermilano.com\/es\/promociones\/paquete-de-cumpleanos-60-e\/\" \/>\n<meta property=\"og:site_name\" content=\"Silver Hotel\" \/>\n<meta property=\"article:modified_time\" content=\"2023-03-13T18:29:06+00:00\" \/>\n<meta property=\"og:image\" content=\"https:\/\/www.hotelsilvermilano.com\/wp-content\/uploads\/sites\/12\/2021\/01\/happy-birthday-2338813_1920.jpg\" \/>\n\t<meta property=\"og:image:width\" content=\"1800\" \/>\n\t<meta property=\"og:image:height\" content=\"1200\" \/>\n\t<meta property=\"og:image:type\" content=\"image\/jpeg\" \/>\n<meta name=\"twitter:card\" content=\"summary_large_image\" \/>\n<meta name=\"twitter:label1\" content=\"Tiempo de lectura\" \/>\n\t<meta name=\"twitter:data1\" content=\"1 minuto\" \/>\n<script type=\"application\/ld+json\" class=\"yoast-schema-graph\">{\"@context\":\"https:\/\/schema.org\",\"@graph\":[{\"@type\":\"WebPage\",\"@id\":\"https:\/\/www.hotelsilvermilano.com\/es\/promociones\/paquete-de-cumpleanos-60-e\/\",\"url\":\"https:\/\/www.hotelsilvermilano.com\/es\/promociones\/paquete-de-cumpleanos-60-e\/\",\"name\":\"Paquete de cumplea\u00f1os - 60 \u20ac - Silver Hotel\",\"isPartOf\":{\"@id\":\"https:\/\/www.hotelsilvermilano.com\/es\/#website\"},\"primaryImageOfPage\":{\"@id\":\"https:\/\/www.hotelsilvermilano.com\/es\/promociones\/paquete-de-cumpleanos-60-e\/#primaryimage\"},\"image\":{\"@id\":\"https:\/\/www.hotelsilvermilano.com\/es\/promociones\/paquete-de-cumpleanos-60-e\/#primaryimage\"},\"thumbnailUrl\":\"https:\/\/www.hotelsilvermilano.com\/wp-content\/uploads\/sites\/12\/2021\/01\/happy-birthday-2338813_1920.jpg\",\"datePublished\":\"2021-01-25T18:34:52+00:00\",\"dateModified\":\"2023-03-13T18:29:06+00:00\",\"breadcrumb\":{\"@id\":\"https:\/\/www.hotelsilvermilano.com\/es\/promociones\/paquete-de-cumpleanos-60-e\/#breadcrumb\"},\"inLanguage\":\"es\",\"potentialAction\":[{\"@type\":\"ReadAction\",\"target\":[\"https:\/\/www.hotelsilvermilano.com\/es\/promociones\/paquete-de-cumpleanos-60-e\/\"]}]},{\"@type\":\"ImageObject\",\"inLanguage\":\"es\",\"@id\":\"https:\/\/www.hotelsilvermilano.com\/es\/promociones\/paquete-de-cumpleanos-60-e\/#primaryimage\",\"url\":\"https:\/\/www.hotelsilvermilano.com\/wp-content\/uploads\/sites\/12\/2021\/01\/happy-birthday-2338813_1920.jpg\",\"contentUrl\":\"https:\/\/www.hotelsilvermilano.com\/wp-content\/uploads\/sites\/12\/2021\/01\/happy-birthday-2338813_1920.jpg\",\"width\":1800,\"height\":1200,\"caption\":\"Pacchetto compleanno\"},{\"@type\":\"BreadcrumbList\",\"@id\":\"https:\/\/www.hotelsilvermilano.com\/es\/promociones\/paquete-de-cumpleanos-60-e\/#breadcrumb\",\"itemListElement\":[{\"@type\":\"ListItem\",\"position\":1,\"name\":\"Home\",\"item\":\"https:\/\/www.hotelsilvermilano.com\/es\/\"},{\"@type\":\"ListItem\",\"position\":2,\"name\":\"Promociones\",\"item\":\"https:\/\/www.hotelsilvermilano.com\/es\/promociones\/\"},{\"@type\":\"ListItem\",\"position\":3,\"name\":\"Paquete de cumplea\u00f1os &#8211; 60 \u20ac\"}]},{\"@type\":\"WebSite\",\"@id\":\"https:\/\/www.hotelsilvermilano.com\/es\/#website\",\"url\":\"https:\/\/www.hotelsilvermilano.com\/es\/\",\"name\":\"Silver Hotel\",\"description\":\"Just another ms.decms.eu site\",\"potentialAction\":[{\"@type\":\"SearchAction\",\"target\":{\"@type\":\"EntryPoint\",\"urlTemplate\":\"https:\/\/www.hotelsilvermilano.com\/es\/?s={search_term_string}\"},\"query-input\":{\"@type\":\"PropertyValueSpecification\",\"valueRequired\":true,\"valueName\":\"search_term_string\"}}],\"inLanguage\":\"es\"}]}<\/script>\n<!-- \/ Yoast SEO plugin. -->","yoast_head_json":{"title":"Paquete de cumplea\u00f1os - 60 \u20ac - Silver Hotel","robots":{"index":"index","follow":"follow","max-snippet":"max-snippet:-1","max-image-preview":"max-image-preview:large","max-video-preview":"max-video-preview:-1"},"canonical":"https:\/\/www.hotelsilvermilano.com\/es\/promociones\/paquete-de-cumpleanos-60-e\/","og_locale":"es_ES","og_type":"article","og_title":"Paquete de cumplea\u00f1os - 60 \u20ac - Silver Hotel","og_description":"&nbsp; El paquete incluye: Arreglo rom\u00e1ntico de la habitaci\u00f3n con p\u00e9talos de rosa. Botella de Spumante \/ Prosecco Tortas Conjunto de cortes\u00eda VIP rico Disponible de lunes a domingo con reserva de al menos 48 horas 60,00 \u20ac, precio de la habitaci\u00f3n excluido Solicitud de reserva","og_url":"https:\/\/www.hotelsilvermilano.com\/es\/promociones\/paquete-de-cumpleanos-60-e\/","og_site_name":"Silver Hotel","article_modified_time":"2023-03-13T18:29:06+00:00","og_image":[{"width":1800,"height":1200,"url":"https:\/\/www.hotelsilvermilano.com\/wp-content\/uploads\/sites\/12\/2021\/01\/happy-birthday-2338813_1920.jpg","type":"image\/jpeg"}],"twitter_card":"summary_large_image","twitter_misc":{"Tiempo de lectura":"1 minuto"},"schema":{"@context":"https:\/\/schema.org","@graph":[{"@type":"WebPage","@id":"https:\/\/www.hotelsilvermilano.com\/es\/promociones\/paquete-de-cumpleanos-60-e\/","url":"https:\/\/www.hotelsilvermilano.com\/es\/promociones\/paquete-de-cumpleanos-60-e\/","name":"Paquete de cumplea\u00f1os - 60 \u20ac - Silver Hotel","isPartOf":{"@id":"https:\/\/www.hotelsilvermilano.com\/es\/#website"},"primaryImageOfPage":{"@id":"https:\/\/www.hotelsilvermilano.com\/es\/promociones\/paquete-de-cumpleanos-60-e\/#primaryimage"},"image":{"@id":"https:\/\/www.hotelsilvermilano.com\/es\/promociones\/paquete-de-cumpleanos-60-e\/#primaryimage"},"thumbnailUrl":"https:\/\/www.hotelsilvermilano.com\/wp-content\/uploads\/sites\/12\/2021\/01\/happy-birthday-2338813_1920.jpg","datePublished":"2021-01-25T18:34:52+00:00","dateModified":"2023-03-13T18:29:06+00:00","breadcrumb":{"@id":"https:\/\/www.hotelsilvermilano.com\/es\/promociones\/paquete-de-cumpleanos-60-e\/#breadcrumb"},"inLanguage":"es","potentialAction":[{"@type":"ReadAction","target":["https:\/\/www.hotelsilvermilano.com\/es\/promociones\/paquete-de-cumpleanos-60-e\/"]}]},{"@type":"ImageObject","inLanguage":"es","@id":"https:\/\/www.hotelsilvermilano.com\/es\/promociones\/paquete-de-cumpleanos-60-e\/#primaryimage","url":"https:\/\/www.hotelsilvermilano.com\/wp-content\/uploads\/sites\/12\/2021\/01\/happy-birthday-2338813_1920.jpg","contentUrl":"https:\/\/www.hotelsilvermilano.com\/wp-content\/uploads\/sites\/12\/2021\/01\/happy-birthday-2338813_1920.jpg","width":1800,"height":1200,"caption":"Pacchetto compleanno"},{"@type":"BreadcrumbList","@id":"https:\/\/www.hotelsilvermilano.com\/es\/promociones\/paquete-de-cumpleanos-60-e\/#breadcrumb","itemListElement":[{"@type":"ListItem","position":1,"name":"Home","item":"https:\/\/www.hotelsilvermilano.com\/es\/"},{"@type":"ListItem","position":2,"name":"Promociones","item":"https:\/\/www.hotelsilvermilano.com\/es\/promociones\/"},{"@type":"ListItem","position":3,"name":"Paquete de cumplea\u00f1os &#8211; 60 \u20ac"}]},{"@type":"WebSite","@id":"https:\/\/www.hotelsilvermilano.com\/es\/#website","url":"https:\/\/www.hotelsilvermilano.com\/es\/","name":"Silver Hotel","description":"Just another ms.decms.eu site","potentialAction":[{"@type":"SearchAction","target":{"@type":"EntryPoint","urlTemplate":"https:\/\/www.hotelsilvermilano.com\/es\/?s={search_term_string}"},"query-input":{"@type":"PropertyValueSpecification","valueRequired":true,"valueName":"search_term_string"}}],"inLanguage":"es"}]}},"acf":[],"_links":{"self":[{"href":"https:\/\/www.hotelsilvermilano.com\/es\/wp-json\/wp\/v2\/pages\/1750","targetHints":{"allow":["GET"]}}],"collection":[{"href":"https:\/\/www.hotelsilvermilano.com\/es\/wp-json\/wp\/v2\/pages"}],"about":[{"href":"https:\/\/www.hotelsilvermilano.com\/es\/wp-json\/wp\/v2\/types\/page"}],"author":[{"embeddable":true,"href":"https:\/\/www.hotelsilvermilano.com\/es\/wp-json\/wp\/v2\/users\/68"}],"replies":[{"embeddable":true,"href":"https:\/\/www.hotelsilvermilano.com\/es\/wp-json\/wp\/v2\/comments?post=1750"}],"version-history":[{"count":0,"href":"https:\/\/www.hotelsilvermilano.com\/es\/wp-json\/wp\/v2\/pages\/1750\/revisions"}],"up":[{"embeddable":true,"href":"https:\/\/www.hotelsilvermilano.com\/es\/wp-json\/wp\/v2\/pages\/736"}],"wp:featuredmedia":[{"embeddable":true,"href":"https:\/\/www.hotelsilvermilano.com\/es\/wp-json\/wp\/v2\/media\/1745"}],"wp:attachment":[{"href":"https:\/\/www.hotelsilvermilano.com\/es\/wp-json\/wp\/v2\/media?parent=1750"}],"curies":[{"name":"wp","href":"https:\/\/api.w.org\/{rel}","templated":true}]}}