{"id":1760,"date":"2021-01-25T19:33:13","date_gmt":"2021-01-25T19:33:13","guid":{"rendered":"https:\/\/www.hotelsilvermilano.com\/?page_id=1760"},"modified":"2023-03-13T16:10:54","modified_gmt":"2023-03-13T16:10:54","slug":"relax-delicias","status":"publish","type":"page","link":"https:\/\/www.hotelsilvermilano.com\/es\/promociones\/relax-delicias\/","title":{"rendered":"Relax &amp; Delicias"},"content":{"rendered":"<p id=\"tw-target-text\" class=\"tw-data-text tw-text-large XcVN5d tw-ta\" dir=\"ltr\" data-placeholder=\"Traduzione\"><span lang=\"es\">Servicio para 2 personas: <\/span><\/p>\n<p class=\"tw-data-text tw-text-large XcVN5d tw-ta\" dir=\"ltr\" data-placeholder=\"Traduzione\"><span lang=\"es\">&#8211; 1 noche en habitaci\u00f3n cl\u00e1sica con jacuzzi<br \/>\n<\/span><span lang=\"es\">&#8211; 1 desayuno buffet para dos personas<br \/>\n&#8211; Estacionamento gratis<br \/>\n&#8211; 1 cena exclusiva para dos personas (2 platos, bebidas no incluidas)<br \/>\n&#8211; Servicio gratuito de traslado de ida y vuelta desde el hotel a la estaci\u00f3n de metro m\u00e1s cercana: la estaci\u00f3n Bisceglie <\/span><\/p>\n<p class=\"tw-data-text tw-text-large XcVN5d tw-ta\" dir=\"ltr\" data-placeholder=\"Traduzione\"><span lang=\"es\">Precio venta: 199,00 \u20ac<\/span><\/p>\n<p style=\"text-align: center\"><a class=\"promobutton\" href=\"https:\/\/www.hotelsilvermilano.com\/es\/contactos\/\" target=\"_blank\" rel=\"noopener\">Solicitud de reserva<\/a><\/p>\n","protected":false},"excerpt":{"rendered":"<p>Servicio para 2 personas: &#8211; 1 noche en habitaci\u00f3n cl\u00e1sica con jacuzzi &#8211; 1 desayuno buffet para dos personas &#8211; Estacionamento gratis &#8211; 1 cena exclusiva para dos personas (2 platos, bebidas no incluidas) &#8211; Servicio gratuito de traslado de ida y vuelta desde el hotel a la estaci\u00f3n de metro m\u00e1s cercana: la estaci\u00f3n [&hellip;]<\/p>\n","protected":false},"author":68,"featured_media":1754,"parent":736,"menu_order":2,"comment_status":"closed","ping_status":"closed","template":"","meta":{"footnotes":""},"class_list":["post-1760","page","type-page","status-publish","has-post-thumbnail","hentry"],"yoast_head":"<!-- This site is optimized with the Yoast SEO plugin v26.9 - https:\/\/yoast.com\/product\/yoast-seo-wordpress\/ -->\n<title>Relax &amp; Delicias - Silver Hotel<\/title>\n<meta name=\"robots\" content=\"index, follow, max-snippet:-1, max-image-preview:large, max-video-preview:-1\" \/>\n<link rel=\"canonical\" href=\"https:\/\/www.hotelsilvermilano.com\/es\/promociones\/relax-delicias\/\" \/>\n<meta property=\"og:locale\" content=\"es_ES\" \/>\n<meta property=\"og:type\" content=\"article\" \/>\n<meta property=\"og:title\" content=\"Relax &amp; Delicias - Silver Hotel\" \/>\n<meta property=\"og:description\" content=\"Servicio para 2 personas: &#8211; 1 noche en habitaci\u00f3n cl\u00e1sica con jacuzzi &#8211; 1 desayuno buffet para dos personas &#8211; Estacionamento gratis &#8211; 1 cena exclusiva para dos personas (2 platos, bebidas no incluidas) &#8211; Servicio gratuito de traslado de ida y vuelta desde el hotel a la estaci\u00f3n de metro m\u00e1s cercana: la estaci\u00f3n [&hellip;]\" \/>\n<meta property=\"og:url\" content=\"https:\/\/www.hotelsilvermilano.com\/es\/promociones\/relax-delicias\/\" \/>\n<meta property=\"og:site_name\" content=\"Silver Hotel\" \/>\n<meta property=\"article:modified_time\" content=\"2023-03-13T16:10:54+00:00\" \/>\n<meta property=\"og:image\" content=\"https:\/\/www.hotelsilvermilano.com\/wp-content\/uploads\/sites\/12\/2021\/01\/dish-918613_1920.jpg\" \/>\n\t<meta property=\"og:image:width\" content=\"1800\" \/>\n\t<meta property=\"og:image:height\" content=\"1200\" \/>\n\t<meta property=\"og:image:type\" content=\"image\/jpeg\" \/>\n<meta name=\"twitter:card\" content=\"summary_large_image\" \/>\n<meta name=\"twitter:label1\" content=\"Tiempo de lectura\" \/>\n\t<meta name=\"twitter:data1\" content=\"1 minuto\" \/>\n<script type=\"application\/ld+json\" class=\"yoast-schema-graph\">{\"@context\":\"https:\/\/schema.org\",\"@graph\":[{\"@type\":\"WebPage\",\"@id\":\"https:\/\/www.hotelsilvermilano.com\/es\/promociones\/relax-delicias\/\",\"url\":\"https:\/\/www.hotelsilvermilano.com\/es\/promociones\/relax-delicias\/\",\"name\":\"Relax &amp; Delicias - Silver Hotel\",\"isPartOf\":{\"@id\":\"https:\/\/www.hotelsilvermilano.com\/es\/#website\"},\"primaryImageOfPage\":{\"@id\":\"https:\/\/www.hotelsilvermilano.com\/es\/promociones\/relax-delicias\/#primaryimage\"},\"image\":{\"@id\":\"https:\/\/www.hotelsilvermilano.com\/es\/promociones\/relax-delicias\/#primaryimage\"},\"thumbnailUrl\":\"https:\/\/www.hotelsilvermilano.com\/wp-content\/uploads\/sites\/12\/2021\/01\/dish-918613_1920.jpg\",\"datePublished\":\"2021-01-25T19:33:13+00:00\",\"dateModified\":\"2023-03-13T16:10:54+00:00\",\"breadcrumb\":{\"@id\":\"https:\/\/www.hotelsilvermilano.com\/es\/promociones\/relax-delicias\/#breadcrumb\"},\"inLanguage\":\"es\",\"potentialAction\":[{\"@type\":\"ReadAction\",\"target\":[\"https:\/\/www.hotelsilvermilano.com\/es\/promociones\/relax-delicias\/\"]}]},{\"@type\":\"ImageObject\",\"inLanguage\":\"es\",\"@id\":\"https:\/\/www.hotelsilvermilano.com\/es\/promociones\/relax-delicias\/#primaryimage\",\"url\":\"https:\/\/www.hotelsilvermilano.com\/wp-content\/uploads\/sites\/12\/2021\/01\/dish-918613_1920.jpg\",\"contentUrl\":\"https:\/\/www.hotelsilvermilano.com\/wp-content\/uploads\/sites\/12\/2021\/01\/dish-918613_1920.jpg\",\"width\":1800,\"height\":1200,\"caption\":\"Relax e sapori\"},{\"@type\":\"BreadcrumbList\",\"@id\":\"https:\/\/www.hotelsilvermilano.com\/es\/promociones\/relax-delicias\/#breadcrumb\",\"itemListElement\":[{\"@type\":\"ListItem\",\"position\":1,\"name\":\"Home\",\"item\":\"https:\/\/www.hotelsilvermilano.com\/es\/\"},{\"@type\":\"ListItem\",\"position\":2,\"name\":\"Promociones\",\"item\":\"https:\/\/www.hotelsilvermilano.com\/es\/promociones\/\"},{\"@type\":\"ListItem\",\"position\":3,\"name\":\"Relax &amp; Delicias\"}]},{\"@type\":\"WebSite\",\"@id\":\"https:\/\/www.hotelsilvermilano.com\/es\/#website\",\"url\":\"https:\/\/www.hotelsilvermilano.com\/es\/\",\"name\":\"Silver Hotel\",\"description\":\"Just another ms.decms.eu site\",\"potentialAction\":[{\"@type\":\"SearchAction\",\"target\":{\"@type\":\"EntryPoint\",\"urlTemplate\":\"https:\/\/www.hotelsilvermilano.com\/es\/?s={search_term_string}\"},\"query-input\":{\"@type\":\"PropertyValueSpecification\",\"valueRequired\":true,\"valueName\":\"search_term_string\"}}],\"inLanguage\":\"es\"}]}<\/script>\n<!-- \/ Yoast SEO plugin. -->","yoast_head_json":{"title":"Relax &amp; Delicias - Silver Hotel","robots":{"index":"index","follow":"follow","max-snippet":"max-snippet:-1","max-image-preview":"max-image-preview:large","max-video-preview":"max-video-preview:-1"},"canonical":"https:\/\/www.hotelsilvermilano.com\/es\/promociones\/relax-delicias\/","og_locale":"es_ES","og_type":"article","og_title":"Relax &amp; Delicias - Silver Hotel","og_description":"Servicio para 2 personas: &#8211; 1 noche en habitaci\u00f3n cl\u00e1sica con jacuzzi &#8211; 1 desayuno buffet para dos personas &#8211; Estacionamento gratis &#8211; 1 cena exclusiva para dos personas (2 platos, bebidas no incluidas) &#8211; Servicio gratuito de traslado de ida y vuelta desde el hotel a la estaci\u00f3n de metro m\u00e1s cercana: la estaci\u00f3n [&hellip;]","og_url":"https:\/\/www.hotelsilvermilano.com\/es\/promociones\/relax-delicias\/","og_site_name":"Silver Hotel","article_modified_time":"2023-03-13T16:10:54+00:00","og_image":[{"width":1800,"height":1200,"url":"https:\/\/www.hotelsilvermilano.com\/wp-content\/uploads\/sites\/12\/2021\/01\/dish-918613_1920.jpg","type":"image\/jpeg"}],"twitter_card":"summary_large_image","twitter_misc":{"Tiempo de lectura":"1 minuto"},"schema":{"@context":"https:\/\/schema.org","@graph":[{"@type":"WebPage","@id":"https:\/\/www.hotelsilvermilano.com\/es\/promociones\/relax-delicias\/","url":"https:\/\/www.hotelsilvermilano.com\/es\/promociones\/relax-delicias\/","name":"Relax &amp; Delicias - Silver Hotel","isPartOf":{"@id":"https:\/\/www.hotelsilvermilano.com\/es\/#website"},"primaryImageOfPage":{"@id":"https:\/\/www.hotelsilvermilano.com\/es\/promociones\/relax-delicias\/#primaryimage"},"image":{"@id":"https:\/\/www.hotelsilvermilano.com\/es\/promociones\/relax-delicias\/#primaryimage"},"thumbnailUrl":"https:\/\/www.hotelsilvermilano.com\/wp-content\/uploads\/sites\/12\/2021\/01\/dish-918613_1920.jpg","datePublished":"2021-01-25T19:33:13+00:00","dateModified":"2023-03-13T16:10:54+00:00","breadcrumb":{"@id":"https:\/\/www.hotelsilvermilano.com\/es\/promociones\/relax-delicias\/#breadcrumb"},"inLanguage":"es","potentialAction":[{"@type":"ReadAction","target":["https:\/\/www.hotelsilvermilano.com\/es\/promociones\/relax-delicias\/"]}]},{"@type":"ImageObject","inLanguage":"es","@id":"https:\/\/www.hotelsilvermilano.com\/es\/promociones\/relax-delicias\/#primaryimage","url":"https:\/\/www.hotelsilvermilano.com\/wp-content\/uploads\/sites\/12\/2021\/01\/dish-918613_1920.jpg","contentUrl":"https:\/\/www.hotelsilvermilano.com\/wp-content\/uploads\/sites\/12\/2021\/01\/dish-918613_1920.jpg","width":1800,"height":1200,"caption":"Relax e sapori"},{"@type":"BreadcrumbList","@id":"https:\/\/www.hotelsilvermilano.com\/es\/promociones\/relax-delicias\/#breadcrumb","itemListElement":[{"@type":"ListItem","position":1,"name":"Home","item":"https:\/\/www.hotelsilvermilano.com\/es\/"},{"@type":"ListItem","position":2,"name":"Promociones","item":"https:\/\/www.hotelsilvermilano.com\/es\/promociones\/"},{"@type":"ListItem","position":3,"name":"Relax &amp; Delicias"}]},{"@type":"WebSite","@id":"https:\/\/www.hotelsilvermilano.com\/es\/#website","url":"https:\/\/www.hotelsilvermilano.com\/es\/","name":"Silver Hotel","description":"Just another ms.decms.eu site","potentialAction":[{"@type":"SearchAction","target":{"@type":"EntryPoint","urlTemplate":"https:\/\/www.hotelsilvermilano.com\/es\/?s={search_term_string}"},"query-input":{"@type":"PropertyValueSpecification","valueRequired":true,"valueName":"search_term_string"}}],"inLanguage":"es"}]}},"acf":[],"_links":{"self":[{"href":"https:\/\/www.hotelsilvermilano.com\/es\/wp-json\/wp\/v2\/pages\/1760","targetHints":{"allow":["GET"]}}],"collection":[{"href":"https:\/\/www.hotelsilvermilano.com\/es\/wp-json\/wp\/v2\/pages"}],"about":[{"href":"https:\/\/www.hotelsilvermilano.com\/es\/wp-json\/wp\/v2\/types\/page"}],"author":[{"embeddable":true,"href":"https:\/\/www.hotelsilvermilano.com\/es\/wp-json\/wp\/v2\/users\/68"}],"replies":[{"embeddable":true,"href":"https:\/\/www.hotelsilvermilano.com\/es\/wp-json\/wp\/v2\/comments?post=1760"}],"version-history":[{"count":0,"href":"https:\/\/www.hotelsilvermilano.com\/es\/wp-json\/wp\/v2\/pages\/1760\/revisions"}],"up":[{"embeddable":true,"href":"https:\/\/www.hotelsilvermilano.com\/es\/wp-json\/wp\/v2\/pages\/736"}],"wp:featuredmedia":[{"embeddable":true,"href":"https:\/\/www.hotelsilvermilano.com\/es\/wp-json\/wp\/v2\/media\/1754"}],"wp:attachment":[{"href":"https:\/\/www.hotelsilvermilano.com\/es\/wp-json\/wp\/v2\/media?parent=1760"}],"curies":[{"name":"wp","href":"https:\/\/api.w.org\/{rel}","templated":true}]}}