{"id":752,"date":"2019-05-31T08:06:27","date_gmt":"2019-05-31T08:06:27","guid":{"rendered":"http:\/\/silverhotel.ms.decms.eu\/?page_id=752"},"modified":"2023-03-13T17:13:06","modified_gmt":"2023-03-13T17:13:06","slug":"viaje-de-amour-para-dos","status":"publish","type":"page","link":"https:\/\/www.hotelsilvermilano.com\/es\/promociones\/viaje-de-amour-para-dos\/","title":{"rendered":"Viaje de amour para dos"},"content":{"rendered":"<p><strong>Puro Romanticismo<\/strong><\/p>\n<p>Paquete para 2 personas:<\/p>\n<p>&#8211; 1 noche en suite san pietroburgo<br \/>\n&#8211; 1 cena rom\u00e1ntica para dos personas (2 platos sin incluir bebidas)<br \/>\n&#8211; 1 desayuno para dos personas<br \/>\n&#8211; Estacionamento gratis<br \/>\n&#8211; El servicio de transporte desde \/ hasta el acceso del hotel a la estaci\u00f3n de metro m\u00e1s cercana &#8211; Estaci\u00f3n Bisceglie<\/p>\n<p><strong>Precio de venta: 250\u20ac<\/strong><\/p>\n<p style=\"text-align: center\"><a class=\"promobutton\" href=\"https:\/\/www.hotelsilvermilano.com\/es\/contactos\/\" target=\"_blank\" rel=\"noopener\">Solicitud de reserva<\/a><\/p>\n","protected":false},"excerpt":{"rendered":"<p>Puro Romanticismo Paquete para 2 personas: &#8211; 1 noche en suite san pietroburgo &#8211; 1 cena rom\u00e1ntica para dos personas (2 platos sin incluir bebidas) &#8211; 1 desayuno para dos personas &#8211; Estacionamento gratis &#8211; El servicio de transporte desde \/ hasta el acceso del hotel a la estaci\u00f3n de metro m\u00e1s cercana &#8211; Estaci\u00f3n [&hellip;]<\/p>\n","protected":false},"author":13,"featured_media":0,"parent":736,"menu_order":4,"comment_status":"closed","ping_status":"closed","template":"","meta":{"footnotes":""},"class_list":["post-752","page","type-page","status-publish","hentry"],"yoast_head":"<!-- This site is optimized with the Yoast SEO plugin v26.9 - https:\/\/yoast.com\/product\/yoast-seo-wordpress\/ -->\n<title>Viaje de amour para dos - Silver Hotel<\/title>\n<meta name=\"robots\" content=\"index, follow, max-snippet:-1, max-image-preview:large, max-video-preview:-1\" \/>\n<link rel=\"canonical\" href=\"https:\/\/www.hotelsilvermilano.com\/es\/promociones\/viaje-de-amour-para-dos\/\" \/>\n<meta property=\"og:locale\" content=\"es_ES\" \/>\n<meta property=\"og:type\" content=\"article\" \/>\n<meta property=\"og:title\" content=\"Viaje de amour para dos - Silver Hotel\" \/>\n<meta property=\"og:description\" content=\"Puro Romanticismo Paquete para 2 personas: &#8211; 1 noche en suite san pietroburgo &#8211; 1 cena rom\u00e1ntica para dos personas (2 platos sin incluir bebidas) &#8211; 1 desayuno para dos personas &#8211; Estacionamento gratis &#8211; El servicio de transporte desde \/ hasta el acceso del hotel a la estaci\u00f3n de metro m\u00e1s cercana &#8211; Estaci\u00f3n [&hellip;]\" \/>\n<meta property=\"og:url\" content=\"https:\/\/www.hotelsilvermilano.com\/es\/promociones\/viaje-de-amour-para-dos\/\" \/>\n<meta property=\"og:site_name\" content=\"Silver Hotel\" \/>\n<meta property=\"article:modified_time\" content=\"2023-03-13T17:13:06+00:00\" \/>\n<meta name=\"twitter:card\" content=\"summary_large_image\" \/>\n<meta name=\"twitter:label1\" content=\"Tiempo de lectura\" \/>\n\t<meta name=\"twitter:data1\" content=\"1 minuto\" \/>\n<script type=\"application\/ld+json\" class=\"yoast-schema-graph\">{\"@context\":\"https:\/\/schema.org\",\"@graph\":[{\"@type\":\"WebPage\",\"@id\":\"https:\/\/www.hotelsilvermilano.com\/es\/promociones\/viaje-de-amour-para-dos\/\",\"url\":\"https:\/\/www.hotelsilvermilano.com\/es\/promociones\/viaje-de-amour-para-dos\/\",\"name\":\"Viaje de amour para dos - Silver Hotel\",\"isPartOf\":{\"@id\":\"https:\/\/www.hotelsilvermilano.com\/es\/#website\"},\"datePublished\":\"2019-05-31T08:06:27+00:00\",\"dateModified\":\"2023-03-13T17:13:06+00:00\",\"breadcrumb\":{\"@id\":\"https:\/\/www.hotelsilvermilano.com\/es\/promociones\/viaje-de-amour-para-dos\/#breadcrumb\"},\"inLanguage\":\"es\",\"potentialAction\":[{\"@type\":\"ReadAction\",\"target\":[\"https:\/\/www.hotelsilvermilano.com\/es\/promociones\/viaje-de-amour-para-dos\/\"]}]},{\"@type\":\"BreadcrumbList\",\"@id\":\"https:\/\/www.hotelsilvermilano.com\/es\/promociones\/viaje-de-amour-para-dos\/#breadcrumb\",\"itemListElement\":[{\"@type\":\"ListItem\",\"position\":1,\"name\":\"Home\",\"item\":\"https:\/\/www.hotelsilvermilano.com\/es\/\"},{\"@type\":\"ListItem\",\"position\":2,\"name\":\"Promociones\",\"item\":\"https:\/\/www.hotelsilvermilano.com\/es\/promociones\/\"},{\"@type\":\"ListItem\",\"position\":3,\"name\":\"Viaje de amour para dos\"}]},{\"@type\":\"WebSite\",\"@id\":\"https:\/\/www.hotelsilvermilano.com\/es\/#website\",\"url\":\"https:\/\/www.hotelsilvermilano.com\/es\/\",\"name\":\"Silver Hotel\",\"description\":\"Just another ms.decms.eu site\",\"potentialAction\":[{\"@type\":\"SearchAction\",\"target\":{\"@type\":\"EntryPoint\",\"urlTemplate\":\"https:\/\/www.hotelsilvermilano.com\/es\/?s={search_term_string}\"},\"query-input\":{\"@type\":\"PropertyValueSpecification\",\"valueRequired\":true,\"valueName\":\"search_term_string\"}}],\"inLanguage\":\"es\"}]}<\/script>\n<!-- \/ Yoast SEO plugin. -->","yoast_head_json":{"title":"Viaje de amour para dos - Silver Hotel","robots":{"index":"index","follow":"follow","max-snippet":"max-snippet:-1","max-image-preview":"max-image-preview:large","max-video-preview":"max-video-preview:-1"},"canonical":"https:\/\/www.hotelsilvermilano.com\/es\/promociones\/viaje-de-amour-para-dos\/","og_locale":"es_ES","og_type":"article","og_title":"Viaje de amour para dos - Silver Hotel","og_description":"Puro Romanticismo Paquete para 2 personas: &#8211; 1 noche en suite san pietroburgo &#8211; 1 cena rom\u00e1ntica para dos personas (2 platos sin incluir bebidas) &#8211; 1 desayuno para dos personas &#8211; Estacionamento gratis &#8211; El servicio de transporte desde \/ hasta el acceso del hotel a la estaci\u00f3n de metro m\u00e1s cercana &#8211; Estaci\u00f3n [&hellip;]","og_url":"https:\/\/www.hotelsilvermilano.com\/es\/promociones\/viaje-de-amour-para-dos\/","og_site_name":"Silver Hotel","article_modified_time":"2023-03-13T17:13:06+00:00","twitter_card":"summary_large_image","twitter_misc":{"Tiempo de lectura":"1 minuto"},"schema":{"@context":"https:\/\/schema.org","@graph":[{"@type":"WebPage","@id":"https:\/\/www.hotelsilvermilano.com\/es\/promociones\/viaje-de-amour-para-dos\/","url":"https:\/\/www.hotelsilvermilano.com\/es\/promociones\/viaje-de-amour-para-dos\/","name":"Viaje de amour para dos - Silver Hotel","isPartOf":{"@id":"https:\/\/www.hotelsilvermilano.com\/es\/#website"},"datePublished":"2019-05-31T08:06:27+00:00","dateModified":"2023-03-13T17:13:06+00:00","breadcrumb":{"@id":"https:\/\/www.hotelsilvermilano.com\/es\/promociones\/viaje-de-amour-para-dos\/#breadcrumb"},"inLanguage":"es","potentialAction":[{"@type":"ReadAction","target":["https:\/\/www.hotelsilvermilano.com\/es\/promociones\/viaje-de-amour-para-dos\/"]}]},{"@type":"BreadcrumbList","@id":"https:\/\/www.hotelsilvermilano.com\/es\/promociones\/viaje-de-amour-para-dos\/#breadcrumb","itemListElement":[{"@type":"ListItem","position":1,"name":"Home","item":"https:\/\/www.hotelsilvermilano.com\/es\/"},{"@type":"ListItem","position":2,"name":"Promociones","item":"https:\/\/www.hotelsilvermilano.com\/es\/promociones\/"},{"@type":"ListItem","position":3,"name":"Viaje de amour para dos"}]},{"@type":"WebSite","@id":"https:\/\/www.hotelsilvermilano.com\/es\/#website","url":"https:\/\/www.hotelsilvermilano.com\/es\/","name":"Silver Hotel","description":"Just another ms.decms.eu site","potentialAction":[{"@type":"SearchAction","target":{"@type":"EntryPoint","urlTemplate":"https:\/\/www.hotelsilvermilano.com\/es\/?s={search_term_string}"},"query-input":{"@type":"PropertyValueSpecification","valueRequired":true,"valueName":"search_term_string"}}],"inLanguage":"es"}]}},"acf":[],"_links":{"self":[{"href":"https:\/\/www.hotelsilvermilano.com\/es\/wp-json\/wp\/v2\/pages\/752","targetHints":{"allow":["GET"]}}],"collection":[{"href":"https:\/\/www.hotelsilvermilano.com\/es\/wp-json\/wp\/v2\/pages"}],"about":[{"href":"https:\/\/www.hotelsilvermilano.com\/es\/wp-json\/wp\/v2\/types\/page"}],"author":[{"embeddable":true,"href":"https:\/\/www.hotelsilvermilano.com\/es\/wp-json\/wp\/v2\/users\/13"}],"replies":[{"embeddable":true,"href":"https:\/\/www.hotelsilvermilano.com\/es\/wp-json\/wp\/v2\/comments?post=752"}],"version-history":[{"count":0,"href":"https:\/\/www.hotelsilvermilano.com\/es\/wp-json\/wp\/v2\/pages\/752\/revisions"}],"up":[{"embeddable":true,"href":"https:\/\/www.hotelsilvermilano.com\/es\/wp-json\/wp\/v2\/pages\/736"}],"wp:attachment":[{"href":"https:\/\/www.hotelsilvermilano.com\/es\/wp-json\/wp\/v2\/media?parent=752"}],"curies":[{"name":"wp","href":"https:\/\/api.w.org\/{rel}","templated":true}]}}