{"id":82,"date":"2019-03-18T14:51:16","date_gmt":"2019-03-18T14:51:16","guid":{"rendered":"http:\/\/silverhotel.ms.decms.eu\/?page_id=82"},"modified":"2020-05-22T09:16:36","modified_gmt":"2020-05-22T09:16:36","slug":"doble-uso-individual","status":"publish","type":"page","link":"https:\/\/www.hotelsilvermilano.com\/es\/habitaciones\/doble-uso-individual\/","title":{"rendered":"Doble Uso Individual"},"content":{"rendered":"<p id=\"tw-target-text\" class=\"tw-data-text tw-text-large XcVN5d tw-ta\" dir=\"ltr\" data-placeholder=\"Traduzione\"><span lang=\"es\">En perfecto equilibrio entre elegancia y funcionalidad, cada ambiente recuerda la est\u00e9tica del hotel. <\/span><\/p>\n<p class=\"tw-data-text tw-text-large XcVN5d tw-ta\" dir=\"ltr\" data-placeholder=\"Traduzione\"><span lang=\"es\">El juego de luces y los colores c\u00e1lidos de la madera enmarcan las camas grandes y ergon\u00f3micas. El ba\u00f1o tiene una ba\u00f1era doble cubierta con mosaicos, ideal para relajarse despu\u00e9s de un largo d\u00eda de trabajo y compras. <\/span><\/p>\n<p class=\"tw-data-text tw-text-large XcVN5d tw-ta\" dir=\"ltr\" data-placeholder=\"Traduzione\"><span lang=\"es\">Todas nuestras habitaciones est\u00e1n equipadas con TV LCD de pantalla plana con canales internacionales, conexi\u00f3n wi-fi gratuita, caja fuerte y aire acondicionado.<\/span><\/p>\n<p id=\"tw-target-text\" class=\"tw-data-text tw-text-large XcVN5d tw-ta\" dir=\"ltr\" data-placeholder=\"Traduzione\"><span lang=\"es\">Puedes elegir entre ducha y ba\u00f1era.<\/span><\/p>\n<p class=\"tw-data-text tw-text-large XcVN5d tw-ta\" dir=\"ltr\" data-placeholder=\"Traduzione\"><span lang=\"es\">\u00a0<\/span><\/p>\n","protected":false},"excerpt":{"rendered":"<p>En perfecto equilibrio entre elegancia y funcionalidad, cada ambiente recuerda la est\u00e9tica del hotel. El juego de luces y los colores c\u00e1lidos de la madera enmarcan las camas grandes y ergon\u00f3micas. El ba\u00f1o tiene una ba\u00f1era doble cubierta con mosaicos, ideal para relajarse despu\u00e9s de un largo d\u00eda de trabajo y compras. Todas nuestras habitaciones [&hellip;]<\/p>\n","protected":false},"author":13,"featured_media":0,"parent":60,"menu_order":1,"comment_status":"closed","ping_status":"closed","template":"template-single-room.php","meta":{"footnotes":""},"class_list":["post-82","page","type-page","status-publish","hentry"],"yoast_head":"<!-- This site is optimized with the Yoast SEO plugin v26.9 - https:\/\/yoast.com\/product\/yoast-seo-wordpress\/ -->\n<title>Doble Uso Individual - Silver Hotel<\/title>\n<meta name=\"robots\" content=\"index, follow, max-snippet:-1, max-image-preview:large, max-video-preview:-1\" \/>\n<link rel=\"canonical\" href=\"https:\/\/www.hotelsilvermilano.com\/es\/habitaciones\/doble-uso-individual\/\" \/>\n<meta property=\"og:locale\" content=\"es_ES\" \/>\n<meta property=\"og:type\" content=\"article\" \/>\n<meta property=\"og:title\" content=\"Doble Uso Individual - Silver Hotel\" \/>\n<meta property=\"og:description\" content=\"En perfecto equilibrio entre elegancia y funcionalidad, cada ambiente recuerda la est\u00e9tica del hotel. El juego de luces y los colores c\u00e1lidos de la madera enmarcan las camas grandes y ergon\u00f3micas. El ba\u00f1o tiene una ba\u00f1era doble cubierta con mosaicos, ideal para relajarse despu\u00e9s de un largo d\u00eda de trabajo y compras. Todas nuestras habitaciones [&hellip;]\" \/>\n<meta property=\"og:url\" content=\"https:\/\/www.hotelsilvermilano.com\/es\/habitaciones\/doble-uso-individual\/\" \/>\n<meta property=\"og:site_name\" content=\"Silver Hotel\" \/>\n<meta property=\"article:modified_time\" content=\"2020-05-22T09:16:36+00:00\" \/>\n<meta name=\"twitter:card\" content=\"summary_large_image\" \/>\n<script type=\"application\/ld+json\" class=\"yoast-schema-graph\">{\"@context\":\"https:\/\/schema.org\",\"@graph\":[{\"@type\":\"WebPage\",\"@id\":\"https:\/\/www.hotelsilvermilano.com\/es\/habitaciones\/doble-uso-individual\/\",\"url\":\"https:\/\/www.hotelsilvermilano.com\/es\/habitaciones\/doble-uso-individual\/\",\"name\":\"Doble Uso Individual - Silver Hotel\",\"isPartOf\":{\"@id\":\"https:\/\/www.hotelsilvermilano.com\/es\/#website\"},\"datePublished\":\"2019-03-18T14:51:16+00:00\",\"dateModified\":\"2020-05-22T09:16:36+00:00\",\"breadcrumb\":{\"@id\":\"https:\/\/www.hotelsilvermilano.com\/es\/habitaciones\/doble-uso-individual\/#breadcrumb\"},\"inLanguage\":\"es\",\"potentialAction\":[{\"@type\":\"ReadAction\",\"target\":[\"https:\/\/www.hotelsilvermilano.com\/es\/habitaciones\/doble-uso-individual\/\"]}]},{\"@type\":\"BreadcrumbList\",\"@id\":\"https:\/\/www.hotelsilvermilano.com\/es\/habitaciones\/doble-uso-individual\/#breadcrumb\",\"itemListElement\":[{\"@type\":\"ListItem\",\"position\":1,\"name\":\"Home\",\"item\":\"https:\/\/www.hotelsilvermilano.com\/es\/\"},{\"@type\":\"ListItem\",\"position\":2,\"name\":\"Habitaciones\",\"item\":\"https:\/\/www.hotelsilvermilano.com\/es\/habitaciones\/\"},{\"@type\":\"ListItem\",\"position\":3,\"name\":\"Doble Uso Individual\"}]},{\"@type\":\"WebSite\",\"@id\":\"https:\/\/www.hotelsilvermilano.com\/es\/#website\",\"url\":\"https:\/\/www.hotelsilvermilano.com\/es\/\",\"name\":\"Silver Hotel\",\"description\":\"Just another ms.decms.eu site\",\"potentialAction\":[{\"@type\":\"SearchAction\",\"target\":{\"@type\":\"EntryPoint\",\"urlTemplate\":\"https:\/\/www.hotelsilvermilano.com\/es\/?s={search_term_string}\"},\"query-input\":{\"@type\":\"PropertyValueSpecification\",\"valueRequired\":true,\"valueName\":\"search_term_string\"}}],\"inLanguage\":\"es\"}]}<\/script>\n<!-- \/ Yoast SEO plugin. -->","yoast_head_json":{"title":"Doble Uso Individual - Silver Hotel","robots":{"index":"index","follow":"follow","max-snippet":"max-snippet:-1","max-image-preview":"max-image-preview:large","max-video-preview":"max-video-preview:-1"},"canonical":"https:\/\/www.hotelsilvermilano.com\/es\/habitaciones\/doble-uso-individual\/","og_locale":"es_ES","og_type":"article","og_title":"Doble Uso Individual - Silver Hotel","og_description":"En perfecto equilibrio entre elegancia y funcionalidad, cada ambiente recuerda la est\u00e9tica del hotel. El juego de luces y los colores c\u00e1lidos de la madera enmarcan las camas grandes y ergon\u00f3micas. El ba\u00f1o tiene una ba\u00f1era doble cubierta con mosaicos, ideal para relajarse despu\u00e9s de un largo d\u00eda de trabajo y compras. Todas nuestras habitaciones [&hellip;]","og_url":"https:\/\/www.hotelsilvermilano.com\/es\/habitaciones\/doble-uso-individual\/","og_site_name":"Silver Hotel","article_modified_time":"2020-05-22T09:16:36+00:00","twitter_card":"summary_large_image","schema":{"@context":"https:\/\/schema.org","@graph":[{"@type":"WebPage","@id":"https:\/\/www.hotelsilvermilano.com\/es\/habitaciones\/doble-uso-individual\/","url":"https:\/\/www.hotelsilvermilano.com\/es\/habitaciones\/doble-uso-individual\/","name":"Doble Uso Individual - Silver Hotel","isPartOf":{"@id":"https:\/\/www.hotelsilvermilano.com\/es\/#website"},"datePublished":"2019-03-18T14:51:16+00:00","dateModified":"2020-05-22T09:16:36+00:00","breadcrumb":{"@id":"https:\/\/www.hotelsilvermilano.com\/es\/habitaciones\/doble-uso-individual\/#breadcrumb"},"inLanguage":"es","potentialAction":[{"@type":"ReadAction","target":["https:\/\/www.hotelsilvermilano.com\/es\/habitaciones\/doble-uso-individual\/"]}]},{"@type":"BreadcrumbList","@id":"https:\/\/www.hotelsilvermilano.com\/es\/habitaciones\/doble-uso-individual\/#breadcrumb","itemListElement":[{"@type":"ListItem","position":1,"name":"Home","item":"https:\/\/www.hotelsilvermilano.com\/es\/"},{"@type":"ListItem","position":2,"name":"Habitaciones","item":"https:\/\/www.hotelsilvermilano.com\/es\/habitaciones\/"},{"@type":"ListItem","position":3,"name":"Doble Uso Individual"}]},{"@type":"WebSite","@id":"https:\/\/www.hotelsilvermilano.com\/es\/#website","url":"https:\/\/www.hotelsilvermilano.com\/es\/","name":"Silver Hotel","description":"Just another ms.decms.eu site","potentialAction":[{"@type":"SearchAction","target":{"@type":"EntryPoint","urlTemplate":"https:\/\/www.hotelsilvermilano.com\/es\/?s={search_term_string}"},"query-input":{"@type":"PropertyValueSpecification","valueRequired":true,"valueName":"search_term_string"}}],"inLanguage":"es"}]}},"acf":[],"_links":{"self":[{"href":"https:\/\/www.hotelsilvermilano.com\/es\/wp-json\/wp\/v2\/pages\/82","targetHints":{"allow":["GET"]}}],"collection":[{"href":"https:\/\/www.hotelsilvermilano.com\/es\/wp-json\/wp\/v2\/pages"}],"about":[{"href":"https:\/\/www.hotelsilvermilano.com\/es\/wp-json\/wp\/v2\/types\/page"}],"author":[{"embeddable":true,"href":"https:\/\/www.hotelsilvermilano.com\/es\/wp-json\/wp\/v2\/users\/13"}],"replies":[{"embeddable":true,"href":"https:\/\/www.hotelsilvermilano.com\/es\/wp-json\/wp\/v2\/comments?post=82"}],"version-history":[{"count":0,"href":"https:\/\/www.hotelsilvermilano.com\/es\/wp-json\/wp\/v2\/pages\/82\/revisions"}],"up":[{"embeddable":true,"href":"https:\/\/www.hotelsilvermilano.com\/es\/wp-json\/wp\/v2\/pages\/60"}],"wp:attachment":[{"href":"https:\/\/www.hotelsilvermilano.com\/es\/wp-json\/wp\/v2\/media?parent=82"}],"curies":[{"name":"wp","href":"https:\/\/api.w.org\/{rel}","templated":true}]}}