{"id":110,"date":"2019-03-18T14:58:53","date_gmt":"2019-03-18T14:58:53","guid":{"rendered":"http:\/\/silverhotel.ms.decms.eu\/?page_id=110"},"modified":"2024-10-09T10:33:06","modified_gmt":"2024-10-09T10:33:06","slug":"restaurant-et-petit-dejeuner","status":"publish","type":"page","link":"https:\/\/www.hotelsilvermilano.com\/fr\/restaurant-et-petit-dejeuner\/","title":{"rendered":"Restaurant et petit d\u00e9jeuner"},"content":{"rendered":"<p><strong>Une note de cr\u00e9dit est s\u00fbrement pour le restaurant.<\/strong><\/p>\n<p>A l&rsquo;int\u00e9rieur, vous trouverez un endroit parfait pour les d\u00eeners d&rsquo;affaires ou aux chandelles, dans lequel peut profiter des recettes classiques revisit\u00e9es plut\u00f4t que la sophistication de la cuisine contemporaine.<\/p>\n<p>Rien est al\u00e9atoire,d&rsquo;excellentes mati\u00e8res premi\u00e8res, l&rsquo;attention au d\u00e9tail et soin dans la pr\u00e9sentation du plat, nos chefs sont les ingr\u00e9dients de base pour une cuisine de haute qualit\u00e9.<\/p>\n<p>Au m\u00eame niveau est notre service d&rsquo;\u00e9tage, disponible de H 12.00 \u00e0 H21.00 et en pr\u00e9sence de notre chef, du lundi&rsquo; au vendredi de 19.00 \u00e0 21.00, savoureux, des plats fra\u00eechement pr\u00e9par\u00e9s.<\/p>\n<p>Pour commencer la journ\u00e9e a partir de 07h00 jusqu&rsquo;\u00e0 10h00, nous servons un complet petit-d\u00e9jeuner buffet que vous donnera assez d&rsquo;\u00e9nergie pour une nouvelle journ\u00e9e de travail ou tout simplement pour continuer votre visite de la ville.<\/p>\n<p><span lang=\"fr\">Cliquez sur le <span lang=\"en\"> <a href=\"https:\/\/silverbistrotrestaurant.menuclick24.it\/en\" target=\"_blank\" rel=\"noopener noreferrer\"><u><strong>link<\/strong><\/u><\/a> <\/span> suivant pour voir notre menu!<\/span><\/p>\n<div class=\"QmZWSe\">\n<div class=\"DHcWmd\">\n<div id=\"tw-target\">\n<div id=\"kAz1tf\" class=\"g9WsWb\">\n<div id=\"tw-target-text-container\" class=\"tw-ta-container hide-focus-ring tw-nfl\"><\/div>\n<\/div>\n<\/div>\n<\/div>\n<\/div>\n<p class=\"tw-data-text tw-text-large XcVN5d tw-ta\" dir=\"ltr\" data-placeholder=\"Traduzione\">\n<p><strong>\u00a0<\/strong><\/p>\n<pre id=\"tw-target-text\" class=\"tw-data-text tw-text-large tw-ta\" data-placeholder=\"Traduzione\"><span lang=\"fr\">\u00a0<\/span><\/pre>\n<p><strong>\u00a0<\/strong><\/p>\n","protected":false},"excerpt":{"rendered":"<p>Une note de cr\u00e9dit est s\u00fbrement pour le restaurant. A l&rsquo;int\u00e9rieur, vous trouverez un endroit parfait pour les d\u00eeners d&rsquo;affaires ou aux chandelles, dans lequel peut profiter des recettes classiques revisit\u00e9es plut\u00f4t que la sophistication de la cuisine contemporaine. Rien est al\u00e9atoire,d&rsquo;excellentes mati\u00e8res premi\u00e8res, l&rsquo;attention au d\u00e9tail et soin dans la pr\u00e9sentation du plat, nos [&hellip;]<\/p>\n","protected":false},"author":13,"featured_media":0,"parent":0,"menu_order":3,"comment_status":"closed","ping_status":"closed","template":"","meta":{"footnotes":""},"class_list":["post-110","page","type-page","status-publish","hentry"],"yoast_head":"<!-- This site is optimized with the Yoast SEO plugin v26.9 - https:\/\/yoast.com\/product\/yoast-seo-wordpress\/ -->\n<title>Restaurant et petit d\u00e9jeuner - Silver Hotel<\/title>\n<meta name=\"robots\" content=\"index, follow, max-snippet:-1, max-image-preview:large, max-video-preview:-1\" \/>\n<link rel=\"canonical\" href=\"https:\/\/www.hotelsilvermilano.com\/fr\/restaurant-et-petit-dejeuner\/\" \/>\n<meta property=\"og:locale\" content=\"fr_FR\" \/>\n<meta property=\"og:type\" content=\"article\" \/>\n<meta property=\"og:title\" content=\"Restaurant et petit d\u00e9jeuner - Silver Hotel\" \/>\n<meta property=\"og:description\" content=\"Une note de cr\u00e9dit est s\u00fbrement pour le restaurant. A l&rsquo;int\u00e9rieur, vous trouverez un endroit parfait pour les d\u00eeners d&rsquo;affaires ou aux chandelles, dans lequel peut profiter des recettes classiques revisit\u00e9es plut\u00f4t que la sophistication de la cuisine contemporaine. Rien est al\u00e9atoire,d&rsquo;excellentes mati\u00e8res premi\u00e8res, l&rsquo;attention au d\u00e9tail et soin dans la pr\u00e9sentation du plat, nos [&hellip;]\" \/>\n<meta property=\"og:url\" content=\"https:\/\/www.hotelsilvermilano.com\/fr\/restaurant-et-petit-dejeuner\/\" \/>\n<meta property=\"og:site_name\" content=\"Silver Hotel\" \/>\n<meta property=\"article:modified_time\" content=\"2024-10-09T10:33:06+00:00\" \/>\n<meta name=\"twitter:card\" content=\"summary_large_image\" \/>\n<meta name=\"twitter:label1\" content=\"Dur\u00e9e de lecture estim\u00e9e\" \/>\n\t<meta name=\"twitter:data1\" content=\"1 minute\" \/>\n<script type=\"application\/ld+json\" class=\"yoast-schema-graph\">{\"@context\":\"https:\/\/schema.org\",\"@graph\":[{\"@type\":\"WebPage\",\"@id\":\"https:\/\/www.hotelsilvermilano.com\/fr\/restaurant-et-petit-dejeuner\/\",\"url\":\"https:\/\/www.hotelsilvermilano.com\/fr\/restaurant-et-petit-dejeuner\/\",\"name\":\"Restaurant et petit d\u00e9jeuner - Silver Hotel\",\"isPartOf\":{\"@id\":\"https:\/\/www.hotelsilvermilano.com\/fr\/#website\"},\"datePublished\":\"2019-03-18T14:58:53+00:00\",\"dateModified\":\"2024-10-09T10:33:06+00:00\",\"breadcrumb\":{\"@id\":\"https:\/\/www.hotelsilvermilano.com\/fr\/restaurant-et-petit-dejeuner\/#breadcrumb\"},\"inLanguage\":\"fr-FR\",\"potentialAction\":[{\"@type\":\"ReadAction\",\"target\":[\"https:\/\/www.hotelsilvermilano.com\/fr\/restaurant-et-petit-dejeuner\/\"]}]},{\"@type\":\"BreadcrumbList\",\"@id\":\"https:\/\/www.hotelsilvermilano.com\/fr\/restaurant-et-petit-dejeuner\/#breadcrumb\",\"itemListElement\":[{\"@type\":\"ListItem\",\"position\":1,\"name\":\"Home\",\"item\":\"https:\/\/www.hotelsilvermilano.com\/fr\/\"},{\"@type\":\"ListItem\",\"position\":2,\"name\":\"Restaurant et petit d\u00e9jeuner\"}]},{\"@type\":\"WebSite\",\"@id\":\"https:\/\/www.hotelsilvermilano.com\/fr\/#website\",\"url\":\"https:\/\/www.hotelsilvermilano.com\/fr\/\",\"name\":\"Silver Hotel\",\"description\":\"Just another ms.decms.eu site\",\"potentialAction\":[{\"@type\":\"SearchAction\",\"target\":{\"@type\":\"EntryPoint\",\"urlTemplate\":\"https:\/\/www.hotelsilvermilano.com\/fr\/?s={search_term_string}\"},\"query-input\":{\"@type\":\"PropertyValueSpecification\",\"valueRequired\":true,\"valueName\":\"search_term_string\"}}],\"inLanguage\":\"fr-FR\"}]}<\/script>\n<!-- \/ Yoast SEO plugin. -->","yoast_head_json":{"title":"Restaurant et petit d\u00e9jeuner - Silver Hotel","robots":{"index":"index","follow":"follow","max-snippet":"max-snippet:-1","max-image-preview":"max-image-preview:large","max-video-preview":"max-video-preview:-1"},"canonical":"https:\/\/www.hotelsilvermilano.com\/fr\/restaurant-et-petit-dejeuner\/","og_locale":"fr_FR","og_type":"article","og_title":"Restaurant et petit d\u00e9jeuner - Silver Hotel","og_description":"Une note de cr\u00e9dit est s\u00fbrement pour le restaurant. A l&rsquo;int\u00e9rieur, vous trouverez un endroit parfait pour les d\u00eeners d&rsquo;affaires ou aux chandelles, dans lequel peut profiter des recettes classiques revisit\u00e9es plut\u00f4t que la sophistication de la cuisine contemporaine. Rien est al\u00e9atoire,d&rsquo;excellentes mati\u00e8res premi\u00e8res, l&rsquo;attention au d\u00e9tail et soin dans la pr\u00e9sentation du plat, nos [&hellip;]","og_url":"https:\/\/www.hotelsilvermilano.com\/fr\/restaurant-et-petit-dejeuner\/","og_site_name":"Silver Hotel","article_modified_time":"2024-10-09T10:33:06+00:00","twitter_card":"summary_large_image","twitter_misc":{"Dur\u00e9e de lecture estim\u00e9e":"1 minute"},"schema":{"@context":"https:\/\/schema.org","@graph":[{"@type":"WebPage","@id":"https:\/\/www.hotelsilvermilano.com\/fr\/restaurant-et-petit-dejeuner\/","url":"https:\/\/www.hotelsilvermilano.com\/fr\/restaurant-et-petit-dejeuner\/","name":"Restaurant et petit d\u00e9jeuner - Silver Hotel","isPartOf":{"@id":"https:\/\/www.hotelsilvermilano.com\/fr\/#website"},"datePublished":"2019-03-18T14:58:53+00:00","dateModified":"2024-10-09T10:33:06+00:00","breadcrumb":{"@id":"https:\/\/www.hotelsilvermilano.com\/fr\/restaurant-et-petit-dejeuner\/#breadcrumb"},"inLanguage":"fr-FR","potentialAction":[{"@type":"ReadAction","target":["https:\/\/www.hotelsilvermilano.com\/fr\/restaurant-et-petit-dejeuner\/"]}]},{"@type":"BreadcrumbList","@id":"https:\/\/www.hotelsilvermilano.com\/fr\/restaurant-et-petit-dejeuner\/#breadcrumb","itemListElement":[{"@type":"ListItem","position":1,"name":"Home","item":"https:\/\/www.hotelsilvermilano.com\/fr\/"},{"@type":"ListItem","position":2,"name":"Restaurant et petit d\u00e9jeuner"}]},{"@type":"WebSite","@id":"https:\/\/www.hotelsilvermilano.com\/fr\/#website","url":"https:\/\/www.hotelsilvermilano.com\/fr\/","name":"Silver Hotel","description":"Just another ms.decms.eu site","potentialAction":[{"@type":"SearchAction","target":{"@type":"EntryPoint","urlTemplate":"https:\/\/www.hotelsilvermilano.com\/fr\/?s={search_term_string}"},"query-input":{"@type":"PropertyValueSpecification","valueRequired":true,"valueName":"search_term_string"}}],"inLanguage":"fr-FR"}]}},"acf":[],"_links":{"self":[{"href":"https:\/\/www.hotelsilvermilano.com\/fr\/wp-json\/wp\/v2\/pages\/110","targetHints":{"allow":["GET"]}}],"collection":[{"href":"https:\/\/www.hotelsilvermilano.com\/fr\/wp-json\/wp\/v2\/pages"}],"about":[{"href":"https:\/\/www.hotelsilvermilano.com\/fr\/wp-json\/wp\/v2\/types\/page"}],"author":[{"embeddable":true,"href":"https:\/\/www.hotelsilvermilano.com\/fr\/wp-json\/wp\/v2\/users\/13"}],"replies":[{"embeddable":true,"href":"https:\/\/www.hotelsilvermilano.com\/fr\/wp-json\/wp\/v2\/comments?post=110"}],"version-history":[{"count":0,"href":"https:\/\/www.hotelsilvermilano.com\/fr\/wp-json\/wp\/v2\/pages\/110\/revisions"}],"wp:attachment":[{"href":"https:\/\/www.hotelsilvermilano.com\/fr\/wp-json\/wp\/v2\/media?parent=110"}],"curies":[{"name":"wp","href":"https:\/\/api.w.org\/{rel}","templated":true}]}}