{"id":118,"date":"2019-03-18T15:03:29","date_gmt":"2019-03-18T15:03:29","guid":{"rendered":"http:\/\/silverhotel.ms.decms.eu\/?page_id=118"},"modified":"2019-07-30T08:58:33","modified_gmt":"2019-07-30T08:58:33","slug":"services_fr","status":"publish","type":"page","link":"https:\/\/www.hotelsilvermilano.com\/fr\/services_fr\/","title":{"rendered":"Services"},"content":{"rendered":"<p>Notre objectif est \u00ab\u00a0d&rsquo;\u00eatre en mesure de r\u00e9pondre aux demandes le plus diversifi\u00e9 de nos clients, compris les objets et les \u00e9quipements qui ne sont pas peut ramener \u00e0 la maison.<\/p>\n<p>Si vous \u00eates en voyage d&rsquo;affaires, dans nos salles de r\u00e9union, avec une capacit\u00e9 d&rsquo;environ 40 personnes, nous avons une large gamme de services et de \u00e9tan\u00e7on qui faciliteront votre travail. Dans le cas o\u00f9 vous deviez servir quelque chose que nous ne pouvons offrir actuellement, notre personnel fera afin de r\u00e9pondre \u00e0 votre demande dans les plus rapide possible. L&rsquo;h\u00f4tel dispose d&rsquo;un gym enti\u00e8rement \u00e9quip\u00e9e et gratuit pour nos clients.<\/p>\n","protected":false},"excerpt":{"rendered":"<p>Notre objectif est \u00ab\u00a0d&rsquo;\u00eatre en mesure de r\u00e9pondre aux demandes le plus diversifi\u00e9 de nos clients, compris les objets et les \u00e9quipements qui ne sont pas peut ramener \u00e0 la maison. Si vous \u00eates en voyage d&rsquo;affaires, dans nos salles de r\u00e9union, avec une capacit\u00e9 d&rsquo;environ 40 personnes, nous avons une large gamme de services [&hellip;]<\/p>\n","protected":false},"author":13,"featured_media":0,"parent":0,"menu_order":4,"comment_status":"closed","ping_status":"closed","template":"template-services.php","meta":{"footnotes":""},"class_list":["post-118","page","type-page","status-publish","hentry"],"yoast_head":"<!-- This site is optimized with the Yoast SEO plugin v26.9 - https:\/\/yoast.com\/product\/yoast-seo-wordpress\/ -->\n<title>Services - Silver Hotel<\/title>\n<meta name=\"robots\" content=\"index, follow, max-snippet:-1, max-image-preview:large, max-video-preview:-1\" \/>\n<link rel=\"canonical\" href=\"https:\/\/www.hotelsilvermilano.com\/fr\/services_fr\/\" \/>\n<meta property=\"og:locale\" content=\"fr_FR\" \/>\n<meta property=\"og:type\" content=\"article\" \/>\n<meta property=\"og:title\" content=\"Services - Silver Hotel\" \/>\n<meta property=\"og:description\" content=\"Notre objectif est \u00ab\u00a0d&rsquo;\u00eatre en mesure de r\u00e9pondre aux demandes le plus diversifi\u00e9 de nos clients, compris les objets et les \u00e9quipements qui ne sont pas peut ramener \u00e0 la maison. Si vous \u00eates en voyage d&rsquo;affaires, dans nos salles de r\u00e9union, avec une capacit\u00e9 d&rsquo;environ 40 personnes, nous avons une large gamme de services [&hellip;]\" \/>\n<meta property=\"og:url\" content=\"https:\/\/www.hotelsilvermilano.com\/fr\/services_fr\/\" \/>\n<meta property=\"og:site_name\" content=\"Silver Hotel\" \/>\n<meta property=\"article:modified_time\" content=\"2019-07-30T08:58:33+00:00\" \/>\n<meta name=\"twitter:card\" content=\"summary_large_image\" \/>\n<meta name=\"twitter:label1\" content=\"Dur\u00e9e de lecture estim\u00e9e\" \/>\n\t<meta name=\"twitter:data1\" content=\"1 minute\" \/>\n<script type=\"application\/ld+json\" class=\"yoast-schema-graph\">{\"@context\":\"https:\/\/schema.org\",\"@graph\":[{\"@type\":\"WebPage\",\"@id\":\"https:\/\/www.hotelsilvermilano.com\/fr\/services_fr\/\",\"url\":\"https:\/\/www.hotelsilvermilano.com\/fr\/services_fr\/\",\"name\":\"Services - Silver Hotel\",\"isPartOf\":{\"@id\":\"https:\/\/www.hotelsilvermilano.com\/fr\/#website\"},\"datePublished\":\"2019-03-18T15:03:29+00:00\",\"dateModified\":\"2019-07-30T08:58:33+00:00\",\"breadcrumb\":{\"@id\":\"https:\/\/www.hotelsilvermilano.com\/fr\/services_fr\/#breadcrumb\"},\"inLanguage\":\"fr-FR\",\"potentialAction\":[{\"@type\":\"ReadAction\",\"target\":[\"https:\/\/www.hotelsilvermilano.com\/fr\/services_fr\/\"]}]},{\"@type\":\"BreadcrumbList\",\"@id\":\"https:\/\/www.hotelsilvermilano.com\/fr\/services_fr\/#breadcrumb\",\"itemListElement\":[{\"@type\":\"ListItem\",\"position\":1,\"name\":\"Home\",\"item\":\"https:\/\/www.hotelsilvermilano.com\/fr\/\"},{\"@type\":\"ListItem\",\"position\":2,\"name\":\"Services\"}]},{\"@type\":\"WebSite\",\"@id\":\"https:\/\/www.hotelsilvermilano.com\/fr\/#website\",\"url\":\"https:\/\/www.hotelsilvermilano.com\/fr\/\",\"name\":\"Silver Hotel\",\"description\":\"Just another ms.decms.eu site\",\"potentialAction\":[{\"@type\":\"SearchAction\",\"target\":{\"@type\":\"EntryPoint\",\"urlTemplate\":\"https:\/\/www.hotelsilvermilano.com\/fr\/?s={search_term_string}\"},\"query-input\":{\"@type\":\"PropertyValueSpecification\",\"valueRequired\":true,\"valueName\":\"search_term_string\"}}],\"inLanguage\":\"fr-FR\"}]}<\/script>\n<!-- \/ Yoast SEO plugin. -->","yoast_head_json":{"title":"Services - Silver Hotel","robots":{"index":"index","follow":"follow","max-snippet":"max-snippet:-1","max-image-preview":"max-image-preview:large","max-video-preview":"max-video-preview:-1"},"canonical":"https:\/\/www.hotelsilvermilano.com\/fr\/services_fr\/","og_locale":"fr_FR","og_type":"article","og_title":"Services - Silver Hotel","og_description":"Notre objectif est \u00ab\u00a0d&rsquo;\u00eatre en mesure de r\u00e9pondre aux demandes le plus diversifi\u00e9 de nos clients, compris les objets et les \u00e9quipements qui ne sont pas peut ramener \u00e0 la maison. Si vous \u00eates en voyage d&rsquo;affaires, dans nos salles de r\u00e9union, avec une capacit\u00e9 d&rsquo;environ 40 personnes, nous avons une large gamme de services [&hellip;]","og_url":"https:\/\/www.hotelsilvermilano.com\/fr\/services_fr\/","og_site_name":"Silver Hotel","article_modified_time":"2019-07-30T08:58:33+00:00","twitter_card":"summary_large_image","twitter_misc":{"Dur\u00e9e de lecture estim\u00e9e":"1 minute"},"schema":{"@context":"https:\/\/schema.org","@graph":[{"@type":"WebPage","@id":"https:\/\/www.hotelsilvermilano.com\/fr\/services_fr\/","url":"https:\/\/www.hotelsilvermilano.com\/fr\/services_fr\/","name":"Services - Silver Hotel","isPartOf":{"@id":"https:\/\/www.hotelsilvermilano.com\/fr\/#website"},"datePublished":"2019-03-18T15:03:29+00:00","dateModified":"2019-07-30T08:58:33+00:00","breadcrumb":{"@id":"https:\/\/www.hotelsilvermilano.com\/fr\/services_fr\/#breadcrumb"},"inLanguage":"fr-FR","potentialAction":[{"@type":"ReadAction","target":["https:\/\/www.hotelsilvermilano.com\/fr\/services_fr\/"]}]},{"@type":"BreadcrumbList","@id":"https:\/\/www.hotelsilvermilano.com\/fr\/services_fr\/#breadcrumb","itemListElement":[{"@type":"ListItem","position":1,"name":"Home","item":"https:\/\/www.hotelsilvermilano.com\/fr\/"},{"@type":"ListItem","position":2,"name":"Services"}]},{"@type":"WebSite","@id":"https:\/\/www.hotelsilvermilano.com\/fr\/#website","url":"https:\/\/www.hotelsilvermilano.com\/fr\/","name":"Silver Hotel","description":"Just another ms.decms.eu site","potentialAction":[{"@type":"SearchAction","target":{"@type":"EntryPoint","urlTemplate":"https:\/\/www.hotelsilvermilano.com\/fr\/?s={search_term_string}"},"query-input":{"@type":"PropertyValueSpecification","valueRequired":true,"valueName":"search_term_string"}}],"inLanguage":"fr-FR"}]}},"acf":[],"_links":{"self":[{"href":"https:\/\/www.hotelsilvermilano.com\/fr\/wp-json\/wp\/v2\/pages\/118","targetHints":{"allow":["GET"]}}],"collection":[{"href":"https:\/\/www.hotelsilvermilano.com\/fr\/wp-json\/wp\/v2\/pages"}],"about":[{"href":"https:\/\/www.hotelsilvermilano.com\/fr\/wp-json\/wp\/v2\/types\/page"}],"author":[{"embeddable":true,"href":"https:\/\/www.hotelsilvermilano.com\/fr\/wp-json\/wp\/v2\/users\/13"}],"replies":[{"embeddable":true,"href":"https:\/\/www.hotelsilvermilano.com\/fr\/wp-json\/wp\/v2\/comments?post=118"}],"version-history":[{"count":0,"href":"https:\/\/www.hotelsilvermilano.com\/fr\/wp-json\/wp\/v2\/pages\/118\/revisions"}],"wp:attachment":[{"href":"https:\/\/www.hotelsilvermilano.com\/fr\/wp-json\/wp\/v2\/media?parent=118"}],"curies":[{"name":"wp","href":"https:\/\/api.w.org\/{rel}","templated":true}]}}