{"id":125,"date":"2019-03-18T15:26:28","date_gmt":"2019-03-18T15:26:28","guid":{"rendered":"http:\/\/silverhotel.ms.decms.eu\/?page_id=125"},"modified":"2025-10-19T09:19:41","modified_gmt":"2025-10-19T09:19:41","slug":"foires-et-congres","status":"publish","type":"page","link":"https:\/\/www.hotelsilvermilano.com\/fr\/evenements\/foires-et-congres\/","title":{"rendered":"Foires et congr\u00e8s"},"content":{"rendered":"<p>La foire de Milan \/ Rho est l&rsquo;un des plus grands centres d&rsquo;exposition internationaux en Europe, o\u00f9 chaque ann\u00e9e des milliers d&rsquo;entreprises et de professionnels se rencontrent pour d\u00e9velopper et cr\u00e9er de nouvelles id\u00e9es dans le but de faire cro\u00eetre l&rsquo;\u00e9conomie mondiale.<\/p>\n<p>Situ\u00e9 \u00e0 quelques minutes en voiture de la foire, l&rsquo;h\u00f4tel Silver offre(by payment) \u00e0 ses clients un service de d\u00e9placement qui vous accompagnera \u00e0 la foire et puis \u00e0 l&rsquo;h\u00f4tel. Le service peut \u00eatre r\u00e9serv\u00e9 directement \u00e0 l&rsquo;h\u00f4tel ou au moment de la r\u00e9servation, disponible pendant la p\u00e9riode du salon de 7h00 \u00e0 22h30.<\/p>\n<p>&nbsp;<\/p>\n<p id=\"tw-target-text\" class=\"tw-data-text tw-text-large XcVN5d tw-ta\" dir=\"ltr\" data-placeholder=\"Traduzione\"><span lang=\"fr\">En cliquant sur le <a href=\"https:\/\/www.fieramilano.it\/calendario.html\" target=\"_blank\" rel=\"noopener noreferrer\"><u><strong>Lien<\/strong><\/u><\/a> suivant, vous pouvez consulter la liste des salons \u00e0 venir.<\/span><\/p>\n","protected":false},"excerpt":{"rendered":"<p>La foire de Milan \/ Rho est l&rsquo;un des plus grands centres d&rsquo;exposition internationaux en Europe, o\u00f9 chaque ann\u00e9e des milliers d&rsquo;entreprises et de professionnels se rencontrent pour d\u00e9velopper et cr\u00e9er de nouvelles id\u00e9es dans le but de faire cro\u00eetre l&rsquo;\u00e9conomie mondiale. Situ\u00e9 \u00e0 quelques minutes en voiture de la foire, l&rsquo;h\u00f4tel Silver offre(by payment) [&hellip;]<\/p>\n","protected":false},"author":13,"featured_media":0,"parent":114,"menu_order":2,"comment_status":"closed","ping_status":"closed","template":"","meta":{"footnotes":""},"class_list":["post-125","page","type-page","status-publish","hentry"],"yoast_head":"<!-- This site is optimized with the Yoast SEO plugin v26.9 - https:\/\/yoast.com\/product\/yoast-seo-wordpress\/ -->\n<title>Foires et congr\u00e8s - Silver Hotel<\/title>\n<meta name=\"robots\" content=\"index, follow, max-snippet:-1, max-image-preview:large, max-video-preview:-1\" \/>\n<link rel=\"canonical\" href=\"https:\/\/www.hotelsilvermilano.com\/fr\/evenements\/foires-et-congres\/\" \/>\n<meta property=\"og:locale\" content=\"fr_FR\" \/>\n<meta property=\"og:type\" content=\"article\" \/>\n<meta property=\"og:title\" content=\"Foires et congr\u00e8s - Silver Hotel\" \/>\n<meta property=\"og:description\" content=\"La foire de Milan \/ Rho est l&rsquo;un des plus grands centres d&rsquo;exposition internationaux en Europe, o\u00f9 chaque ann\u00e9e des milliers d&rsquo;entreprises et de professionnels se rencontrent pour d\u00e9velopper et cr\u00e9er de nouvelles id\u00e9es dans le but de faire cro\u00eetre l&rsquo;\u00e9conomie mondiale. Situ\u00e9 \u00e0 quelques minutes en voiture de la foire, l&rsquo;h\u00f4tel Silver offre(by payment) [&hellip;]\" \/>\n<meta property=\"og:url\" content=\"https:\/\/www.hotelsilvermilano.com\/fr\/evenements\/foires-et-congres\/\" \/>\n<meta property=\"og:site_name\" content=\"Silver Hotel\" \/>\n<meta property=\"article:modified_time\" content=\"2025-10-19T09:19:41+00:00\" \/>\n<meta name=\"twitter:card\" content=\"summary_large_image\" \/>\n<meta name=\"twitter:label1\" content=\"Dur\u00e9e de lecture estim\u00e9e\" \/>\n\t<meta name=\"twitter:data1\" content=\"1 minute\" \/>\n<script type=\"application\/ld+json\" class=\"yoast-schema-graph\">{\"@context\":\"https:\/\/schema.org\",\"@graph\":[{\"@type\":\"WebPage\",\"@id\":\"https:\/\/www.hotelsilvermilano.com\/fr\/evenements\/foires-et-congres\/\",\"url\":\"https:\/\/www.hotelsilvermilano.com\/fr\/evenements\/foires-et-congres\/\",\"name\":\"Foires et congr\u00e8s - Silver Hotel\",\"isPartOf\":{\"@id\":\"https:\/\/www.hotelsilvermilano.com\/fr\/#website\"},\"datePublished\":\"2019-03-18T15:26:28+00:00\",\"dateModified\":\"2025-10-19T09:19:41+00:00\",\"breadcrumb\":{\"@id\":\"https:\/\/www.hotelsilvermilano.com\/fr\/evenements\/foires-et-congres\/#breadcrumb\"},\"inLanguage\":\"fr-FR\",\"potentialAction\":[{\"@type\":\"ReadAction\",\"target\":[\"https:\/\/www.hotelsilvermilano.com\/fr\/evenements\/foires-et-congres\/\"]}]},{\"@type\":\"BreadcrumbList\",\"@id\":\"https:\/\/www.hotelsilvermilano.com\/fr\/evenements\/foires-et-congres\/#breadcrumb\",\"itemListElement\":[{\"@type\":\"ListItem\",\"position\":1,\"name\":\"Home\",\"item\":\"https:\/\/www.hotelsilvermilano.com\/fr\/\"},{\"@type\":\"ListItem\",\"position\":2,\"name\":\"\u00c9v\u00e9nements\",\"item\":\"https:\/\/www.hotelsilvermilano.com\/fr\/evenements\/\"},{\"@type\":\"ListItem\",\"position\":3,\"name\":\"Foires et congr\u00e8s\"}]},{\"@type\":\"WebSite\",\"@id\":\"https:\/\/www.hotelsilvermilano.com\/fr\/#website\",\"url\":\"https:\/\/www.hotelsilvermilano.com\/fr\/\",\"name\":\"Silver Hotel\",\"description\":\"Just another ms.decms.eu site\",\"potentialAction\":[{\"@type\":\"SearchAction\",\"target\":{\"@type\":\"EntryPoint\",\"urlTemplate\":\"https:\/\/www.hotelsilvermilano.com\/fr\/?s={search_term_string}\"},\"query-input\":{\"@type\":\"PropertyValueSpecification\",\"valueRequired\":true,\"valueName\":\"search_term_string\"}}],\"inLanguage\":\"fr-FR\"}]}<\/script>\n<!-- \/ Yoast SEO plugin. -->","yoast_head_json":{"title":"Foires et congr\u00e8s - Silver Hotel","robots":{"index":"index","follow":"follow","max-snippet":"max-snippet:-1","max-image-preview":"max-image-preview:large","max-video-preview":"max-video-preview:-1"},"canonical":"https:\/\/www.hotelsilvermilano.com\/fr\/evenements\/foires-et-congres\/","og_locale":"fr_FR","og_type":"article","og_title":"Foires et congr\u00e8s - Silver Hotel","og_description":"La foire de Milan \/ Rho est l&rsquo;un des plus grands centres d&rsquo;exposition internationaux en Europe, o\u00f9 chaque ann\u00e9e des milliers d&rsquo;entreprises et de professionnels se rencontrent pour d\u00e9velopper et cr\u00e9er de nouvelles id\u00e9es dans le but de faire cro\u00eetre l&rsquo;\u00e9conomie mondiale. Situ\u00e9 \u00e0 quelques minutes en voiture de la foire, l&rsquo;h\u00f4tel Silver offre(by payment) [&hellip;]","og_url":"https:\/\/www.hotelsilvermilano.com\/fr\/evenements\/foires-et-congres\/","og_site_name":"Silver Hotel","article_modified_time":"2025-10-19T09:19:41+00:00","twitter_card":"summary_large_image","twitter_misc":{"Dur\u00e9e de lecture estim\u00e9e":"1 minute"},"schema":{"@context":"https:\/\/schema.org","@graph":[{"@type":"WebPage","@id":"https:\/\/www.hotelsilvermilano.com\/fr\/evenements\/foires-et-congres\/","url":"https:\/\/www.hotelsilvermilano.com\/fr\/evenements\/foires-et-congres\/","name":"Foires et congr\u00e8s - Silver Hotel","isPartOf":{"@id":"https:\/\/www.hotelsilvermilano.com\/fr\/#website"},"datePublished":"2019-03-18T15:26:28+00:00","dateModified":"2025-10-19T09:19:41+00:00","breadcrumb":{"@id":"https:\/\/www.hotelsilvermilano.com\/fr\/evenements\/foires-et-congres\/#breadcrumb"},"inLanguage":"fr-FR","potentialAction":[{"@type":"ReadAction","target":["https:\/\/www.hotelsilvermilano.com\/fr\/evenements\/foires-et-congres\/"]}]},{"@type":"BreadcrumbList","@id":"https:\/\/www.hotelsilvermilano.com\/fr\/evenements\/foires-et-congres\/#breadcrumb","itemListElement":[{"@type":"ListItem","position":1,"name":"Home","item":"https:\/\/www.hotelsilvermilano.com\/fr\/"},{"@type":"ListItem","position":2,"name":"\u00c9v\u00e9nements","item":"https:\/\/www.hotelsilvermilano.com\/fr\/evenements\/"},{"@type":"ListItem","position":3,"name":"Foires et congr\u00e8s"}]},{"@type":"WebSite","@id":"https:\/\/www.hotelsilvermilano.com\/fr\/#website","url":"https:\/\/www.hotelsilvermilano.com\/fr\/","name":"Silver Hotel","description":"Just another ms.decms.eu site","potentialAction":[{"@type":"SearchAction","target":{"@type":"EntryPoint","urlTemplate":"https:\/\/www.hotelsilvermilano.com\/fr\/?s={search_term_string}"},"query-input":{"@type":"PropertyValueSpecification","valueRequired":true,"valueName":"search_term_string"}}],"inLanguage":"fr-FR"}]}},"acf":[],"_links":{"self":[{"href":"https:\/\/www.hotelsilvermilano.com\/fr\/wp-json\/wp\/v2\/pages\/125","targetHints":{"allow":["GET"]}}],"collection":[{"href":"https:\/\/www.hotelsilvermilano.com\/fr\/wp-json\/wp\/v2\/pages"}],"about":[{"href":"https:\/\/www.hotelsilvermilano.com\/fr\/wp-json\/wp\/v2\/types\/page"}],"author":[{"embeddable":true,"href":"https:\/\/www.hotelsilvermilano.com\/fr\/wp-json\/wp\/v2\/users\/13"}],"replies":[{"embeddable":true,"href":"https:\/\/www.hotelsilvermilano.com\/fr\/wp-json\/wp\/v2\/comments?post=125"}],"version-history":[{"count":0,"href":"https:\/\/www.hotelsilvermilano.com\/fr\/wp-json\/wp\/v2\/pages\/125\/revisions"}],"up":[{"embeddable":true,"href":"https:\/\/www.hotelsilvermilano.com\/fr\/wp-json\/wp\/v2\/pages\/114"}],"wp:attachment":[{"href":"https:\/\/www.hotelsilvermilano.com\/fr\/wp-json\/wp\/v2\/media?parent=125"}],"curies":[{"name":"wp","href":"https:\/\/api.w.org\/{rel}","templated":true}]}}