{"id":128,"date":"2019-03-18T15:28:14","date_gmt":"2019-03-18T15:28:14","guid":{"rendered":"http:\/\/silverhotel.ms.decms.eu\/?page_id=128"},"modified":"2019-08-09T09:33:22","modified_gmt":"2019-08-09T09:33:22","slug":"forum-assago","status":"publish","type":"page","link":"https:\/\/www.hotelsilvermilano.com\/fr\/evenements\/forum-assago\/","title":{"rendered":"Forum Assago"},"content":{"rendered":"<p>Le Mediolanumforum d&rsquo;Assago est un centre polyvalent o\u00f9 se d\u00e9roulent de nombreux \u00e9v\u00e9nements sportifs et musicaux.<\/p>\n<p>Le Silver H\u00f4tel est situ\u00e9 \u00e0 20 minutes en voiture du forum.<\/p>\n<p>En cliquant <a href=\"http:\/\/www.mediolanumforum.it\/it\/calendario\/\" target=\"_blank\" rel=\"noopener noreferrer\"><strong>ici<\/strong><\/a>, vous pouvez voir la liste des \u00e9v\u00e9nements pr\u00e9vus.<\/p>\n","protected":false},"excerpt":{"rendered":"<p>Le Mediolanumforum d&rsquo;Assago est un centre polyvalent o\u00f9 se d\u00e9roulent de nombreux \u00e9v\u00e9nements sportifs et musicaux. Le Silver H\u00f4tel est situ\u00e9 \u00e0 20 minutes en voiture du forum. En cliquant ici, vous pouvez voir la liste des \u00e9v\u00e9nements pr\u00e9vus.<\/p>\n","protected":false},"author":13,"featured_media":0,"parent":114,"menu_order":3,"comment_status":"closed","ping_status":"closed","template":"","meta":{"footnotes":""},"class_list":["post-128","page","type-page","status-publish","hentry"],"yoast_head":"<!-- This site is optimized with the Yoast SEO plugin v26.9 - https:\/\/yoast.com\/product\/yoast-seo-wordpress\/ -->\n<title>Forum Assago - Silver Hotel<\/title>\n<meta name=\"robots\" content=\"index, follow, max-snippet:-1, max-image-preview:large, max-video-preview:-1\" \/>\n<link rel=\"canonical\" href=\"https:\/\/www.hotelsilvermilano.com\/fr\/evenements\/forum-assago\/\" \/>\n<meta property=\"og:locale\" content=\"fr_FR\" \/>\n<meta property=\"og:type\" content=\"article\" \/>\n<meta property=\"og:title\" content=\"Forum Assago - Silver Hotel\" \/>\n<meta property=\"og:description\" content=\"Le Mediolanumforum d&rsquo;Assago est un centre polyvalent o\u00f9 se d\u00e9roulent de nombreux \u00e9v\u00e9nements sportifs et musicaux. Le Silver H\u00f4tel est situ\u00e9 \u00e0 20 minutes en voiture du forum. En cliquant ici, vous pouvez voir la liste des \u00e9v\u00e9nements pr\u00e9vus.\" \/>\n<meta property=\"og:url\" content=\"https:\/\/www.hotelsilvermilano.com\/fr\/evenements\/forum-assago\/\" \/>\n<meta property=\"og:site_name\" content=\"Silver Hotel\" \/>\n<meta property=\"article:modified_time\" content=\"2019-08-09T09:33:22+00:00\" \/>\n<meta name=\"twitter:card\" content=\"summary_large_image\" \/>\n<script type=\"application\/ld+json\" class=\"yoast-schema-graph\">{\"@context\":\"https:\/\/schema.org\",\"@graph\":[{\"@type\":\"WebPage\",\"@id\":\"https:\/\/www.hotelsilvermilano.com\/fr\/evenements\/forum-assago\/\",\"url\":\"https:\/\/www.hotelsilvermilano.com\/fr\/evenements\/forum-assago\/\",\"name\":\"Forum Assago - Silver Hotel\",\"isPartOf\":{\"@id\":\"https:\/\/www.hotelsilvermilano.com\/fr\/#website\"},\"datePublished\":\"2019-03-18T15:28:14+00:00\",\"dateModified\":\"2019-08-09T09:33:22+00:00\",\"breadcrumb\":{\"@id\":\"https:\/\/www.hotelsilvermilano.com\/fr\/evenements\/forum-assago\/#breadcrumb\"},\"inLanguage\":\"fr-FR\",\"potentialAction\":[{\"@type\":\"ReadAction\",\"target\":[\"https:\/\/www.hotelsilvermilano.com\/fr\/evenements\/forum-assago\/\"]}]},{\"@type\":\"BreadcrumbList\",\"@id\":\"https:\/\/www.hotelsilvermilano.com\/fr\/evenements\/forum-assago\/#breadcrumb\",\"itemListElement\":[{\"@type\":\"ListItem\",\"position\":1,\"name\":\"Home\",\"item\":\"https:\/\/www.hotelsilvermilano.com\/fr\/\"},{\"@type\":\"ListItem\",\"position\":2,\"name\":\"\u00c9v\u00e9nements\",\"item\":\"https:\/\/www.hotelsilvermilano.com\/fr\/evenements\/\"},{\"@type\":\"ListItem\",\"position\":3,\"name\":\"Forum Assago\"}]},{\"@type\":\"WebSite\",\"@id\":\"https:\/\/www.hotelsilvermilano.com\/fr\/#website\",\"url\":\"https:\/\/www.hotelsilvermilano.com\/fr\/\",\"name\":\"Silver Hotel\",\"description\":\"Just another ms.decms.eu site\",\"potentialAction\":[{\"@type\":\"SearchAction\",\"target\":{\"@type\":\"EntryPoint\",\"urlTemplate\":\"https:\/\/www.hotelsilvermilano.com\/fr\/?s={search_term_string}\"},\"query-input\":{\"@type\":\"PropertyValueSpecification\",\"valueRequired\":true,\"valueName\":\"search_term_string\"}}],\"inLanguage\":\"fr-FR\"}]}<\/script>\n<!-- \/ Yoast SEO plugin. -->","yoast_head_json":{"title":"Forum Assago - Silver Hotel","robots":{"index":"index","follow":"follow","max-snippet":"max-snippet:-1","max-image-preview":"max-image-preview:large","max-video-preview":"max-video-preview:-1"},"canonical":"https:\/\/www.hotelsilvermilano.com\/fr\/evenements\/forum-assago\/","og_locale":"fr_FR","og_type":"article","og_title":"Forum Assago - Silver Hotel","og_description":"Le Mediolanumforum d&rsquo;Assago est un centre polyvalent o\u00f9 se d\u00e9roulent de nombreux \u00e9v\u00e9nements sportifs et musicaux. Le Silver H\u00f4tel est situ\u00e9 \u00e0 20 minutes en voiture du forum. En cliquant ici, vous pouvez voir la liste des \u00e9v\u00e9nements pr\u00e9vus.","og_url":"https:\/\/www.hotelsilvermilano.com\/fr\/evenements\/forum-assago\/","og_site_name":"Silver Hotel","article_modified_time":"2019-08-09T09:33:22+00:00","twitter_card":"summary_large_image","schema":{"@context":"https:\/\/schema.org","@graph":[{"@type":"WebPage","@id":"https:\/\/www.hotelsilvermilano.com\/fr\/evenements\/forum-assago\/","url":"https:\/\/www.hotelsilvermilano.com\/fr\/evenements\/forum-assago\/","name":"Forum Assago - Silver Hotel","isPartOf":{"@id":"https:\/\/www.hotelsilvermilano.com\/fr\/#website"},"datePublished":"2019-03-18T15:28:14+00:00","dateModified":"2019-08-09T09:33:22+00:00","breadcrumb":{"@id":"https:\/\/www.hotelsilvermilano.com\/fr\/evenements\/forum-assago\/#breadcrumb"},"inLanguage":"fr-FR","potentialAction":[{"@type":"ReadAction","target":["https:\/\/www.hotelsilvermilano.com\/fr\/evenements\/forum-assago\/"]}]},{"@type":"BreadcrumbList","@id":"https:\/\/www.hotelsilvermilano.com\/fr\/evenements\/forum-assago\/#breadcrumb","itemListElement":[{"@type":"ListItem","position":1,"name":"Home","item":"https:\/\/www.hotelsilvermilano.com\/fr\/"},{"@type":"ListItem","position":2,"name":"\u00c9v\u00e9nements","item":"https:\/\/www.hotelsilvermilano.com\/fr\/evenements\/"},{"@type":"ListItem","position":3,"name":"Forum Assago"}]},{"@type":"WebSite","@id":"https:\/\/www.hotelsilvermilano.com\/fr\/#website","url":"https:\/\/www.hotelsilvermilano.com\/fr\/","name":"Silver Hotel","description":"Just another ms.decms.eu site","potentialAction":[{"@type":"SearchAction","target":{"@type":"EntryPoint","urlTemplate":"https:\/\/www.hotelsilvermilano.com\/fr\/?s={search_term_string}"},"query-input":{"@type":"PropertyValueSpecification","valueRequired":true,"valueName":"search_term_string"}}],"inLanguage":"fr-FR"}]}},"acf":[],"_links":{"self":[{"href":"https:\/\/www.hotelsilvermilano.com\/fr\/wp-json\/wp\/v2\/pages\/128","targetHints":{"allow":["GET"]}}],"collection":[{"href":"https:\/\/www.hotelsilvermilano.com\/fr\/wp-json\/wp\/v2\/pages"}],"about":[{"href":"https:\/\/www.hotelsilvermilano.com\/fr\/wp-json\/wp\/v2\/types\/page"}],"author":[{"embeddable":true,"href":"https:\/\/www.hotelsilvermilano.com\/fr\/wp-json\/wp\/v2\/users\/13"}],"replies":[{"embeddable":true,"href":"https:\/\/www.hotelsilvermilano.com\/fr\/wp-json\/wp\/v2\/comments?post=128"}],"version-history":[{"count":0,"href":"https:\/\/www.hotelsilvermilano.com\/fr\/wp-json\/wp\/v2\/pages\/128\/revisions"}],"up":[{"embeddable":true,"href":"https:\/\/www.hotelsilvermilano.com\/fr\/wp-json\/wp\/v2\/pages\/114"}],"wp:attachment":[{"href":"https:\/\/www.hotelsilvermilano.com\/fr\/wp-json\/wp\/v2\/media?parent=128"}],"curies":[{"name":"wp","href":"https:\/\/api.w.org\/{rel}","templated":true}]}}