{"id":1748,"date":"2021-01-25T18:32:45","date_gmt":"2021-01-25T18:32:45","guid":{"rendered":"https:\/\/www.hotelsilvermilano.com\/?page_id=1748"},"modified":"2023-03-13T18:27:49","modified_gmt":"2023-03-13T18:27:49","slug":"forfait-anniversaire-e-60","status":"publish","type":"page","link":"https:\/\/www.hotelsilvermilano.com\/fr\/promotions\/forfait-anniversaire-e-60\/","title":{"rendered":"Forfait Anniversaire -\u20ac 60"},"content":{"rendered":"<p>Le forfait comprend:<br \/>\nAm\u00e9nagement romantique de la chambre avec des p\u00e9tales de rose<br \/>\nBouteille de Spumante<br \/>\nEnsemble de courtoisie riche VIP<br \/>\nDisponible du lundi au dimanche sur r\u00e9servation d&rsquo;au moins 48 heures<br \/>\n60,00 \u20ac, prix de la chambre non compris<\/p>\n<p style=\"text-align: center\"><a class=\"promobutton\" href=\"https:\/\/www.hotelsilvermilano.com\/fr\/contacts\/\" target=\"_blank\" rel=\"noopener\">Demande de r\u00e9servation<\/a><\/p>\n","protected":false},"excerpt":{"rendered":"<p>Le forfait comprend: Am\u00e9nagement romantique de la chambre avec des p\u00e9tales de rose Bouteille de Spumante Ensemble de courtoisie riche VIP Disponible du lundi au dimanche sur r\u00e9servation d&rsquo;au moins 48 heures 60,00 \u20ac, prix de la chambre non compris Demande de r\u00e9servation<\/p>\n","protected":false},"author":68,"featured_media":1745,"parent":734,"menu_order":6,"comment_status":"closed","ping_status":"closed","template":"","meta":{"footnotes":""},"class_list":["post-1748","page","type-page","status-publish","has-post-thumbnail","hentry"],"yoast_head":"<!-- This site is optimized with the Yoast SEO plugin v26.9 - https:\/\/yoast.com\/product\/yoast-seo-wordpress\/ -->\n<title>Forfait Anniversaire -\u20ac 60 - Silver Hotel<\/title>\n<meta name=\"robots\" content=\"index, follow, max-snippet:-1, max-image-preview:large, max-video-preview:-1\" \/>\n<link rel=\"canonical\" href=\"https:\/\/www.hotelsilvermilano.com\/fr\/promotions\/forfait-anniversaire-e-60\/\" \/>\n<meta property=\"og:locale\" content=\"fr_FR\" \/>\n<meta property=\"og:type\" content=\"article\" \/>\n<meta property=\"og:title\" content=\"Forfait Anniversaire -\u20ac 60 - Silver Hotel\" \/>\n<meta property=\"og:description\" content=\"Le forfait comprend: Am\u00e9nagement romantique de la chambre avec des p\u00e9tales de rose Bouteille de Spumante Ensemble de courtoisie riche VIP Disponible du lundi au dimanche sur r\u00e9servation d&rsquo;au moins 48 heures 60,00 \u20ac, prix de la chambre non compris Demande de r\u00e9servation\" \/>\n<meta property=\"og:url\" content=\"https:\/\/www.hotelsilvermilano.com\/fr\/promotions\/forfait-anniversaire-e-60\/\" \/>\n<meta property=\"og:site_name\" content=\"Silver Hotel\" \/>\n<meta property=\"article:modified_time\" content=\"2023-03-13T18:27:49+00:00\" \/>\n<meta property=\"og:image\" content=\"https:\/\/www.hotelsilvermilano.com\/wp-content\/uploads\/sites\/12\/2021\/01\/happy-birthday-2338813_1920.jpg\" \/>\n\t<meta property=\"og:image:width\" content=\"1800\" \/>\n\t<meta property=\"og:image:height\" content=\"1200\" \/>\n\t<meta property=\"og:image:type\" content=\"image\/jpeg\" \/>\n<meta name=\"twitter:card\" content=\"summary_large_image\" \/>\n<meta name=\"twitter:label1\" content=\"Dur\u00e9e de lecture estim\u00e9e\" \/>\n\t<meta name=\"twitter:data1\" content=\"1 minute\" \/>\n<script type=\"application\/ld+json\" class=\"yoast-schema-graph\">{\"@context\":\"https:\/\/schema.org\",\"@graph\":[{\"@type\":\"WebPage\",\"@id\":\"https:\/\/www.hotelsilvermilano.com\/fr\/promotions\/forfait-anniversaire-e-60\/\",\"url\":\"https:\/\/www.hotelsilvermilano.com\/fr\/promotions\/forfait-anniversaire-e-60\/\",\"name\":\"Forfait Anniversaire -\u20ac 60 - Silver Hotel\",\"isPartOf\":{\"@id\":\"https:\/\/www.hotelsilvermilano.com\/fr\/#website\"},\"primaryImageOfPage\":{\"@id\":\"https:\/\/www.hotelsilvermilano.com\/fr\/promotions\/forfait-anniversaire-e-60\/#primaryimage\"},\"image\":{\"@id\":\"https:\/\/www.hotelsilvermilano.com\/fr\/promotions\/forfait-anniversaire-e-60\/#primaryimage\"},\"thumbnailUrl\":\"https:\/\/www.hotelsilvermilano.com\/wp-content\/uploads\/sites\/12\/2021\/01\/happy-birthday-2338813_1920.jpg\",\"datePublished\":\"2021-01-25T18:32:45+00:00\",\"dateModified\":\"2023-03-13T18:27:49+00:00\",\"breadcrumb\":{\"@id\":\"https:\/\/www.hotelsilvermilano.com\/fr\/promotions\/forfait-anniversaire-e-60\/#breadcrumb\"},\"inLanguage\":\"fr-FR\",\"potentialAction\":[{\"@type\":\"ReadAction\",\"target\":[\"https:\/\/www.hotelsilvermilano.com\/fr\/promotions\/forfait-anniversaire-e-60\/\"]}]},{\"@type\":\"ImageObject\",\"inLanguage\":\"fr-FR\",\"@id\":\"https:\/\/www.hotelsilvermilano.com\/fr\/promotions\/forfait-anniversaire-e-60\/#primaryimage\",\"url\":\"https:\/\/www.hotelsilvermilano.com\/wp-content\/uploads\/sites\/12\/2021\/01\/happy-birthday-2338813_1920.jpg\",\"contentUrl\":\"https:\/\/www.hotelsilvermilano.com\/wp-content\/uploads\/sites\/12\/2021\/01\/happy-birthday-2338813_1920.jpg\",\"width\":1800,\"height\":1200,\"caption\":\"Pacchetto compleanno\"},{\"@type\":\"BreadcrumbList\",\"@id\":\"https:\/\/www.hotelsilvermilano.com\/fr\/promotions\/forfait-anniversaire-e-60\/#breadcrumb\",\"itemListElement\":[{\"@type\":\"ListItem\",\"position\":1,\"name\":\"Home\",\"item\":\"https:\/\/www.hotelsilvermilano.com\/fr\/\"},{\"@type\":\"ListItem\",\"position\":2,\"name\":\"Promotions\",\"item\":\"https:\/\/www.hotelsilvermilano.com\/fr\/promotions\/\"},{\"@type\":\"ListItem\",\"position\":3,\"name\":\"Forfait Anniversaire -\u20ac 60\"}]},{\"@type\":\"WebSite\",\"@id\":\"https:\/\/www.hotelsilvermilano.com\/fr\/#website\",\"url\":\"https:\/\/www.hotelsilvermilano.com\/fr\/\",\"name\":\"Silver Hotel\",\"description\":\"Just another ms.decms.eu site\",\"potentialAction\":[{\"@type\":\"SearchAction\",\"target\":{\"@type\":\"EntryPoint\",\"urlTemplate\":\"https:\/\/www.hotelsilvermilano.com\/fr\/?s={search_term_string}\"},\"query-input\":{\"@type\":\"PropertyValueSpecification\",\"valueRequired\":true,\"valueName\":\"search_term_string\"}}],\"inLanguage\":\"fr-FR\"}]}<\/script>\n<!-- \/ Yoast SEO plugin. -->","yoast_head_json":{"title":"Forfait Anniversaire -\u20ac 60 - Silver Hotel","robots":{"index":"index","follow":"follow","max-snippet":"max-snippet:-1","max-image-preview":"max-image-preview:large","max-video-preview":"max-video-preview:-1"},"canonical":"https:\/\/www.hotelsilvermilano.com\/fr\/promotions\/forfait-anniversaire-e-60\/","og_locale":"fr_FR","og_type":"article","og_title":"Forfait Anniversaire -\u20ac 60 - Silver Hotel","og_description":"Le forfait comprend: Am\u00e9nagement romantique de la chambre avec des p\u00e9tales de rose Bouteille de Spumante Ensemble de courtoisie riche VIP Disponible du lundi au dimanche sur r\u00e9servation d&rsquo;au moins 48 heures 60,00 \u20ac, prix de la chambre non compris Demande de r\u00e9servation","og_url":"https:\/\/www.hotelsilvermilano.com\/fr\/promotions\/forfait-anniversaire-e-60\/","og_site_name":"Silver Hotel","article_modified_time":"2023-03-13T18:27:49+00:00","og_image":[{"width":1800,"height":1200,"url":"https:\/\/www.hotelsilvermilano.com\/wp-content\/uploads\/sites\/12\/2021\/01\/happy-birthday-2338813_1920.jpg","type":"image\/jpeg"}],"twitter_card":"summary_large_image","twitter_misc":{"Dur\u00e9e de lecture estim\u00e9e":"1 minute"},"schema":{"@context":"https:\/\/schema.org","@graph":[{"@type":"WebPage","@id":"https:\/\/www.hotelsilvermilano.com\/fr\/promotions\/forfait-anniversaire-e-60\/","url":"https:\/\/www.hotelsilvermilano.com\/fr\/promotions\/forfait-anniversaire-e-60\/","name":"Forfait Anniversaire -\u20ac 60 - Silver Hotel","isPartOf":{"@id":"https:\/\/www.hotelsilvermilano.com\/fr\/#website"},"primaryImageOfPage":{"@id":"https:\/\/www.hotelsilvermilano.com\/fr\/promotions\/forfait-anniversaire-e-60\/#primaryimage"},"image":{"@id":"https:\/\/www.hotelsilvermilano.com\/fr\/promotions\/forfait-anniversaire-e-60\/#primaryimage"},"thumbnailUrl":"https:\/\/www.hotelsilvermilano.com\/wp-content\/uploads\/sites\/12\/2021\/01\/happy-birthday-2338813_1920.jpg","datePublished":"2021-01-25T18:32:45+00:00","dateModified":"2023-03-13T18:27:49+00:00","breadcrumb":{"@id":"https:\/\/www.hotelsilvermilano.com\/fr\/promotions\/forfait-anniversaire-e-60\/#breadcrumb"},"inLanguage":"fr-FR","potentialAction":[{"@type":"ReadAction","target":["https:\/\/www.hotelsilvermilano.com\/fr\/promotions\/forfait-anniversaire-e-60\/"]}]},{"@type":"ImageObject","inLanguage":"fr-FR","@id":"https:\/\/www.hotelsilvermilano.com\/fr\/promotions\/forfait-anniversaire-e-60\/#primaryimage","url":"https:\/\/www.hotelsilvermilano.com\/wp-content\/uploads\/sites\/12\/2021\/01\/happy-birthday-2338813_1920.jpg","contentUrl":"https:\/\/www.hotelsilvermilano.com\/wp-content\/uploads\/sites\/12\/2021\/01\/happy-birthday-2338813_1920.jpg","width":1800,"height":1200,"caption":"Pacchetto compleanno"},{"@type":"BreadcrumbList","@id":"https:\/\/www.hotelsilvermilano.com\/fr\/promotions\/forfait-anniversaire-e-60\/#breadcrumb","itemListElement":[{"@type":"ListItem","position":1,"name":"Home","item":"https:\/\/www.hotelsilvermilano.com\/fr\/"},{"@type":"ListItem","position":2,"name":"Promotions","item":"https:\/\/www.hotelsilvermilano.com\/fr\/promotions\/"},{"@type":"ListItem","position":3,"name":"Forfait Anniversaire -\u20ac 60"}]},{"@type":"WebSite","@id":"https:\/\/www.hotelsilvermilano.com\/fr\/#website","url":"https:\/\/www.hotelsilvermilano.com\/fr\/","name":"Silver Hotel","description":"Just another ms.decms.eu site","potentialAction":[{"@type":"SearchAction","target":{"@type":"EntryPoint","urlTemplate":"https:\/\/www.hotelsilvermilano.com\/fr\/?s={search_term_string}"},"query-input":{"@type":"PropertyValueSpecification","valueRequired":true,"valueName":"search_term_string"}}],"inLanguage":"fr-FR"}]}},"acf":[],"_links":{"self":[{"href":"https:\/\/www.hotelsilvermilano.com\/fr\/wp-json\/wp\/v2\/pages\/1748","targetHints":{"allow":["GET"]}}],"collection":[{"href":"https:\/\/www.hotelsilvermilano.com\/fr\/wp-json\/wp\/v2\/pages"}],"about":[{"href":"https:\/\/www.hotelsilvermilano.com\/fr\/wp-json\/wp\/v2\/types\/page"}],"author":[{"embeddable":true,"href":"https:\/\/www.hotelsilvermilano.com\/fr\/wp-json\/wp\/v2\/users\/68"}],"replies":[{"embeddable":true,"href":"https:\/\/www.hotelsilvermilano.com\/fr\/wp-json\/wp\/v2\/comments?post=1748"}],"version-history":[{"count":0,"href":"https:\/\/www.hotelsilvermilano.com\/fr\/wp-json\/wp\/v2\/pages\/1748\/revisions"}],"up":[{"embeddable":true,"href":"https:\/\/www.hotelsilvermilano.com\/fr\/wp-json\/wp\/v2\/pages\/734"}],"wp:featuredmedia":[{"embeddable":true,"href":"https:\/\/www.hotelsilvermilano.com\/fr\/wp-json\/wp\/v2\/media\/1745"}],"wp:attachment":[{"href":"https:\/\/www.hotelsilvermilano.com\/fr\/wp-json\/wp\/v2\/media?parent=1748"}],"curies":[{"name":"wp","href":"https:\/\/api.w.org\/{rel}","templated":true}]}}