{"id":1759,"date":"2021-01-25T19:30:01","date_gmt":"2021-01-25T19:30:01","guid":{"rendered":"https:\/\/www.hotelsilvermilano.com\/?page_id=1759"},"modified":"2023-03-13T16:10:16","modified_gmt":"2023-03-13T16:10:16","slug":"relax-gout","status":"publish","type":"page","link":"https:\/\/www.hotelsilvermilano.com\/fr\/promotions\/relax-gout\/","title":{"rendered":"Relax &amp; Go\u00fbt"},"content":{"rendered":"<p id=\"tw-target-text\" class=\"tw-data-text tw-text-large XcVN5d tw-ta\" dir=\"ltr\" data-placeholder=\"Traduzione\"><span lang=\"fr\">Service pour 2 personnes: <\/span><\/p>\n<p class=\"tw-data-text tw-text-large XcVN5d tw-ta\" dir=\"ltr\" data-placeholder=\"Traduzione\"><span lang=\"fr\">&#8211; 1 nuit en chambre classique avec jacuzzi<br \/>\n&#8211; 1 petit-d\u00e9jeuner buffet pour 2 personnes<br \/>\n&#8211; Free parking place<br \/>\n&#8211; 1 d\u00eener exclusif pour deux personnes (2 plats, boissons non comprises)<br \/>\n&#8211; un service de navette aller-retour gratuit de l&rsquo;h\u00f4tel \u00e0 la station de m\u00e9tro la plus proche &#8211; station Bisceglie <\/span><\/p>\n<p class=\"tw-data-text tw-text-large XcVN5d tw-ta\" dir=\"ltr\" data-placeholder=\"Traduzione\"><span lang=\"fr\">Prix \u200b\u200bpromo: 199,00 \u20ac<\/span><\/p>\n<p style=\"text-align: center\"><a class=\"promobutton\" href=\"https:\/\/www.hotelsilvermilano.com\/fr\/contacts\/\" target=\"_blank\" rel=\"noopener\">Demande de r\u00e9servation<\/a><\/p>\n","protected":false},"excerpt":{"rendered":"<p>Service pour 2 personnes: &#8211; 1 nuit en chambre classique avec jacuzzi &#8211; 1 petit-d\u00e9jeuner buffet pour 2 personnes &#8211; Free parking place &#8211; 1 d\u00eener exclusif pour deux personnes (2 plats, boissons non comprises) &#8211; un service de navette aller-retour gratuit de l&rsquo;h\u00f4tel \u00e0 la station de m\u00e9tro la plus proche &#8211; station Bisceglie [&hellip;]<\/p>\n","protected":false},"author":68,"featured_media":1754,"parent":734,"menu_order":2,"comment_status":"closed","ping_status":"closed","template":"","meta":{"footnotes":""},"class_list":["post-1759","page","type-page","status-publish","has-post-thumbnail","hentry"],"yoast_head":"<!-- This site is optimized with the Yoast SEO plugin v26.9 - https:\/\/yoast.com\/product\/yoast-seo-wordpress\/ -->\n<title>Relax &amp; Go\u00fbt - Silver Hotel<\/title>\n<meta name=\"robots\" content=\"index, follow, max-snippet:-1, max-image-preview:large, max-video-preview:-1\" \/>\n<link rel=\"canonical\" href=\"https:\/\/www.hotelsilvermilano.com\/fr\/promotions\/relax-gout\/\" \/>\n<meta property=\"og:locale\" content=\"fr_FR\" \/>\n<meta property=\"og:type\" content=\"article\" \/>\n<meta property=\"og:title\" content=\"Relax &amp; Go\u00fbt - Silver Hotel\" \/>\n<meta property=\"og:description\" content=\"Service pour 2 personnes: &#8211; 1 nuit en chambre classique avec jacuzzi &#8211; 1 petit-d\u00e9jeuner buffet pour 2 personnes &#8211; Free parking place &#8211; 1 d\u00eener exclusif pour deux personnes (2 plats, boissons non comprises) &#8211; un service de navette aller-retour gratuit de l&rsquo;h\u00f4tel \u00e0 la station de m\u00e9tro la plus proche &#8211; station Bisceglie [&hellip;]\" \/>\n<meta property=\"og:url\" content=\"https:\/\/www.hotelsilvermilano.com\/fr\/promotions\/relax-gout\/\" \/>\n<meta property=\"og:site_name\" content=\"Silver Hotel\" \/>\n<meta property=\"article:modified_time\" content=\"2023-03-13T16:10:16+00:00\" \/>\n<meta property=\"og:image\" content=\"https:\/\/www.hotelsilvermilano.com\/wp-content\/uploads\/sites\/12\/2021\/01\/dish-918613_1920.jpg\" \/>\n\t<meta property=\"og:image:width\" content=\"1800\" \/>\n\t<meta property=\"og:image:height\" content=\"1200\" \/>\n\t<meta property=\"og:image:type\" content=\"image\/jpeg\" \/>\n<meta name=\"twitter:card\" content=\"summary_large_image\" \/>\n<meta name=\"twitter:label1\" content=\"Dur\u00e9e de lecture estim\u00e9e\" \/>\n\t<meta name=\"twitter:data1\" content=\"1 minute\" \/>\n<script type=\"application\/ld+json\" class=\"yoast-schema-graph\">{\"@context\":\"https:\/\/schema.org\",\"@graph\":[{\"@type\":\"WebPage\",\"@id\":\"https:\/\/www.hotelsilvermilano.com\/fr\/promotions\/relax-gout\/\",\"url\":\"https:\/\/www.hotelsilvermilano.com\/fr\/promotions\/relax-gout\/\",\"name\":\"Relax &amp; Go\u00fbt - Silver Hotel\",\"isPartOf\":{\"@id\":\"https:\/\/www.hotelsilvermilano.com\/fr\/#website\"},\"primaryImageOfPage\":{\"@id\":\"https:\/\/www.hotelsilvermilano.com\/fr\/promotions\/relax-gout\/#primaryimage\"},\"image\":{\"@id\":\"https:\/\/www.hotelsilvermilano.com\/fr\/promotions\/relax-gout\/#primaryimage\"},\"thumbnailUrl\":\"https:\/\/www.hotelsilvermilano.com\/wp-content\/uploads\/sites\/12\/2021\/01\/dish-918613_1920.jpg\",\"datePublished\":\"2021-01-25T19:30:01+00:00\",\"dateModified\":\"2023-03-13T16:10:16+00:00\",\"breadcrumb\":{\"@id\":\"https:\/\/www.hotelsilvermilano.com\/fr\/promotions\/relax-gout\/#breadcrumb\"},\"inLanguage\":\"fr-FR\",\"potentialAction\":[{\"@type\":\"ReadAction\",\"target\":[\"https:\/\/www.hotelsilvermilano.com\/fr\/promotions\/relax-gout\/\"]}]},{\"@type\":\"ImageObject\",\"inLanguage\":\"fr-FR\",\"@id\":\"https:\/\/www.hotelsilvermilano.com\/fr\/promotions\/relax-gout\/#primaryimage\",\"url\":\"https:\/\/www.hotelsilvermilano.com\/wp-content\/uploads\/sites\/12\/2021\/01\/dish-918613_1920.jpg\",\"contentUrl\":\"https:\/\/www.hotelsilvermilano.com\/wp-content\/uploads\/sites\/12\/2021\/01\/dish-918613_1920.jpg\",\"width\":1800,\"height\":1200,\"caption\":\"Relax e sapori\"},{\"@type\":\"BreadcrumbList\",\"@id\":\"https:\/\/www.hotelsilvermilano.com\/fr\/promotions\/relax-gout\/#breadcrumb\",\"itemListElement\":[{\"@type\":\"ListItem\",\"position\":1,\"name\":\"Home\",\"item\":\"https:\/\/www.hotelsilvermilano.com\/fr\/\"},{\"@type\":\"ListItem\",\"position\":2,\"name\":\"Promotions\",\"item\":\"https:\/\/www.hotelsilvermilano.com\/fr\/promotions\/\"},{\"@type\":\"ListItem\",\"position\":3,\"name\":\"Relax &amp; Go\u00fbt\"}]},{\"@type\":\"WebSite\",\"@id\":\"https:\/\/www.hotelsilvermilano.com\/fr\/#website\",\"url\":\"https:\/\/www.hotelsilvermilano.com\/fr\/\",\"name\":\"Silver Hotel\",\"description\":\"Just another ms.decms.eu site\",\"potentialAction\":[{\"@type\":\"SearchAction\",\"target\":{\"@type\":\"EntryPoint\",\"urlTemplate\":\"https:\/\/www.hotelsilvermilano.com\/fr\/?s={search_term_string}\"},\"query-input\":{\"@type\":\"PropertyValueSpecification\",\"valueRequired\":true,\"valueName\":\"search_term_string\"}}],\"inLanguage\":\"fr-FR\"}]}<\/script>\n<!-- \/ Yoast SEO plugin. -->","yoast_head_json":{"title":"Relax &amp; Go\u00fbt - Silver Hotel","robots":{"index":"index","follow":"follow","max-snippet":"max-snippet:-1","max-image-preview":"max-image-preview:large","max-video-preview":"max-video-preview:-1"},"canonical":"https:\/\/www.hotelsilvermilano.com\/fr\/promotions\/relax-gout\/","og_locale":"fr_FR","og_type":"article","og_title":"Relax &amp; Go\u00fbt - Silver Hotel","og_description":"Service pour 2 personnes: &#8211; 1 nuit en chambre classique avec jacuzzi &#8211; 1 petit-d\u00e9jeuner buffet pour 2 personnes &#8211; Free parking place &#8211; 1 d\u00eener exclusif pour deux personnes (2 plats, boissons non comprises) &#8211; un service de navette aller-retour gratuit de l&rsquo;h\u00f4tel \u00e0 la station de m\u00e9tro la plus proche &#8211; station Bisceglie [&hellip;]","og_url":"https:\/\/www.hotelsilvermilano.com\/fr\/promotions\/relax-gout\/","og_site_name":"Silver Hotel","article_modified_time":"2023-03-13T16:10:16+00:00","og_image":[{"width":1800,"height":1200,"url":"https:\/\/www.hotelsilvermilano.com\/wp-content\/uploads\/sites\/12\/2021\/01\/dish-918613_1920.jpg","type":"image\/jpeg"}],"twitter_card":"summary_large_image","twitter_misc":{"Dur\u00e9e de lecture estim\u00e9e":"1 minute"},"schema":{"@context":"https:\/\/schema.org","@graph":[{"@type":"WebPage","@id":"https:\/\/www.hotelsilvermilano.com\/fr\/promotions\/relax-gout\/","url":"https:\/\/www.hotelsilvermilano.com\/fr\/promotions\/relax-gout\/","name":"Relax &amp; Go\u00fbt - Silver Hotel","isPartOf":{"@id":"https:\/\/www.hotelsilvermilano.com\/fr\/#website"},"primaryImageOfPage":{"@id":"https:\/\/www.hotelsilvermilano.com\/fr\/promotions\/relax-gout\/#primaryimage"},"image":{"@id":"https:\/\/www.hotelsilvermilano.com\/fr\/promotions\/relax-gout\/#primaryimage"},"thumbnailUrl":"https:\/\/www.hotelsilvermilano.com\/wp-content\/uploads\/sites\/12\/2021\/01\/dish-918613_1920.jpg","datePublished":"2021-01-25T19:30:01+00:00","dateModified":"2023-03-13T16:10:16+00:00","breadcrumb":{"@id":"https:\/\/www.hotelsilvermilano.com\/fr\/promotions\/relax-gout\/#breadcrumb"},"inLanguage":"fr-FR","potentialAction":[{"@type":"ReadAction","target":["https:\/\/www.hotelsilvermilano.com\/fr\/promotions\/relax-gout\/"]}]},{"@type":"ImageObject","inLanguage":"fr-FR","@id":"https:\/\/www.hotelsilvermilano.com\/fr\/promotions\/relax-gout\/#primaryimage","url":"https:\/\/www.hotelsilvermilano.com\/wp-content\/uploads\/sites\/12\/2021\/01\/dish-918613_1920.jpg","contentUrl":"https:\/\/www.hotelsilvermilano.com\/wp-content\/uploads\/sites\/12\/2021\/01\/dish-918613_1920.jpg","width":1800,"height":1200,"caption":"Relax e sapori"},{"@type":"BreadcrumbList","@id":"https:\/\/www.hotelsilvermilano.com\/fr\/promotions\/relax-gout\/#breadcrumb","itemListElement":[{"@type":"ListItem","position":1,"name":"Home","item":"https:\/\/www.hotelsilvermilano.com\/fr\/"},{"@type":"ListItem","position":2,"name":"Promotions","item":"https:\/\/www.hotelsilvermilano.com\/fr\/promotions\/"},{"@type":"ListItem","position":3,"name":"Relax &amp; Go\u00fbt"}]},{"@type":"WebSite","@id":"https:\/\/www.hotelsilvermilano.com\/fr\/#website","url":"https:\/\/www.hotelsilvermilano.com\/fr\/","name":"Silver Hotel","description":"Just another ms.decms.eu site","potentialAction":[{"@type":"SearchAction","target":{"@type":"EntryPoint","urlTemplate":"https:\/\/www.hotelsilvermilano.com\/fr\/?s={search_term_string}"},"query-input":{"@type":"PropertyValueSpecification","valueRequired":true,"valueName":"search_term_string"}}],"inLanguage":"fr-FR"}]}},"acf":[],"_links":{"self":[{"href":"https:\/\/www.hotelsilvermilano.com\/fr\/wp-json\/wp\/v2\/pages\/1759","targetHints":{"allow":["GET"]}}],"collection":[{"href":"https:\/\/www.hotelsilvermilano.com\/fr\/wp-json\/wp\/v2\/pages"}],"about":[{"href":"https:\/\/www.hotelsilvermilano.com\/fr\/wp-json\/wp\/v2\/types\/page"}],"author":[{"embeddable":true,"href":"https:\/\/www.hotelsilvermilano.com\/fr\/wp-json\/wp\/v2\/users\/68"}],"replies":[{"embeddable":true,"href":"https:\/\/www.hotelsilvermilano.com\/fr\/wp-json\/wp\/v2\/comments?post=1759"}],"version-history":[{"count":0,"href":"https:\/\/www.hotelsilvermilano.com\/fr\/wp-json\/wp\/v2\/pages\/1759\/revisions"}],"up":[{"embeddable":true,"href":"https:\/\/www.hotelsilvermilano.com\/fr\/wp-json\/wp\/v2\/pages\/734"}],"wp:featuredmedia":[{"embeddable":true,"href":"https:\/\/www.hotelsilvermilano.com\/fr\/wp-json\/wp\/v2\/media\/1754"}],"wp:attachment":[{"href":"https:\/\/www.hotelsilvermilano.com\/fr\/wp-json\/wp\/v2\/media?parent=1759"}],"curies":[{"name":"wp","href":"https:\/\/api.w.org\/{rel}","templated":true}]}}