{"id":1798,"date":"2021-06-16T15:18:44","date_gmt":"2021-06-16T15:18:44","guid":{"rendered":"https:\/\/www.hotelsilvermilano.com\/?page_id=1798"},"modified":"2023-03-13T15:58:56","modified_gmt":"2023-03-13T15:58:56","slug":"diner-romantique-milan","status":"publish","type":"page","link":"https:\/\/www.hotelsilvermilano.com\/fr\/promotions\/diner-romantique-milan\/","title":{"rendered":"D\u00eener romantique \u20ac 70"},"content":{"rendered":"<p id=\"tw-target-text\" class=\"tw-data-text tw-text-large XcVN5d tw-ta\" dir=\"ltr\" data-placeholder=\"Traduzione\"><span class=\"Y2IQFc\" lang=\"fr\">R\u00e9servez votre d\u00eener pour 2 dans notre Silver Bistrot, un endroit id\u00e9al pour passer une soir\u00e9e pleine de go\u00fbt et de romantisme.<\/span><\/p>\n<p class=\"tw-data-text tw-text-large XcVN5d tw-ta\" dir=\"ltr\" data-placeholder=\"Traduzione\"><span class=\"Y2IQFc\" lang=\"fr\">Co\u00fbt du forfait : 70,00 \u20ac (2 cours,boissons non comprises)<\/span><\/p>\n<p dir=\"ltr\" style=\"text-align: center\" data-placeholder=\"Traduzione\"><a class=\"promobutton\" href=\"https:\/\/www.hotelsilvermilano.com\/fr\/contacts\/\" target=\"_blank\" rel=\"noopener\">Booking request<\/a><\/p>\n","protected":false},"excerpt":{"rendered":"<p>R\u00e9servez votre d\u00eener pour 2 dans notre Silver Bistrot, un endroit id\u00e9al pour passer une soir\u00e9e pleine de go\u00fbt et de romantisme. Co\u00fbt du forfait : 70,00 \u20ac (2 cours,boissons non comprises) Booking request<\/p>\n","protected":false},"author":68,"featured_media":1795,"parent":734,"menu_order":6,"comment_status":"closed","ping_status":"closed","template":"","meta":{"footnotes":""},"class_list":["post-1798","page","type-page","status-publish","has-post-thumbnail","hentry"],"yoast_head":"<!-- This site is optimized with the Yoast SEO plugin v26.9 - https:\/\/yoast.com\/product\/yoast-seo-wordpress\/ -->\n<title>D\u00eener romantique \u20ac 70 - Silver Hotel<\/title>\n<meta name=\"robots\" content=\"index, follow, max-snippet:-1, max-image-preview:large, max-video-preview:-1\" \/>\n<link rel=\"canonical\" href=\"https:\/\/www.hotelsilvermilano.com\/fr\/promotions\/diner-romantique-milan\/\" \/>\n<meta property=\"og:locale\" content=\"fr_FR\" \/>\n<meta property=\"og:type\" content=\"article\" \/>\n<meta property=\"og:title\" content=\"D\u00eener romantique \u20ac 70 - Silver Hotel\" \/>\n<meta property=\"og:description\" content=\"R\u00e9servez votre d\u00eener pour 2 dans notre Silver Bistrot, un endroit id\u00e9al pour passer une soir\u00e9e pleine de go\u00fbt et de romantisme. Co\u00fbt du forfait : 70,00 \u20ac (2 cours,boissons non comprises) Booking request\" \/>\n<meta property=\"og:url\" content=\"https:\/\/www.hotelsilvermilano.com\/fr\/promotions\/diner-romantique-milan\/\" \/>\n<meta property=\"og:site_name\" content=\"Silver Hotel\" \/>\n<meta property=\"article:modified_time\" content=\"2023-03-13T15:58:56+00:00\" \/>\n<meta property=\"og:image\" content=\"https:\/\/www.hotelsilvermilano.com\/wp-content\/uploads\/sites\/12\/2021\/06\/elegant-tableware-1431790_1920.jpg\" \/>\n\t<meta property=\"og:image:width\" content=\"1799\" \/>\n\t<meta property=\"og:image:height\" content=\"1200\" \/>\n\t<meta property=\"og:image:type\" content=\"image\/jpeg\" \/>\n<meta name=\"twitter:card\" content=\"summary_large_image\" \/>\n<meta name=\"twitter:label1\" content=\"Dur\u00e9e de lecture estim\u00e9e\" \/>\n\t<meta name=\"twitter:data1\" content=\"1 minute\" \/>\n<script type=\"application\/ld+json\" class=\"yoast-schema-graph\">{\"@context\":\"https:\/\/schema.org\",\"@graph\":[{\"@type\":\"WebPage\",\"@id\":\"https:\/\/www.hotelsilvermilano.com\/fr\/promotions\/diner-romantique-milan\/\",\"url\":\"https:\/\/www.hotelsilvermilano.com\/fr\/promotions\/diner-romantique-milan\/\",\"name\":\"D\u00eener romantique \u20ac 70 - Silver Hotel\",\"isPartOf\":{\"@id\":\"https:\/\/www.hotelsilvermilano.com\/fr\/#website\"},\"primaryImageOfPage\":{\"@id\":\"https:\/\/www.hotelsilvermilano.com\/fr\/promotions\/diner-romantique-milan\/#primaryimage\"},\"image\":{\"@id\":\"https:\/\/www.hotelsilvermilano.com\/fr\/promotions\/diner-romantique-milan\/#primaryimage\"},\"thumbnailUrl\":\"https:\/\/www.hotelsilvermilano.com\/wp-content\/uploads\/sites\/12\/2021\/06\/elegant-tableware-1431790_1920.jpg\",\"datePublished\":\"2021-06-16T15:18:44+00:00\",\"dateModified\":\"2023-03-13T15:58:56+00:00\",\"breadcrumb\":{\"@id\":\"https:\/\/www.hotelsilvermilano.com\/fr\/promotions\/diner-romantique-milan\/#breadcrumb\"},\"inLanguage\":\"fr-FR\",\"potentialAction\":[{\"@type\":\"ReadAction\",\"target\":[\"https:\/\/www.hotelsilvermilano.com\/fr\/promotions\/diner-romantique-milan\/\"]}]},{\"@type\":\"ImageObject\",\"inLanguage\":\"fr-FR\",\"@id\":\"https:\/\/www.hotelsilvermilano.com\/fr\/promotions\/diner-romantique-milan\/#primaryimage\",\"url\":\"https:\/\/www.hotelsilvermilano.com\/wp-content\/uploads\/sites\/12\/2021\/06\/elegant-tableware-1431790_1920.jpg\",\"contentUrl\":\"https:\/\/www.hotelsilvermilano.com\/wp-content\/uploads\/sites\/12\/2021\/06\/elegant-tableware-1431790_1920.jpg\",\"width\":1799,\"height\":1200,\"caption\":\"Cena romantica Milano\"},{\"@type\":\"BreadcrumbList\",\"@id\":\"https:\/\/www.hotelsilvermilano.com\/fr\/promotions\/diner-romantique-milan\/#breadcrumb\",\"itemListElement\":[{\"@type\":\"ListItem\",\"position\":1,\"name\":\"Home\",\"item\":\"https:\/\/www.hotelsilvermilano.com\/fr\/\"},{\"@type\":\"ListItem\",\"position\":2,\"name\":\"Promotions\",\"item\":\"https:\/\/www.hotelsilvermilano.com\/fr\/promotions\/\"},{\"@type\":\"ListItem\",\"position\":3,\"name\":\"D\u00eener romantique \u20ac 70\"}]},{\"@type\":\"WebSite\",\"@id\":\"https:\/\/www.hotelsilvermilano.com\/fr\/#website\",\"url\":\"https:\/\/www.hotelsilvermilano.com\/fr\/\",\"name\":\"Silver Hotel\",\"description\":\"Just another ms.decms.eu site\",\"potentialAction\":[{\"@type\":\"SearchAction\",\"target\":{\"@type\":\"EntryPoint\",\"urlTemplate\":\"https:\/\/www.hotelsilvermilano.com\/fr\/?s={search_term_string}\"},\"query-input\":{\"@type\":\"PropertyValueSpecification\",\"valueRequired\":true,\"valueName\":\"search_term_string\"}}],\"inLanguage\":\"fr-FR\"}]}<\/script>\n<!-- \/ Yoast SEO plugin. -->","yoast_head_json":{"title":"D\u00eener romantique \u20ac 70 - Silver Hotel","robots":{"index":"index","follow":"follow","max-snippet":"max-snippet:-1","max-image-preview":"max-image-preview:large","max-video-preview":"max-video-preview:-1"},"canonical":"https:\/\/www.hotelsilvermilano.com\/fr\/promotions\/diner-romantique-milan\/","og_locale":"fr_FR","og_type":"article","og_title":"D\u00eener romantique \u20ac 70 - Silver Hotel","og_description":"R\u00e9servez votre d\u00eener pour 2 dans notre Silver Bistrot, un endroit id\u00e9al pour passer une soir\u00e9e pleine de go\u00fbt et de romantisme. Co\u00fbt du forfait : 70,00 \u20ac (2 cours,boissons non comprises) Booking request","og_url":"https:\/\/www.hotelsilvermilano.com\/fr\/promotions\/diner-romantique-milan\/","og_site_name":"Silver Hotel","article_modified_time":"2023-03-13T15:58:56+00:00","og_image":[{"width":1799,"height":1200,"url":"https:\/\/www.hotelsilvermilano.com\/wp-content\/uploads\/sites\/12\/2021\/06\/elegant-tableware-1431790_1920.jpg","type":"image\/jpeg"}],"twitter_card":"summary_large_image","twitter_misc":{"Dur\u00e9e de lecture estim\u00e9e":"1 minute"},"schema":{"@context":"https:\/\/schema.org","@graph":[{"@type":"WebPage","@id":"https:\/\/www.hotelsilvermilano.com\/fr\/promotions\/diner-romantique-milan\/","url":"https:\/\/www.hotelsilvermilano.com\/fr\/promotions\/diner-romantique-milan\/","name":"D\u00eener romantique \u20ac 70 - Silver Hotel","isPartOf":{"@id":"https:\/\/www.hotelsilvermilano.com\/fr\/#website"},"primaryImageOfPage":{"@id":"https:\/\/www.hotelsilvermilano.com\/fr\/promotions\/diner-romantique-milan\/#primaryimage"},"image":{"@id":"https:\/\/www.hotelsilvermilano.com\/fr\/promotions\/diner-romantique-milan\/#primaryimage"},"thumbnailUrl":"https:\/\/www.hotelsilvermilano.com\/wp-content\/uploads\/sites\/12\/2021\/06\/elegant-tableware-1431790_1920.jpg","datePublished":"2021-06-16T15:18:44+00:00","dateModified":"2023-03-13T15:58:56+00:00","breadcrumb":{"@id":"https:\/\/www.hotelsilvermilano.com\/fr\/promotions\/diner-romantique-milan\/#breadcrumb"},"inLanguage":"fr-FR","potentialAction":[{"@type":"ReadAction","target":["https:\/\/www.hotelsilvermilano.com\/fr\/promotions\/diner-romantique-milan\/"]}]},{"@type":"ImageObject","inLanguage":"fr-FR","@id":"https:\/\/www.hotelsilvermilano.com\/fr\/promotions\/diner-romantique-milan\/#primaryimage","url":"https:\/\/www.hotelsilvermilano.com\/wp-content\/uploads\/sites\/12\/2021\/06\/elegant-tableware-1431790_1920.jpg","contentUrl":"https:\/\/www.hotelsilvermilano.com\/wp-content\/uploads\/sites\/12\/2021\/06\/elegant-tableware-1431790_1920.jpg","width":1799,"height":1200,"caption":"Cena romantica Milano"},{"@type":"BreadcrumbList","@id":"https:\/\/www.hotelsilvermilano.com\/fr\/promotions\/diner-romantique-milan\/#breadcrumb","itemListElement":[{"@type":"ListItem","position":1,"name":"Home","item":"https:\/\/www.hotelsilvermilano.com\/fr\/"},{"@type":"ListItem","position":2,"name":"Promotions","item":"https:\/\/www.hotelsilvermilano.com\/fr\/promotions\/"},{"@type":"ListItem","position":3,"name":"D\u00eener romantique \u20ac 70"}]},{"@type":"WebSite","@id":"https:\/\/www.hotelsilvermilano.com\/fr\/#website","url":"https:\/\/www.hotelsilvermilano.com\/fr\/","name":"Silver Hotel","description":"Just another ms.decms.eu site","potentialAction":[{"@type":"SearchAction","target":{"@type":"EntryPoint","urlTemplate":"https:\/\/www.hotelsilvermilano.com\/fr\/?s={search_term_string}"},"query-input":{"@type":"PropertyValueSpecification","valueRequired":true,"valueName":"search_term_string"}}],"inLanguage":"fr-FR"}]}},"acf":[],"_links":{"self":[{"href":"https:\/\/www.hotelsilvermilano.com\/fr\/wp-json\/wp\/v2\/pages\/1798","targetHints":{"allow":["GET"]}}],"collection":[{"href":"https:\/\/www.hotelsilvermilano.com\/fr\/wp-json\/wp\/v2\/pages"}],"about":[{"href":"https:\/\/www.hotelsilvermilano.com\/fr\/wp-json\/wp\/v2\/types\/page"}],"author":[{"embeddable":true,"href":"https:\/\/www.hotelsilvermilano.com\/fr\/wp-json\/wp\/v2\/users\/68"}],"replies":[{"embeddable":true,"href":"https:\/\/www.hotelsilvermilano.com\/fr\/wp-json\/wp\/v2\/comments?post=1798"}],"version-history":[{"count":0,"href":"https:\/\/www.hotelsilvermilano.com\/fr\/wp-json\/wp\/v2\/pages\/1798\/revisions"}],"up":[{"embeddable":true,"href":"https:\/\/www.hotelsilvermilano.com\/fr\/wp-json\/wp\/v2\/pages\/734"}],"wp:featuredmedia":[{"embeddable":true,"href":"https:\/\/www.hotelsilvermilano.com\/fr\/wp-json\/wp\/v2\/media\/1795"}],"wp:attachment":[{"href":"https:\/\/www.hotelsilvermilano.com\/fr\/wp-json\/wp\/v2\/media?parent=1798"}],"curies":[{"name":"wp","href":"https:\/\/api.w.org\/{rel}","templated":true}]}}