{"id":54,"date":"2019-03-18T14:26:07","date_gmt":"2019-03-18T14:26:07","guid":{"rendered":"http:\/\/silverhotel.ms.decms.eu\/?page_id=54"},"modified":"2025-03-18T11:35:26","modified_gmt":"2025-03-18T11:35:26","slug":"hotel-silver","status":"publish","type":"page","link":"https:\/\/www.hotelsilvermilano.com\/fr\/","title":{"rendered":"H\u00f4tel Silver"},"content":{"rendered":"<p>L&rsquo;h\u00f4tel b\u00e9n\u00e9ficie d&rsquo;un emplacement id\u00e9al, \u00e0 seulement quelques minutes en voiture de le grand centre d&rsquo;exposition,la foire de Milan\/Rho, un de plus grande en Europe.<\/p>\n<p>Pendant les grandes foires commerciales, l&rsquo;h\u00f4tel propose une navette gratuite pour la foire. \u00c9l\u00e9gant et moderne, l\u2019<strong>H\u00f4tel Silver <\/strong>offre une hospitalit\u00e9 exceptionnelle et un haut niveau de confort.<br \/>\nL&rsquo;atmosph\u00e8re \u00e9l\u00e9gante et agr\u00e9able permet de vous d\u00e9tendre dans ce nouveau b\u00e2timent.<\/p>\n<p>\u00c9quip\u00e9 de la technologie la plus moderne et toutes sortes de confort.<br \/>\nLes chambres sont enti\u00e8rement insonoris\u00e9es o\u00f9 vous pourrez vous d\u00e9tendre dans le confort de nos lits. Les d\u00e9corations \u00e9l\u00e9gantes qui ornent les int\u00e9rieurs sont l\u00e0 pour vous rappeler que vous \u00eates dans la capitale de la mode et le design italien. L&rsquo;h\u00f4tel dispose d&rsquo;un gym enti\u00e8rement \u00e9quip\u00e9e et gratuit pour nos clients.<\/p>\n<p>Les clients de l&rsquo;h\u00f4tel jouiront sans doute de chaque instant de leur s\u00e9jour.<\/p>\n<p>D\u00e9couvrez ce que nos clients pensent de nous.<\/p>\n","protected":false},"excerpt":{"rendered":"<p>L&rsquo;h\u00f4tel b\u00e9n\u00e9ficie d&rsquo;un emplacement id\u00e9al, \u00e0 seulement quelques minutes en voiture de le grand centre d&rsquo;exposition,la foire de Milan\/Rho, un de plus grande en Europe. Pendant les grandes foires commerciales, l&rsquo;h\u00f4tel propose une navette gratuite pour la foire. \u00c9l\u00e9gant et moderne, l\u2019H\u00f4tel Silver offre une hospitalit\u00e9 exceptionnelle et un haut niveau de confort. L&rsquo;atmosph\u00e8re \u00e9l\u00e9gante [&hellip;]<\/p>\n","protected":false},"author":13,"featured_media":0,"parent":0,"menu_order":1,"comment_status":"closed","ping_status":"closed","template":"","meta":{"footnotes":""},"class_list":["post-54","page","type-page","status-publish","hentry"],"yoast_head":"<!-- This site is optimized with the Yoast SEO plugin v26.9 - https:\/\/yoast.com\/product\/yoast-seo-wordpress\/ -->\n<title>H\u00f4tel Silver - Silver Hotel<\/title>\n<meta name=\"robots\" content=\"index, follow, max-snippet:-1, max-image-preview:large, max-video-preview:-1\" \/>\n<link rel=\"canonical\" href=\"https:\/\/www.hotelsilvermilano.com\/fr\/\" \/>\n<meta property=\"og:locale\" content=\"fr_FR\" \/>\n<meta property=\"og:type\" content=\"article\" \/>\n<meta property=\"og:title\" content=\"H\u00f4tel Silver - Silver Hotel\" \/>\n<meta property=\"og:description\" content=\"L&rsquo;h\u00f4tel b\u00e9n\u00e9ficie d&rsquo;un emplacement id\u00e9al, \u00e0 seulement quelques minutes en voiture de le grand centre d&rsquo;exposition,la foire de Milan\/Rho, un de plus grande en Europe. Pendant les grandes foires commerciales, l&rsquo;h\u00f4tel propose une navette gratuite pour la foire. \u00c9l\u00e9gant et moderne, l\u2019H\u00f4tel Silver offre une hospitalit\u00e9 exceptionnelle et un haut niveau de confort. L&rsquo;atmosph\u00e8re \u00e9l\u00e9gante [&hellip;]\" \/>\n<meta property=\"og:url\" content=\"https:\/\/www.hotelsilvermilano.com\/fr\/\" \/>\n<meta property=\"og:site_name\" content=\"Silver Hotel\" \/>\n<meta property=\"article:modified_time\" content=\"2025-03-18T11:35:26+00:00\" \/>\n<meta name=\"twitter:card\" content=\"summary_large_image\" \/>\n<meta name=\"twitter:label1\" content=\"Dur\u00e9e de lecture estim\u00e9e\" \/>\n\t<meta name=\"twitter:data1\" content=\"1 minute\" \/>\n<script type=\"application\/ld+json\" class=\"yoast-schema-graph\">{\"@context\":\"https:\/\/schema.org\",\"@graph\":[{\"@type\":\"WebPage\",\"@id\":\"https:\/\/www.hotelsilvermilano.com\/fr\/\",\"url\":\"https:\/\/www.hotelsilvermilano.com\/fr\/\",\"name\":\"H\u00f4tel Silver - Silver Hotel\",\"isPartOf\":{\"@id\":\"https:\/\/www.hotelsilvermilano.com\/fr\/#website\"},\"datePublished\":\"2019-03-18T14:26:07+00:00\",\"dateModified\":\"2025-03-18T11:35:26+00:00\",\"breadcrumb\":{\"@id\":\"https:\/\/www.hotelsilvermilano.com\/fr\/#breadcrumb\"},\"inLanguage\":\"fr-FR\",\"potentialAction\":[{\"@type\":\"ReadAction\",\"target\":[\"https:\/\/www.hotelsilvermilano.com\/fr\/\"]}]},{\"@type\":\"BreadcrumbList\",\"@id\":\"https:\/\/www.hotelsilvermilano.com\/fr\/#breadcrumb\",\"itemListElement\":[{\"@type\":\"ListItem\",\"position\":1,\"name\":\"Home\",\"item\":\"https:\/\/www.hotelsilvermilano.com\/fr\/\"},{\"@type\":\"ListItem\",\"position\":2,\"name\":\"H\u00f4tel Silver\"}]},{\"@type\":\"WebSite\",\"@id\":\"https:\/\/www.hotelsilvermilano.com\/fr\/#website\",\"url\":\"https:\/\/www.hotelsilvermilano.com\/fr\/\",\"name\":\"Silver Hotel\",\"description\":\"Just another ms.decms.eu site\",\"potentialAction\":[{\"@type\":\"SearchAction\",\"target\":{\"@type\":\"EntryPoint\",\"urlTemplate\":\"https:\/\/www.hotelsilvermilano.com\/fr\/?s={search_term_string}\"},\"query-input\":{\"@type\":\"PropertyValueSpecification\",\"valueRequired\":true,\"valueName\":\"search_term_string\"}}],\"inLanguage\":\"fr-FR\"}]}<\/script>\n<!-- \/ Yoast SEO plugin. -->","yoast_head_json":{"title":"H\u00f4tel Silver - Silver Hotel","robots":{"index":"index","follow":"follow","max-snippet":"max-snippet:-1","max-image-preview":"max-image-preview:large","max-video-preview":"max-video-preview:-1"},"canonical":"https:\/\/www.hotelsilvermilano.com\/fr\/","og_locale":"fr_FR","og_type":"article","og_title":"H\u00f4tel Silver - Silver Hotel","og_description":"L&rsquo;h\u00f4tel b\u00e9n\u00e9ficie d&rsquo;un emplacement id\u00e9al, \u00e0 seulement quelques minutes en voiture de le grand centre d&rsquo;exposition,la foire de Milan\/Rho, un de plus grande en Europe. Pendant les grandes foires commerciales, l&rsquo;h\u00f4tel propose une navette gratuite pour la foire. \u00c9l\u00e9gant et moderne, l\u2019H\u00f4tel Silver offre une hospitalit\u00e9 exceptionnelle et un haut niveau de confort. L&rsquo;atmosph\u00e8re \u00e9l\u00e9gante [&hellip;]","og_url":"https:\/\/www.hotelsilvermilano.com\/fr\/","og_site_name":"Silver Hotel","article_modified_time":"2025-03-18T11:35:26+00:00","twitter_card":"summary_large_image","twitter_misc":{"Dur\u00e9e de lecture estim\u00e9e":"1 minute"},"schema":{"@context":"https:\/\/schema.org","@graph":[{"@type":"WebPage","@id":"https:\/\/www.hotelsilvermilano.com\/fr\/","url":"https:\/\/www.hotelsilvermilano.com\/fr\/","name":"H\u00f4tel Silver - Silver Hotel","isPartOf":{"@id":"https:\/\/www.hotelsilvermilano.com\/fr\/#website"},"datePublished":"2019-03-18T14:26:07+00:00","dateModified":"2025-03-18T11:35:26+00:00","breadcrumb":{"@id":"https:\/\/www.hotelsilvermilano.com\/fr\/#breadcrumb"},"inLanguage":"fr-FR","potentialAction":[{"@type":"ReadAction","target":["https:\/\/www.hotelsilvermilano.com\/fr\/"]}]},{"@type":"BreadcrumbList","@id":"https:\/\/www.hotelsilvermilano.com\/fr\/#breadcrumb","itemListElement":[{"@type":"ListItem","position":1,"name":"Home","item":"https:\/\/www.hotelsilvermilano.com\/fr\/"},{"@type":"ListItem","position":2,"name":"H\u00f4tel Silver"}]},{"@type":"WebSite","@id":"https:\/\/www.hotelsilvermilano.com\/fr\/#website","url":"https:\/\/www.hotelsilvermilano.com\/fr\/","name":"Silver Hotel","description":"Just another ms.decms.eu site","potentialAction":[{"@type":"SearchAction","target":{"@type":"EntryPoint","urlTemplate":"https:\/\/www.hotelsilvermilano.com\/fr\/?s={search_term_string}"},"query-input":{"@type":"PropertyValueSpecification","valueRequired":true,"valueName":"search_term_string"}}],"inLanguage":"fr-FR"}]}},"acf":[],"_links":{"self":[{"href":"https:\/\/www.hotelsilvermilano.com\/fr\/wp-json\/wp\/v2\/pages\/54","targetHints":{"allow":["GET"]}}],"collection":[{"href":"https:\/\/www.hotelsilvermilano.com\/fr\/wp-json\/wp\/v2\/pages"}],"about":[{"href":"https:\/\/www.hotelsilvermilano.com\/fr\/wp-json\/wp\/v2\/types\/page"}],"author":[{"embeddable":true,"href":"https:\/\/www.hotelsilvermilano.com\/fr\/wp-json\/wp\/v2\/users\/13"}],"replies":[{"embeddable":true,"href":"https:\/\/www.hotelsilvermilano.com\/fr\/wp-json\/wp\/v2\/comments?post=54"}],"version-history":[{"count":0,"href":"https:\/\/www.hotelsilvermilano.com\/fr\/wp-json\/wp\/v2\/pages\/54\/revisions"}],"wp:attachment":[{"href":"https:\/\/www.hotelsilvermilano.com\/fr\/wp-json\/wp\/v2\/media?parent=54"}],"curies":[{"name":"wp","href":"https:\/\/api.w.org\/{rel}","templated":true}]}}