{"id":67,"date":"2019-03-18T14:43:31","date_gmt":"2019-03-18T14:43:31","guid":{"rendered":"http:\/\/silverhotel.ms.decms.eu\/?page_id=67"},"modified":"2020-05-22T09:18:28","modified_gmt":"2020-05-22T09:18:28","slug":"double-a-usage-unique","status":"publish","type":"page","link":"https:\/\/www.hotelsilvermilano.com\/fr\/chambres\/double-a-usage-unique\/","title":{"rendered":"Double \u00e0 usage unique"},"content":{"rendered":"<p id=\"tw-target-text\" class=\"tw-data-text tw-text-large XcVN5d tw-ta\" dir=\"ltr\" data-placeholder=\"Traduzione\"><span lang=\"fr\">En parfait \u00e9quilibre entre \u00e9l\u00e9gance et fonctionnalit\u00e9, chaque environnement rappelle l&rsquo;esth\u00e9tique de l&rsquo;h\u00f4tel. <\/span><\/p>\n<p class=\"tw-data-text tw-text-large XcVN5d tw-ta\" dir=\"ltr\" data-placeholder=\"Traduzione\"><span lang=\"fr\">Le jeu de la lumi\u00e8re et les couleurs chaudes du bois encadrent les grands lits ergonomiques. La salle de bain a une baignoire double recouverte de carreaux de mosa\u00efque, id\u00e9ale pour se d\u00e9tendre apr\u00e8s une longue journ\u00e9e de travail et de shopping. <\/span><\/p>\n<p class=\"tw-data-text tw-text-large XcVN5d tw-ta\" dir=\"ltr\" data-placeholder=\"Traduzione\"><span lang=\"fr\">Toutes nos chambres sont \u00e9quip\u00e9es d&rsquo;une t\u00e9l\u00e9vision LCD \u00e0 \u00e9cran plat avec cha\u00eenes internationales, d&rsquo;une connexion Wi-Fi gratuite, d&rsquo;un coffre-fort et de la climatisation.<\/span><\/p>\n<div class=\"QmZWSe\">\n<div class=\"DHcWmd\">\n<p id=\"tw-target-text\" class=\"tw-data-text tw-text-large XcVN5d tw-ta\" dir=\"ltr\" data-placeholder=\"Traduzione\"><span lang=\"fr\">Vous pouvez choisir entre douche et baignoire.<\/span><\/p>\n<\/div>\n<\/div>\n<div class=\"oSioSc\">\n<div id=\"tw-target\">\n<div id=\"kAz1tf\" class=\"g9WsWb\">\n<div id=\"tw-target-rmn-container\" class=\"tw-ta-container hide-focus-ring tw-nfl\">\n<pre id=\"tw-target-rmn\" class=\"tw-data-placeholder tw-text-small tw-ta\" data-placeholder=\"\"><\/pre>\n<\/div>\n<\/div>\n<\/div>\n<\/div>\n<p class=\"tw-data-text tw-text-large XcVN5d tw-ta\" dir=\"ltr\" data-placeholder=\"Traduzione\"><span lang=\"fr\">\u00a0<\/span><\/p>\n","protected":false},"excerpt":{"rendered":"<p>En parfait \u00e9quilibre entre \u00e9l\u00e9gance et fonctionnalit\u00e9, chaque environnement rappelle l&rsquo;esth\u00e9tique de l&rsquo;h\u00f4tel. Le jeu de la lumi\u00e8re et les couleurs chaudes du bois encadrent les grands lits ergonomiques. La salle de bain a une baignoire double recouverte de carreaux de mosa\u00efque, id\u00e9ale pour se d\u00e9tendre apr\u00e8s une longue journ\u00e9e de travail et de shopping. [&hellip;]<\/p>\n","protected":false},"author":13,"featured_media":0,"parent":58,"menu_order":1,"comment_status":"closed","ping_status":"closed","template":"template-single-room.php","meta":{"footnotes":""},"class_list":["post-67","page","type-page","status-publish","hentry"],"yoast_head":"<!-- This site is optimized with the Yoast SEO plugin v26.9 - https:\/\/yoast.com\/product\/yoast-seo-wordpress\/ -->\n<title>Double \u00e0 usage unique - Silver Hotel<\/title>\n<meta name=\"robots\" content=\"index, follow, max-snippet:-1, max-image-preview:large, max-video-preview:-1\" \/>\n<link rel=\"canonical\" href=\"https:\/\/www.hotelsilvermilano.com\/fr\/chambres\/double-a-usage-unique\/\" \/>\n<meta property=\"og:locale\" content=\"fr_FR\" \/>\n<meta property=\"og:type\" content=\"article\" \/>\n<meta property=\"og:title\" content=\"Double \u00e0 usage unique - Silver Hotel\" \/>\n<meta property=\"og:description\" content=\"En parfait \u00e9quilibre entre \u00e9l\u00e9gance et fonctionnalit\u00e9, chaque environnement rappelle l&rsquo;esth\u00e9tique de l&rsquo;h\u00f4tel. Le jeu de la lumi\u00e8re et les couleurs chaudes du bois encadrent les grands lits ergonomiques. La salle de bain a une baignoire double recouverte de carreaux de mosa\u00efque, id\u00e9ale pour se d\u00e9tendre apr\u00e8s une longue journ\u00e9e de travail et de shopping. [&hellip;]\" \/>\n<meta property=\"og:url\" content=\"https:\/\/www.hotelsilvermilano.com\/fr\/chambres\/double-a-usage-unique\/\" \/>\n<meta property=\"og:site_name\" content=\"Silver Hotel\" \/>\n<meta property=\"article:modified_time\" content=\"2020-05-22T09:18:28+00:00\" \/>\n<meta name=\"twitter:card\" content=\"summary_large_image\" \/>\n<script type=\"application\/ld+json\" class=\"yoast-schema-graph\">{\"@context\":\"https:\/\/schema.org\",\"@graph\":[{\"@type\":\"WebPage\",\"@id\":\"https:\/\/www.hotelsilvermilano.com\/fr\/chambres\/double-a-usage-unique\/\",\"url\":\"https:\/\/www.hotelsilvermilano.com\/fr\/chambres\/double-a-usage-unique\/\",\"name\":\"Double \u00e0 usage unique - Silver Hotel\",\"isPartOf\":{\"@id\":\"https:\/\/www.hotelsilvermilano.com\/fr\/#website\"},\"datePublished\":\"2019-03-18T14:43:31+00:00\",\"dateModified\":\"2020-05-22T09:18:28+00:00\",\"breadcrumb\":{\"@id\":\"https:\/\/www.hotelsilvermilano.com\/fr\/chambres\/double-a-usage-unique\/#breadcrumb\"},\"inLanguage\":\"fr-FR\",\"potentialAction\":[{\"@type\":\"ReadAction\",\"target\":[\"https:\/\/www.hotelsilvermilano.com\/fr\/chambres\/double-a-usage-unique\/\"]}]},{\"@type\":\"BreadcrumbList\",\"@id\":\"https:\/\/www.hotelsilvermilano.com\/fr\/chambres\/double-a-usage-unique\/#breadcrumb\",\"itemListElement\":[{\"@type\":\"ListItem\",\"position\":1,\"name\":\"Home\",\"item\":\"https:\/\/www.hotelsilvermilano.com\/fr\/\"},{\"@type\":\"ListItem\",\"position\":2,\"name\":\"Chambres\",\"item\":\"https:\/\/www.hotelsilvermilano.com\/fr\/chambres\/\"},{\"@type\":\"ListItem\",\"position\":3,\"name\":\"Double \u00e0 usage unique\"}]},{\"@type\":\"WebSite\",\"@id\":\"https:\/\/www.hotelsilvermilano.com\/fr\/#website\",\"url\":\"https:\/\/www.hotelsilvermilano.com\/fr\/\",\"name\":\"Silver Hotel\",\"description\":\"Just another ms.decms.eu site\",\"potentialAction\":[{\"@type\":\"SearchAction\",\"target\":{\"@type\":\"EntryPoint\",\"urlTemplate\":\"https:\/\/www.hotelsilvermilano.com\/fr\/?s={search_term_string}\"},\"query-input\":{\"@type\":\"PropertyValueSpecification\",\"valueRequired\":true,\"valueName\":\"search_term_string\"}}],\"inLanguage\":\"fr-FR\"}]}<\/script>\n<!-- \/ Yoast SEO plugin. -->","yoast_head_json":{"title":"Double \u00e0 usage unique - Silver Hotel","robots":{"index":"index","follow":"follow","max-snippet":"max-snippet:-1","max-image-preview":"max-image-preview:large","max-video-preview":"max-video-preview:-1"},"canonical":"https:\/\/www.hotelsilvermilano.com\/fr\/chambres\/double-a-usage-unique\/","og_locale":"fr_FR","og_type":"article","og_title":"Double \u00e0 usage unique - Silver Hotel","og_description":"En parfait \u00e9quilibre entre \u00e9l\u00e9gance et fonctionnalit\u00e9, chaque environnement rappelle l&rsquo;esth\u00e9tique de l&rsquo;h\u00f4tel. Le jeu de la lumi\u00e8re et les couleurs chaudes du bois encadrent les grands lits ergonomiques. La salle de bain a une baignoire double recouverte de carreaux de mosa\u00efque, id\u00e9ale pour se d\u00e9tendre apr\u00e8s une longue journ\u00e9e de travail et de shopping. [&hellip;]","og_url":"https:\/\/www.hotelsilvermilano.com\/fr\/chambres\/double-a-usage-unique\/","og_site_name":"Silver Hotel","article_modified_time":"2020-05-22T09:18:28+00:00","twitter_card":"summary_large_image","schema":{"@context":"https:\/\/schema.org","@graph":[{"@type":"WebPage","@id":"https:\/\/www.hotelsilvermilano.com\/fr\/chambres\/double-a-usage-unique\/","url":"https:\/\/www.hotelsilvermilano.com\/fr\/chambres\/double-a-usage-unique\/","name":"Double \u00e0 usage unique - Silver Hotel","isPartOf":{"@id":"https:\/\/www.hotelsilvermilano.com\/fr\/#website"},"datePublished":"2019-03-18T14:43:31+00:00","dateModified":"2020-05-22T09:18:28+00:00","breadcrumb":{"@id":"https:\/\/www.hotelsilvermilano.com\/fr\/chambres\/double-a-usage-unique\/#breadcrumb"},"inLanguage":"fr-FR","potentialAction":[{"@type":"ReadAction","target":["https:\/\/www.hotelsilvermilano.com\/fr\/chambres\/double-a-usage-unique\/"]}]},{"@type":"BreadcrumbList","@id":"https:\/\/www.hotelsilvermilano.com\/fr\/chambres\/double-a-usage-unique\/#breadcrumb","itemListElement":[{"@type":"ListItem","position":1,"name":"Home","item":"https:\/\/www.hotelsilvermilano.com\/fr\/"},{"@type":"ListItem","position":2,"name":"Chambres","item":"https:\/\/www.hotelsilvermilano.com\/fr\/chambres\/"},{"@type":"ListItem","position":3,"name":"Double \u00e0 usage unique"}]},{"@type":"WebSite","@id":"https:\/\/www.hotelsilvermilano.com\/fr\/#website","url":"https:\/\/www.hotelsilvermilano.com\/fr\/","name":"Silver Hotel","description":"Just another ms.decms.eu site","potentialAction":[{"@type":"SearchAction","target":{"@type":"EntryPoint","urlTemplate":"https:\/\/www.hotelsilvermilano.com\/fr\/?s={search_term_string}"},"query-input":{"@type":"PropertyValueSpecification","valueRequired":true,"valueName":"search_term_string"}}],"inLanguage":"fr-FR"}]}},"acf":[],"_links":{"self":[{"href":"https:\/\/www.hotelsilvermilano.com\/fr\/wp-json\/wp\/v2\/pages\/67","targetHints":{"allow":["GET"]}}],"collection":[{"href":"https:\/\/www.hotelsilvermilano.com\/fr\/wp-json\/wp\/v2\/pages"}],"about":[{"href":"https:\/\/www.hotelsilvermilano.com\/fr\/wp-json\/wp\/v2\/types\/page"}],"author":[{"embeddable":true,"href":"https:\/\/www.hotelsilvermilano.com\/fr\/wp-json\/wp\/v2\/users\/13"}],"replies":[{"embeddable":true,"href":"https:\/\/www.hotelsilvermilano.com\/fr\/wp-json\/wp\/v2\/comments?post=67"}],"version-history":[{"count":0,"href":"https:\/\/www.hotelsilvermilano.com\/fr\/wp-json\/wp\/v2\/pages\/67\/revisions"}],"up":[{"embeddable":true,"href":"https:\/\/www.hotelsilvermilano.com\/fr\/wp-json\/wp\/v2\/pages\/58"}],"wp:attachment":[{"href":"https:\/\/www.hotelsilvermilano.com\/fr\/wp-json\/wp\/v2\/media?parent=67"}],"curies":[{"name":"wp","href":"https:\/\/api.w.org\/{rel}","templated":true}]}}