{"id":68,"date":"2019-03-18T14:43:45","date_gmt":"2019-03-18T14:43:45","guid":{"rendered":"http:\/\/silverhotel.ms.decms.eu\/?page_id=68"},"modified":"2019-03-18T14:45:23","modified_gmt":"2019-03-18T14:45:23","slug":"double-deluxe-hydromassage","status":"publish","type":"page","link":"https:\/\/www.hotelsilvermilano.com\/fr\/chambres\/double-deluxe-hydromassage\/","title":{"rendered":"Double Deluxe hydromassage"},"content":{"rendered":"<p>En parfait \u00e9quilibre entre \u00e9l\u00e9gance et fonctionnalit\u00e9, chaque pi\u00e8ce rappelle l&rsquo;esth\u00e9tique de l&rsquo;h\u00f4tel. Le jeu de lumi\u00e8re et les couleurs chaudes du bois encadrent les lits larges et ergonomiques.<\/p>\n<p>La salle de bains est \u00e9quip\u00e9e d&rsquo;une baignoire spa double recouverte de mosa\u00efque, id\u00e9ale pour se d\u00e9tendre apr\u00e8s une longue journ\u00e9e de travail ou de shopping.<\/p>\n","protected":false},"excerpt":{"rendered":"<p>En parfait \u00e9quilibre entre \u00e9l\u00e9gance et fonctionnalit\u00e9, chaque pi\u00e8ce rappelle l&rsquo;esth\u00e9tique de l&rsquo;h\u00f4tel. Le jeu de lumi\u00e8re et les couleurs chaudes du bois encadrent les lits larges et ergonomiques. La salle de bains est \u00e9quip\u00e9e d&rsquo;une baignoire spa double recouverte de mosa\u00efque, id\u00e9ale pour se d\u00e9tendre apr\u00e8s une longue journ\u00e9e de travail ou de shopping.<\/p>\n","protected":false},"author":13,"featured_media":0,"parent":58,"menu_order":2,"comment_status":"closed","ping_status":"closed","template":"template-single-room.php","meta":{"footnotes":""},"class_list":["post-68","page","type-page","status-publish","hentry"],"yoast_head":"<!-- This site is optimized with the Yoast SEO plugin v26.9 - https:\/\/yoast.com\/product\/yoast-seo-wordpress\/ -->\n<title>Double Deluxe hydromassage - Silver Hotel<\/title>\n<meta name=\"robots\" content=\"index, follow, max-snippet:-1, max-image-preview:large, max-video-preview:-1\" \/>\n<link rel=\"canonical\" href=\"https:\/\/www.hotelsilvermilano.com\/fr\/chambres\/double-deluxe-hydromassage\/\" \/>\n<meta property=\"og:locale\" content=\"fr_FR\" \/>\n<meta property=\"og:type\" content=\"article\" \/>\n<meta property=\"og:title\" content=\"Double Deluxe hydromassage - Silver Hotel\" \/>\n<meta property=\"og:description\" content=\"En parfait \u00e9quilibre entre \u00e9l\u00e9gance et fonctionnalit\u00e9, chaque pi\u00e8ce rappelle l&rsquo;esth\u00e9tique de l&rsquo;h\u00f4tel. Le jeu de lumi\u00e8re et les couleurs chaudes du bois encadrent les lits larges et ergonomiques. La salle de bains est \u00e9quip\u00e9e d&rsquo;une baignoire spa double recouverte de mosa\u00efque, id\u00e9ale pour se d\u00e9tendre apr\u00e8s une longue journ\u00e9e de travail ou de shopping.\" \/>\n<meta property=\"og:url\" content=\"https:\/\/www.hotelsilvermilano.com\/fr\/chambres\/double-deluxe-hydromassage\/\" \/>\n<meta property=\"og:site_name\" content=\"Silver Hotel\" \/>\n<meta property=\"article:modified_time\" content=\"2019-03-18T14:45:23+00:00\" \/>\n<meta name=\"twitter:card\" content=\"summary_large_image\" \/>\n<script type=\"application\/ld+json\" class=\"yoast-schema-graph\">{\"@context\":\"https:\/\/schema.org\",\"@graph\":[{\"@type\":\"WebPage\",\"@id\":\"https:\/\/www.hotelsilvermilano.com\/fr\/chambres\/double-deluxe-hydromassage\/\",\"url\":\"https:\/\/www.hotelsilvermilano.com\/fr\/chambres\/double-deluxe-hydromassage\/\",\"name\":\"Double Deluxe hydromassage - Silver Hotel\",\"isPartOf\":{\"@id\":\"https:\/\/www.hotelsilvermilano.com\/fr\/#website\"},\"datePublished\":\"2019-03-18T14:43:45+00:00\",\"dateModified\":\"2019-03-18T14:45:23+00:00\",\"breadcrumb\":{\"@id\":\"https:\/\/www.hotelsilvermilano.com\/fr\/chambres\/double-deluxe-hydromassage\/#breadcrumb\"},\"inLanguage\":\"fr-FR\",\"potentialAction\":[{\"@type\":\"ReadAction\",\"target\":[\"https:\/\/www.hotelsilvermilano.com\/fr\/chambres\/double-deluxe-hydromassage\/\"]}]},{\"@type\":\"BreadcrumbList\",\"@id\":\"https:\/\/www.hotelsilvermilano.com\/fr\/chambres\/double-deluxe-hydromassage\/#breadcrumb\",\"itemListElement\":[{\"@type\":\"ListItem\",\"position\":1,\"name\":\"Home\",\"item\":\"https:\/\/www.hotelsilvermilano.com\/fr\/\"},{\"@type\":\"ListItem\",\"position\":2,\"name\":\"Chambres\",\"item\":\"https:\/\/www.hotelsilvermilano.com\/fr\/chambres\/\"},{\"@type\":\"ListItem\",\"position\":3,\"name\":\"Double Deluxe hydromassage\"}]},{\"@type\":\"WebSite\",\"@id\":\"https:\/\/www.hotelsilvermilano.com\/fr\/#website\",\"url\":\"https:\/\/www.hotelsilvermilano.com\/fr\/\",\"name\":\"Silver Hotel\",\"description\":\"Just another ms.decms.eu site\",\"potentialAction\":[{\"@type\":\"SearchAction\",\"target\":{\"@type\":\"EntryPoint\",\"urlTemplate\":\"https:\/\/www.hotelsilvermilano.com\/fr\/?s={search_term_string}\"},\"query-input\":{\"@type\":\"PropertyValueSpecification\",\"valueRequired\":true,\"valueName\":\"search_term_string\"}}],\"inLanguage\":\"fr-FR\"}]}<\/script>\n<!-- \/ Yoast SEO plugin. -->","yoast_head_json":{"title":"Double Deluxe hydromassage - Silver Hotel","robots":{"index":"index","follow":"follow","max-snippet":"max-snippet:-1","max-image-preview":"max-image-preview:large","max-video-preview":"max-video-preview:-1"},"canonical":"https:\/\/www.hotelsilvermilano.com\/fr\/chambres\/double-deluxe-hydromassage\/","og_locale":"fr_FR","og_type":"article","og_title":"Double Deluxe hydromassage - Silver Hotel","og_description":"En parfait \u00e9quilibre entre \u00e9l\u00e9gance et fonctionnalit\u00e9, chaque pi\u00e8ce rappelle l&rsquo;esth\u00e9tique de l&rsquo;h\u00f4tel. Le jeu de lumi\u00e8re et les couleurs chaudes du bois encadrent les lits larges et ergonomiques. La salle de bains est \u00e9quip\u00e9e d&rsquo;une baignoire spa double recouverte de mosa\u00efque, id\u00e9ale pour se d\u00e9tendre apr\u00e8s une longue journ\u00e9e de travail ou de shopping.","og_url":"https:\/\/www.hotelsilvermilano.com\/fr\/chambres\/double-deluxe-hydromassage\/","og_site_name":"Silver Hotel","article_modified_time":"2019-03-18T14:45:23+00:00","twitter_card":"summary_large_image","schema":{"@context":"https:\/\/schema.org","@graph":[{"@type":"WebPage","@id":"https:\/\/www.hotelsilvermilano.com\/fr\/chambres\/double-deluxe-hydromassage\/","url":"https:\/\/www.hotelsilvermilano.com\/fr\/chambres\/double-deluxe-hydromassage\/","name":"Double Deluxe hydromassage - Silver Hotel","isPartOf":{"@id":"https:\/\/www.hotelsilvermilano.com\/fr\/#website"},"datePublished":"2019-03-18T14:43:45+00:00","dateModified":"2019-03-18T14:45:23+00:00","breadcrumb":{"@id":"https:\/\/www.hotelsilvermilano.com\/fr\/chambres\/double-deluxe-hydromassage\/#breadcrumb"},"inLanguage":"fr-FR","potentialAction":[{"@type":"ReadAction","target":["https:\/\/www.hotelsilvermilano.com\/fr\/chambres\/double-deluxe-hydromassage\/"]}]},{"@type":"BreadcrumbList","@id":"https:\/\/www.hotelsilvermilano.com\/fr\/chambres\/double-deluxe-hydromassage\/#breadcrumb","itemListElement":[{"@type":"ListItem","position":1,"name":"Home","item":"https:\/\/www.hotelsilvermilano.com\/fr\/"},{"@type":"ListItem","position":2,"name":"Chambres","item":"https:\/\/www.hotelsilvermilano.com\/fr\/chambres\/"},{"@type":"ListItem","position":3,"name":"Double Deluxe hydromassage"}]},{"@type":"WebSite","@id":"https:\/\/www.hotelsilvermilano.com\/fr\/#website","url":"https:\/\/www.hotelsilvermilano.com\/fr\/","name":"Silver Hotel","description":"Just another ms.decms.eu site","potentialAction":[{"@type":"SearchAction","target":{"@type":"EntryPoint","urlTemplate":"https:\/\/www.hotelsilvermilano.com\/fr\/?s={search_term_string}"},"query-input":{"@type":"PropertyValueSpecification","valueRequired":true,"valueName":"search_term_string"}}],"inLanguage":"fr-FR"}]}},"acf":[],"_links":{"self":[{"href":"https:\/\/www.hotelsilvermilano.com\/fr\/wp-json\/wp\/v2\/pages\/68","targetHints":{"allow":["GET"]}}],"collection":[{"href":"https:\/\/www.hotelsilvermilano.com\/fr\/wp-json\/wp\/v2\/pages"}],"about":[{"href":"https:\/\/www.hotelsilvermilano.com\/fr\/wp-json\/wp\/v2\/types\/page"}],"author":[{"embeddable":true,"href":"https:\/\/www.hotelsilvermilano.com\/fr\/wp-json\/wp\/v2\/users\/13"}],"replies":[{"embeddable":true,"href":"https:\/\/www.hotelsilvermilano.com\/fr\/wp-json\/wp\/v2\/comments?post=68"}],"version-history":[{"count":0,"href":"https:\/\/www.hotelsilvermilano.com\/fr\/wp-json\/wp\/v2\/pages\/68\/revisions"}],"up":[{"embeddable":true,"href":"https:\/\/www.hotelsilvermilano.com\/fr\/wp-json\/wp\/v2\/pages\/58"}],"wp:attachment":[{"href":"https:\/\/www.hotelsilvermilano.com\/fr\/wp-json\/wp\/v2\/media?parent=68"}],"curies":[{"name":"wp","href":"https:\/\/api.w.org\/{rel}","templated":true}]}}