{"id":754,"date":"2019-05-31T08:09:23","date_gmt":"2019-05-31T08:09:23","guid":{"rendered":"http:\/\/silverhotel.ms.decms.eu\/?page_id=754"},"modified":"2023-03-13T16:12:38","modified_gmt":"2023-03-13T16:12:38","slug":"gourmet-deluxe","status":"publish","type":"page","link":"https:\/\/www.hotelsilvermilano.com\/fr\/promotions\/gourmet-deluxe\/","title":{"rendered":"Gourmet deluxe"},"content":{"rendered":"<p><strong>Un week-end de bien manger cinq \u00e9toiles<\/strong><\/p>\n<p>Performance pour 2 personnes:<\/p>\n<p>&#8211; 1 nuit dans une deluxe avec douche<br \/>\n&#8211; 1 petit d\u00e9jeuner buffet pour deux personnes<br \/>\n&#8211; Free parking place<br \/>\n&#8211; 1 d\u00eener exclusif pour deux personnes (2 courses, boissons exclu)<br \/>\n&#8211; Le service de navette de \/ vers l&rsquo;acc\u00e8s \u00e0 l&rsquo;h\u00f4tel \u00e0 la station de m\u00e9tro la plus proche &#8211; Station Bisceglie<\/p>\n<p><strong>Prix de vente: \u20ac 189,00<\/strong><\/p>\n<p style=\"text-align: center\"><a class=\"promobutton\" href=\"https:\/\/www.hotelsilvermilano.com\/fr\/contacts\/\" target=\"_blank\" rel=\"noopener\">Demande de r\u00e9servation<\/a><\/p>\n","protected":false},"excerpt":{"rendered":"<p>Un week-end de bien manger cinq \u00e9toiles Performance pour 2 personnes: &#8211; 1 nuit dans une deluxe avec douche &#8211; 1 petit d\u00e9jeuner buffet pour deux personnes &#8211; Free parking place &#8211; 1 d\u00eener exclusif pour deux personnes (2 courses, boissons exclu) &#8211; Le service de navette de \/ vers l&rsquo;acc\u00e8s \u00e0 l&rsquo;h\u00f4tel \u00e0 la [&hellip;]<\/p>\n","protected":false},"author":13,"featured_media":0,"parent":734,"menu_order":3,"comment_status":"closed","ping_status":"closed","template":"","meta":{"footnotes":""},"class_list":["post-754","page","type-page","status-publish","hentry"],"yoast_head":"<!-- This site is optimized with the Yoast SEO plugin v26.9 - https:\/\/yoast.com\/product\/yoast-seo-wordpress\/ -->\n<title>Gourmet deluxe - Silver Hotel<\/title>\n<meta name=\"robots\" content=\"index, follow, max-snippet:-1, max-image-preview:large, max-video-preview:-1\" \/>\n<link rel=\"canonical\" href=\"https:\/\/www.hotelsilvermilano.com\/fr\/promotions\/gourmet-deluxe\/\" \/>\n<meta property=\"og:locale\" content=\"fr_FR\" \/>\n<meta property=\"og:type\" content=\"article\" \/>\n<meta property=\"og:title\" content=\"Gourmet deluxe - Silver Hotel\" \/>\n<meta property=\"og:description\" content=\"Un week-end de bien manger cinq \u00e9toiles Performance pour 2 personnes: &#8211; 1 nuit dans une deluxe avec douche &#8211; 1 petit d\u00e9jeuner buffet pour deux personnes &#8211; Free parking place &#8211; 1 d\u00eener exclusif pour deux personnes (2 courses, boissons exclu) &#8211; Le service de navette de \/ vers l&rsquo;acc\u00e8s \u00e0 l&rsquo;h\u00f4tel \u00e0 la [&hellip;]\" \/>\n<meta property=\"og:url\" content=\"https:\/\/www.hotelsilvermilano.com\/fr\/promotions\/gourmet-deluxe\/\" \/>\n<meta property=\"og:site_name\" content=\"Silver Hotel\" \/>\n<meta property=\"article:modified_time\" content=\"2023-03-13T16:12:38+00:00\" \/>\n<meta name=\"twitter:card\" content=\"summary_large_image\" \/>\n<meta name=\"twitter:label1\" content=\"Dur\u00e9e de lecture estim\u00e9e\" \/>\n\t<meta name=\"twitter:data1\" content=\"1 minute\" \/>\n<script type=\"application\/ld+json\" class=\"yoast-schema-graph\">{\"@context\":\"https:\/\/schema.org\",\"@graph\":[{\"@type\":\"WebPage\",\"@id\":\"https:\/\/www.hotelsilvermilano.com\/fr\/promotions\/gourmet-deluxe\/\",\"url\":\"https:\/\/www.hotelsilvermilano.com\/fr\/promotions\/gourmet-deluxe\/\",\"name\":\"Gourmet deluxe - Silver Hotel\",\"isPartOf\":{\"@id\":\"https:\/\/www.hotelsilvermilano.com\/fr\/#website\"},\"datePublished\":\"2019-05-31T08:09:23+00:00\",\"dateModified\":\"2023-03-13T16:12:38+00:00\",\"breadcrumb\":{\"@id\":\"https:\/\/www.hotelsilvermilano.com\/fr\/promotions\/gourmet-deluxe\/#breadcrumb\"},\"inLanguage\":\"fr-FR\",\"potentialAction\":[{\"@type\":\"ReadAction\",\"target\":[\"https:\/\/www.hotelsilvermilano.com\/fr\/promotions\/gourmet-deluxe\/\"]}]},{\"@type\":\"BreadcrumbList\",\"@id\":\"https:\/\/www.hotelsilvermilano.com\/fr\/promotions\/gourmet-deluxe\/#breadcrumb\",\"itemListElement\":[{\"@type\":\"ListItem\",\"position\":1,\"name\":\"Home\",\"item\":\"https:\/\/www.hotelsilvermilano.com\/fr\/\"},{\"@type\":\"ListItem\",\"position\":2,\"name\":\"Promotions\",\"item\":\"https:\/\/www.hotelsilvermilano.com\/fr\/promotions\/\"},{\"@type\":\"ListItem\",\"position\":3,\"name\":\"Gourmet deluxe\"}]},{\"@type\":\"WebSite\",\"@id\":\"https:\/\/www.hotelsilvermilano.com\/fr\/#website\",\"url\":\"https:\/\/www.hotelsilvermilano.com\/fr\/\",\"name\":\"Silver Hotel\",\"description\":\"Just another ms.decms.eu site\",\"potentialAction\":[{\"@type\":\"SearchAction\",\"target\":{\"@type\":\"EntryPoint\",\"urlTemplate\":\"https:\/\/www.hotelsilvermilano.com\/fr\/?s={search_term_string}\"},\"query-input\":{\"@type\":\"PropertyValueSpecification\",\"valueRequired\":true,\"valueName\":\"search_term_string\"}}],\"inLanguage\":\"fr-FR\"}]}<\/script>\n<!-- \/ Yoast SEO plugin. -->","yoast_head_json":{"title":"Gourmet deluxe - Silver Hotel","robots":{"index":"index","follow":"follow","max-snippet":"max-snippet:-1","max-image-preview":"max-image-preview:large","max-video-preview":"max-video-preview:-1"},"canonical":"https:\/\/www.hotelsilvermilano.com\/fr\/promotions\/gourmet-deluxe\/","og_locale":"fr_FR","og_type":"article","og_title":"Gourmet deluxe - Silver Hotel","og_description":"Un week-end de bien manger cinq \u00e9toiles Performance pour 2 personnes: &#8211; 1 nuit dans une deluxe avec douche &#8211; 1 petit d\u00e9jeuner buffet pour deux personnes &#8211; Free parking place &#8211; 1 d\u00eener exclusif pour deux personnes (2 courses, boissons exclu) &#8211; Le service de navette de \/ vers l&rsquo;acc\u00e8s \u00e0 l&rsquo;h\u00f4tel \u00e0 la [&hellip;]","og_url":"https:\/\/www.hotelsilvermilano.com\/fr\/promotions\/gourmet-deluxe\/","og_site_name":"Silver Hotel","article_modified_time":"2023-03-13T16:12:38+00:00","twitter_card":"summary_large_image","twitter_misc":{"Dur\u00e9e de lecture estim\u00e9e":"1 minute"},"schema":{"@context":"https:\/\/schema.org","@graph":[{"@type":"WebPage","@id":"https:\/\/www.hotelsilvermilano.com\/fr\/promotions\/gourmet-deluxe\/","url":"https:\/\/www.hotelsilvermilano.com\/fr\/promotions\/gourmet-deluxe\/","name":"Gourmet deluxe - Silver Hotel","isPartOf":{"@id":"https:\/\/www.hotelsilvermilano.com\/fr\/#website"},"datePublished":"2019-05-31T08:09:23+00:00","dateModified":"2023-03-13T16:12:38+00:00","breadcrumb":{"@id":"https:\/\/www.hotelsilvermilano.com\/fr\/promotions\/gourmet-deluxe\/#breadcrumb"},"inLanguage":"fr-FR","potentialAction":[{"@type":"ReadAction","target":["https:\/\/www.hotelsilvermilano.com\/fr\/promotions\/gourmet-deluxe\/"]}]},{"@type":"BreadcrumbList","@id":"https:\/\/www.hotelsilvermilano.com\/fr\/promotions\/gourmet-deluxe\/#breadcrumb","itemListElement":[{"@type":"ListItem","position":1,"name":"Home","item":"https:\/\/www.hotelsilvermilano.com\/fr\/"},{"@type":"ListItem","position":2,"name":"Promotions","item":"https:\/\/www.hotelsilvermilano.com\/fr\/promotions\/"},{"@type":"ListItem","position":3,"name":"Gourmet deluxe"}]},{"@type":"WebSite","@id":"https:\/\/www.hotelsilvermilano.com\/fr\/#website","url":"https:\/\/www.hotelsilvermilano.com\/fr\/","name":"Silver Hotel","description":"Just another ms.decms.eu site","potentialAction":[{"@type":"SearchAction","target":{"@type":"EntryPoint","urlTemplate":"https:\/\/www.hotelsilvermilano.com\/fr\/?s={search_term_string}"},"query-input":{"@type":"PropertyValueSpecification","valueRequired":true,"valueName":"search_term_string"}}],"inLanguage":"fr-FR"}]}},"acf":[],"_links":{"self":[{"href":"https:\/\/www.hotelsilvermilano.com\/fr\/wp-json\/wp\/v2\/pages\/754","targetHints":{"allow":["GET"]}}],"collection":[{"href":"https:\/\/www.hotelsilvermilano.com\/fr\/wp-json\/wp\/v2\/pages"}],"about":[{"href":"https:\/\/www.hotelsilvermilano.com\/fr\/wp-json\/wp\/v2\/types\/page"}],"author":[{"embeddable":true,"href":"https:\/\/www.hotelsilvermilano.com\/fr\/wp-json\/wp\/v2\/users\/13"}],"replies":[{"embeddable":true,"href":"https:\/\/www.hotelsilvermilano.com\/fr\/wp-json\/wp\/v2\/comments?post=754"}],"version-history":[{"count":0,"href":"https:\/\/www.hotelsilvermilano.com\/fr\/wp-json\/wp\/v2\/pages\/754\/revisions"}],"up":[{"embeddable":true,"href":"https:\/\/www.hotelsilvermilano.com\/fr\/wp-json\/wp\/v2\/pages\/734"}],"wp:attachment":[{"href":"https:\/\/www.hotelsilvermilano.com\/fr\/wp-json\/wp\/v2\/media?parent=754"}],"curies":[{"name":"wp","href":"https:\/\/api.w.org\/{rel}","templated":true}]}}