{"id":758,"date":"2019-05-31T08:11:22","date_gmt":"2019-05-31T08:11:22","guid":{"rendered":"http:\/\/silverhotel.ms.decms.eu\/?page_id=758"},"modified":"2025-03-25T12:37:38","modified_gmt":"2025-03-25T12:37:38","slug":"city-break-pour-deux","status":"publish","type":"page","link":"https:\/\/www.hotelsilvermilano.com\/fr\/promotions\/city-break-pour-deux\/","title":{"rendered":"City break pour deux"},"content":{"rendered":"<p>Performance pour 2 personnes<\/p>\n<p>&#8211; 2 nuits en chambre double avec whirpool<br \/>\n&#8211; 1 petit d\u00e9jeuner buffet pour deux personnes<br \/>\n&#8211; 1 boisson de bienvenue<br \/>\n&#8211; 1 d\u00eener exclusif pour deux personnes (2 plats, boissons exclu)<br \/>\n&#8211; Plan de la ville<br \/>\n&#8211; Le service de navette de \/ vers l&rsquo;acc\u00e8s \u00e0 l&rsquo;h\u00f4tel \u00e0 la station de m\u00e9tro la plus proche &#8211; Station Bisceglie<\/p>\n<p><strong>Prix de vente: \u20ac 299,00<\/strong><\/p>\n<p>&nbsp;<\/p>\n<p style=\"text-align: center\"><a class=\"promobutton\" href=\"https:\/\/www.hotelsilvermilano.com\/fr\/contacts\/\" target=\"_blank\" rel=\"noopener\">Demande de r\u00e9servation<\/a><\/p>\n","protected":false},"excerpt":{"rendered":"<p>Performance pour 2 personnes &#8211; 2 nuits en chambre double avec whirpool &#8211; 1 petit d\u00e9jeuner buffet pour deux personnes &#8211; 1 boisson de bienvenue &#8211; 1 d\u00eener exclusif pour deux personnes (2 plats, boissons exclu) &#8211; Plan de la ville &#8211; Le service de navette de \/ vers l&rsquo;acc\u00e8s \u00e0 l&rsquo;h\u00f4tel \u00e0 la station [&hellip;]<\/p>\n","protected":false},"author":13,"featured_media":0,"parent":734,"menu_order":5,"comment_status":"closed","ping_status":"closed","template":"","meta":{"footnotes":""},"class_list":["post-758","page","type-page","status-publish","hentry"],"yoast_head":"<!-- This site is optimized with the Yoast SEO plugin v26.9 - https:\/\/yoast.com\/product\/yoast-seo-wordpress\/ -->\n<title>City break pour deux - Silver Hotel<\/title>\n<meta name=\"robots\" content=\"index, follow, max-snippet:-1, max-image-preview:large, max-video-preview:-1\" \/>\n<link rel=\"canonical\" href=\"https:\/\/www.hotelsilvermilano.com\/fr\/promotions\/city-break-pour-deux\/\" \/>\n<meta property=\"og:locale\" content=\"fr_FR\" \/>\n<meta property=\"og:type\" content=\"article\" \/>\n<meta property=\"og:title\" content=\"City break pour deux - Silver Hotel\" \/>\n<meta property=\"og:description\" content=\"Performance pour 2 personnes &#8211; 2 nuits en chambre double avec whirpool &#8211; 1 petit d\u00e9jeuner buffet pour deux personnes &#8211; 1 boisson de bienvenue &#8211; 1 d\u00eener exclusif pour deux personnes (2 plats, boissons exclu) &#8211; Plan de la ville &#8211; Le service de navette de \/ vers l&rsquo;acc\u00e8s \u00e0 l&rsquo;h\u00f4tel \u00e0 la station [&hellip;]\" \/>\n<meta property=\"og:url\" content=\"https:\/\/www.hotelsilvermilano.com\/fr\/promotions\/city-break-pour-deux\/\" \/>\n<meta property=\"og:site_name\" content=\"Silver Hotel\" \/>\n<meta property=\"article:modified_time\" content=\"2025-03-25T12:37:38+00:00\" \/>\n<meta name=\"twitter:card\" content=\"summary_large_image\" \/>\n<meta name=\"twitter:label1\" content=\"Dur\u00e9e de lecture estim\u00e9e\" \/>\n\t<meta name=\"twitter:data1\" content=\"1 minute\" \/>\n<script type=\"application\/ld+json\" class=\"yoast-schema-graph\">{\"@context\":\"https:\/\/schema.org\",\"@graph\":[{\"@type\":\"WebPage\",\"@id\":\"https:\/\/www.hotelsilvermilano.com\/fr\/promotions\/city-break-pour-deux\/\",\"url\":\"https:\/\/www.hotelsilvermilano.com\/fr\/promotions\/city-break-pour-deux\/\",\"name\":\"City break pour deux - Silver Hotel\",\"isPartOf\":{\"@id\":\"https:\/\/www.hotelsilvermilano.com\/fr\/#website\"},\"datePublished\":\"2019-05-31T08:11:22+00:00\",\"dateModified\":\"2025-03-25T12:37:38+00:00\",\"breadcrumb\":{\"@id\":\"https:\/\/www.hotelsilvermilano.com\/fr\/promotions\/city-break-pour-deux\/#breadcrumb\"},\"inLanguage\":\"fr-FR\",\"potentialAction\":[{\"@type\":\"ReadAction\",\"target\":[\"https:\/\/www.hotelsilvermilano.com\/fr\/promotions\/city-break-pour-deux\/\"]}]},{\"@type\":\"BreadcrumbList\",\"@id\":\"https:\/\/www.hotelsilvermilano.com\/fr\/promotions\/city-break-pour-deux\/#breadcrumb\",\"itemListElement\":[{\"@type\":\"ListItem\",\"position\":1,\"name\":\"Home\",\"item\":\"https:\/\/www.hotelsilvermilano.com\/fr\/\"},{\"@type\":\"ListItem\",\"position\":2,\"name\":\"Promotions\",\"item\":\"https:\/\/www.hotelsilvermilano.com\/fr\/promotions\/\"},{\"@type\":\"ListItem\",\"position\":3,\"name\":\"City break pour deux\"}]},{\"@type\":\"WebSite\",\"@id\":\"https:\/\/www.hotelsilvermilano.com\/fr\/#website\",\"url\":\"https:\/\/www.hotelsilvermilano.com\/fr\/\",\"name\":\"Silver Hotel\",\"description\":\"Just another ms.decms.eu site\",\"potentialAction\":[{\"@type\":\"SearchAction\",\"target\":{\"@type\":\"EntryPoint\",\"urlTemplate\":\"https:\/\/www.hotelsilvermilano.com\/fr\/?s={search_term_string}\"},\"query-input\":{\"@type\":\"PropertyValueSpecification\",\"valueRequired\":true,\"valueName\":\"search_term_string\"}}],\"inLanguage\":\"fr-FR\"}]}<\/script>\n<!-- \/ Yoast SEO plugin. -->","yoast_head_json":{"title":"City break pour deux - Silver Hotel","robots":{"index":"index","follow":"follow","max-snippet":"max-snippet:-1","max-image-preview":"max-image-preview:large","max-video-preview":"max-video-preview:-1"},"canonical":"https:\/\/www.hotelsilvermilano.com\/fr\/promotions\/city-break-pour-deux\/","og_locale":"fr_FR","og_type":"article","og_title":"City break pour deux - Silver Hotel","og_description":"Performance pour 2 personnes &#8211; 2 nuits en chambre double avec whirpool &#8211; 1 petit d\u00e9jeuner buffet pour deux personnes &#8211; 1 boisson de bienvenue &#8211; 1 d\u00eener exclusif pour deux personnes (2 plats, boissons exclu) &#8211; Plan de la ville &#8211; Le service de navette de \/ vers l&rsquo;acc\u00e8s \u00e0 l&rsquo;h\u00f4tel \u00e0 la station [&hellip;]","og_url":"https:\/\/www.hotelsilvermilano.com\/fr\/promotions\/city-break-pour-deux\/","og_site_name":"Silver Hotel","article_modified_time":"2025-03-25T12:37:38+00:00","twitter_card":"summary_large_image","twitter_misc":{"Dur\u00e9e de lecture estim\u00e9e":"1 minute"},"schema":{"@context":"https:\/\/schema.org","@graph":[{"@type":"WebPage","@id":"https:\/\/www.hotelsilvermilano.com\/fr\/promotions\/city-break-pour-deux\/","url":"https:\/\/www.hotelsilvermilano.com\/fr\/promotions\/city-break-pour-deux\/","name":"City break pour deux - Silver Hotel","isPartOf":{"@id":"https:\/\/www.hotelsilvermilano.com\/fr\/#website"},"datePublished":"2019-05-31T08:11:22+00:00","dateModified":"2025-03-25T12:37:38+00:00","breadcrumb":{"@id":"https:\/\/www.hotelsilvermilano.com\/fr\/promotions\/city-break-pour-deux\/#breadcrumb"},"inLanguage":"fr-FR","potentialAction":[{"@type":"ReadAction","target":["https:\/\/www.hotelsilvermilano.com\/fr\/promotions\/city-break-pour-deux\/"]}]},{"@type":"BreadcrumbList","@id":"https:\/\/www.hotelsilvermilano.com\/fr\/promotions\/city-break-pour-deux\/#breadcrumb","itemListElement":[{"@type":"ListItem","position":1,"name":"Home","item":"https:\/\/www.hotelsilvermilano.com\/fr\/"},{"@type":"ListItem","position":2,"name":"Promotions","item":"https:\/\/www.hotelsilvermilano.com\/fr\/promotions\/"},{"@type":"ListItem","position":3,"name":"City break pour deux"}]},{"@type":"WebSite","@id":"https:\/\/www.hotelsilvermilano.com\/fr\/#website","url":"https:\/\/www.hotelsilvermilano.com\/fr\/","name":"Silver Hotel","description":"Just another ms.decms.eu site","potentialAction":[{"@type":"SearchAction","target":{"@type":"EntryPoint","urlTemplate":"https:\/\/www.hotelsilvermilano.com\/fr\/?s={search_term_string}"},"query-input":{"@type":"PropertyValueSpecification","valueRequired":true,"valueName":"search_term_string"}}],"inLanguage":"fr-FR"}]}},"acf":[],"_links":{"self":[{"href":"https:\/\/www.hotelsilvermilano.com\/fr\/wp-json\/wp\/v2\/pages\/758","targetHints":{"allow":["GET"]}}],"collection":[{"href":"https:\/\/www.hotelsilvermilano.com\/fr\/wp-json\/wp\/v2\/pages"}],"about":[{"href":"https:\/\/www.hotelsilvermilano.com\/fr\/wp-json\/wp\/v2\/types\/page"}],"author":[{"embeddable":true,"href":"https:\/\/www.hotelsilvermilano.com\/fr\/wp-json\/wp\/v2\/users\/13"}],"replies":[{"embeddable":true,"href":"https:\/\/www.hotelsilvermilano.com\/fr\/wp-json\/wp\/v2\/comments?post=758"}],"version-history":[{"count":0,"href":"https:\/\/www.hotelsilvermilano.com\/fr\/wp-json\/wp\/v2\/pages\/758\/revisions"}],"up":[{"embeddable":true,"href":"https:\/\/www.hotelsilvermilano.com\/fr\/wp-json\/wp\/v2\/pages\/734"}],"wp:attachment":[{"href":"https:\/\/www.hotelsilvermilano.com\/fr\/wp-json\/wp\/v2\/media?parent=758"}],"curies":[{"name":"wp","href":"https:\/\/api.w.org\/{rel}","templated":true}]}}