{"id":1761,"date":"2021-01-25T19:34:33","date_gmt":"2021-01-25T19:34:33","guid":{"rendered":"https:\/\/www.hotelsilvermilano.com\/?page_id=1761"},"modified":"2023-03-13T16:10:36","modified_gmt":"2023-03-13T16:10:36","slug":"relax-delicias","status":"publish","type":"page","link":"https:\/\/www.hotelsilvermilano.com\/pt-pt\/promotions\/relax-delicias\/","title":{"rendered":"Relax &amp; Delicias"},"content":{"rendered":"<p>Servi\u00e7o para 2 pessoas:<br \/>\n&#8211; 1 noite em quarto cl\u00e1ssico com hydromassage<br \/>\n&#8211; 1 buffet de caf\u00e9 da manh\u00e3 para 2 pessoas<br \/>\n&#8211; Estacionamento gratis<br \/>\n&#8211; 1 jantar exclusivo para duas pessoas (2 pratos mais sobremesa, bebidas n\u00e3o inclu\u00eddas)<br \/>\n&#8211; Servi\u00e7o de translado gratuito de retorno do hotel para a esta\u00e7\u00e3o de metr\u00f4 mais pr\u00f3xima esta\u00e7\u00e3o Bisceglie<\/p>\n<p>Re\u00e7o de venda: \u20ac 199<\/p>\n<p style=\"text-align: center\"><a class=\"promobutton\" href=\"https:\/\/www.hotelsilvermilano.com\/pt-pt\/contactos\/\" target=\"_blank\" rel=\"noopener\">Pedido de reserva<\/a><\/p>\n","protected":false},"excerpt":{"rendered":"<p>Servi\u00e7o para 2 pessoas: &#8211; 1 noite em quarto cl\u00e1ssico com hydromassage &#8211; 1 buffet de caf\u00e9 da manh\u00e3 para 2 pessoas &#8211; Estacionamento gratis &#8211; 1 jantar exclusivo para duas pessoas (2 pratos mais sobremesa, bebidas n\u00e3o inclu\u00eddas) &#8211; Servi\u00e7o de translado gratuito de retorno do hotel para a esta\u00e7\u00e3o de metr\u00f4 mais pr\u00f3xima [&hellip;]<\/p>\n","protected":false},"author":68,"featured_media":0,"parent":735,"menu_order":2,"comment_status":"closed","ping_status":"closed","template":"","meta":{"footnotes":""},"class_list":["post-1761","page","type-page","status-publish","hentry"],"yoast_head":"<!-- This site is optimized with the Yoast SEO plugin v26.9 - https:\/\/yoast.com\/product\/yoast-seo-wordpress\/ -->\n<title>Relax &amp; Delicias - Silver Hotel<\/title>\n<meta name=\"robots\" content=\"index, follow, max-snippet:-1, max-image-preview:large, max-video-preview:-1\" \/>\n<link rel=\"canonical\" href=\"https:\/\/www.hotelsilvermilano.com\/pt-pt\/promotions\/relax-delicias\/\" \/>\n<meta property=\"og:locale\" content=\"pt_PT\" \/>\n<meta property=\"og:type\" content=\"article\" \/>\n<meta property=\"og:title\" content=\"Relax &amp; Delicias - Silver Hotel\" \/>\n<meta property=\"og:description\" content=\"Servi\u00e7o para 2 pessoas: &#8211; 1 noite em quarto cl\u00e1ssico com hydromassage &#8211; 1 buffet de caf\u00e9 da manh\u00e3 para 2 pessoas &#8211; Estacionamento gratis &#8211; 1 jantar exclusivo para duas pessoas (2 pratos mais sobremesa, bebidas n\u00e3o inclu\u00eddas) &#8211; Servi\u00e7o de translado gratuito de retorno do hotel para a esta\u00e7\u00e3o de metr\u00f4 mais pr\u00f3xima [&hellip;]\" \/>\n<meta property=\"og:url\" content=\"https:\/\/www.hotelsilvermilano.com\/pt-pt\/promotions\/relax-delicias\/\" \/>\n<meta property=\"og:site_name\" content=\"Silver Hotel\" \/>\n<meta property=\"article:modified_time\" content=\"2023-03-13T16:10:36+00:00\" \/>\n<meta name=\"twitter:card\" content=\"summary_large_image\" \/>\n<meta name=\"twitter:label1\" content=\"Tempo estimado de leitura\" \/>\n\t<meta name=\"twitter:data1\" content=\"1 minuto\" \/>\n<script type=\"application\/ld+json\" class=\"yoast-schema-graph\">{\"@context\":\"https:\/\/schema.org\",\"@graph\":[{\"@type\":\"WebPage\",\"@id\":\"https:\/\/www.hotelsilvermilano.com\/pt-pt\/promotions\/relax-delicias\/\",\"url\":\"https:\/\/www.hotelsilvermilano.com\/pt-pt\/promotions\/relax-delicias\/\",\"name\":\"Relax &amp; Delicias - Silver Hotel\",\"isPartOf\":{\"@id\":\"https:\/\/www.hotelsilvermilano.com\/pt-pt\/#website\"},\"datePublished\":\"2021-01-25T19:34:33+00:00\",\"dateModified\":\"2023-03-13T16:10:36+00:00\",\"breadcrumb\":{\"@id\":\"https:\/\/www.hotelsilvermilano.com\/pt-pt\/promotions\/relax-delicias\/#breadcrumb\"},\"inLanguage\":\"pt-PT\",\"potentialAction\":[{\"@type\":\"ReadAction\",\"target\":[\"https:\/\/www.hotelsilvermilano.com\/pt-pt\/promotions\/relax-delicias\/\"]}]},{\"@type\":\"BreadcrumbList\",\"@id\":\"https:\/\/www.hotelsilvermilano.com\/pt-pt\/promotions\/relax-delicias\/#breadcrumb\",\"itemListElement\":[{\"@type\":\"ListItem\",\"position\":1,\"name\":\"Home\",\"item\":\"https:\/\/www.hotelsilvermilano.com\/pt-pt\/\"},{\"@type\":\"ListItem\",\"position\":2,\"name\":\"Promotions\",\"item\":\"https:\/\/www.hotelsilvermilano.com\/pt-pt\/promotions\/\"},{\"@type\":\"ListItem\",\"position\":3,\"name\":\"Relax &amp; Delicias\"}]},{\"@type\":\"WebSite\",\"@id\":\"https:\/\/www.hotelsilvermilano.com\/pt-pt\/#website\",\"url\":\"https:\/\/www.hotelsilvermilano.com\/pt-pt\/\",\"name\":\"Silver Hotel\",\"description\":\"Just another ms.decms.eu site\",\"potentialAction\":[{\"@type\":\"SearchAction\",\"target\":{\"@type\":\"EntryPoint\",\"urlTemplate\":\"https:\/\/www.hotelsilvermilano.com\/pt-pt\/?s={search_term_string}\"},\"query-input\":{\"@type\":\"PropertyValueSpecification\",\"valueRequired\":true,\"valueName\":\"search_term_string\"}}],\"inLanguage\":\"pt-PT\"}]}<\/script>\n<!-- \/ Yoast SEO plugin. -->","yoast_head_json":{"title":"Relax &amp; Delicias - Silver Hotel","robots":{"index":"index","follow":"follow","max-snippet":"max-snippet:-1","max-image-preview":"max-image-preview:large","max-video-preview":"max-video-preview:-1"},"canonical":"https:\/\/www.hotelsilvermilano.com\/pt-pt\/promotions\/relax-delicias\/","og_locale":"pt_PT","og_type":"article","og_title":"Relax &amp; Delicias - Silver Hotel","og_description":"Servi\u00e7o para 2 pessoas: &#8211; 1 noite em quarto cl\u00e1ssico com hydromassage &#8211; 1 buffet de caf\u00e9 da manh\u00e3 para 2 pessoas &#8211; Estacionamento gratis &#8211; 1 jantar exclusivo para duas pessoas (2 pratos mais sobremesa, bebidas n\u00e3o inclu\u00eddas) &#8211; Servi\u00e7o de translado gratuito de retorno do hotel para a esta\u00e7\u00e3o de metr\u00f4 mais pr\u00f3xima [&hellip;]","og_url":"https:\/\/www.hotelsilvermilano.com\/pt-pt\/promotions\/relax-delicias\/","og_site_name":"Silver Hotel","article_modified_time":"2023-03-13T16:10:36+00:00","twitter_card":"summary_large_image","twitter_misc":{"Tempo estimado de leitura":"1 minuto"},"schema":{"@context":"https:\/\/schema.org","@graph":[{"@type":"WebPage","@id":"https:\/\/www.hotelsilvermilano.com\/pt-pt\/promotions\/relax-delicias\/","url":"https:\/\/www.hotelsilvermilano.com\/pt-pt\/promotions\/relax-delicias\/","name":"Relax &amp; Delicias - Silver Hotel","isPartOf":{"@id":"https:\/\/www.hotelsilvermilano.com\/pt-pt\/#website"},"datePublished":"2021-01-25T19:34:33+00:00","dateModified":"2023-03-13T16:10:36+00:00","breadcrumb":{"@id":"https:\/\/www.hotelsilvermilano.com\/pt-pt\/promotions\/relax-delicias\/#breadcrumb"},"inLanguage":"pt-PT","potentialAction":[{"@type":"ReadAction","target":["https:\/\/www.hotelsilvermilano.com\/pt-pt\/promotions\/relax-delicias\/"]}]},{"@type":"BreadcrumbList","@id":"https:\/\/www.hotelsilvermilano.com\/pt-pt\/promotions\/relax-delicias\/#breadcrumb","itemListElement":[{"@type":"ListItem","position":1,"name":"Home","item":"https:\/\/www.hotelsilvermilano.com\/pt-pt\/"},{"@type":"ListItem","position":2,"name":"Promotions","item":"https:\/\/www.hotelsilvermilano.com\/pt-pt\/promotions\/"},{"@type":"ListItem","position":3,"name":"Relax &amp; Delicias"}]},{"@type":"WebSite","@id":"https:\/\/www.hotelsilvermilano.com\/pt-pt\/#website","url":"https:\/\/www.hotelsilvermilano.com\/pt-pt\/","name":"Silver Hotel","description":"Just another ms.decms.eu site","potentialAction":[{"@type":"SearchAction","target":{"@type":"EntryPoint","urlTemplate":"https:\/\/www.hotelsilvermilano.com\/pt-pt\/?s={search_term_string}"},"query-input":{"@type":"PropertyValueSpecification","valueRequired":true,"valueName":"search_term_string"}}],"inLanguage":"pt-PT"}]}},"acf":[],"_links":{"self":[{"href":"https:\/\/www.hotelsilvermilano.com\/pt-pt\/wp-json\/wp\/v2\/pages\/1761","targetHints":{"allow":["GET"]}}],"collection":[{"href":"https:\/\/www.hotelsilvermilano.com\/pt-pt\/wp-json\/wp\/v2\/pages"}],"about":[{"href":"https:\/\/www.hotelsilvermilano.com\/pt-pt\/wp-json\/wp\/v2\/types\/page"}],"author":[{"embeddable":true,"href":"https:\/\/www.hotelsilvermilano.com\/pt-pt\/wp-json\/wp\/v2\/users\/68"}],"replies":[{"embeddable":true,"href":"https:\/\/www.hotelsilvermilano.com\/pt-pt\/wp-json\/wp\/v2\/comments?post=1761"}],"version-history":[{"count":0,"href":"https:\/\/www.hotelsilvermilano.com\/pt-pt\/wp-json\/wp\/v2\/pages\/1761\/revisions"}],"up":[{"embeddable":true,"href":"https:\/\/www.hotelsilvermilano.com\/pt-pt\/wp-json\/wp\/v2\/pages\/735"}],"wp:attachment":[{"href":"https:\/\/www.hotelsilvermilano.com\/pt-pt\/wp-json\/wp\/v2\/media?parent=1761"}],"curies":[{"name":"wp","href":"https:\/\/api.w.org\/{rel}","templated":true}]}}