{"id":55,"date":"2019-03-18T14:26:30","date_gmt":"2019-03-18T14:26:30","guid":{"rendered":"http:\/\/silverhotel.ms.decms.eu\/?page_id=55"},"modified":"2025-03-18T11:36:47","modified_gmt":"2025-03-18T11:36:47","slug":"hotel-silver","status":"publish","type":"page","link":"https:\/\/www.hotelsilvermilano.com\/pt-pt\/","title":{"rendered":"Hotel Silver"},"content":{"rendered":"<p>Elegante e moderno, Hotel Silver oferece excelente hospitalidade e elevados padr\u00f5es de conforto e relaxe em um ambiente elegante e descontra\u00eddo de um estabelecimento rec\u00e9m-constru\u00eddo.<\/p>\n<p>Pensando a um maior conforto dos visitantes, oferecemos acesso de alta velocidade \u00e0 Internet no quarto o dia todo, sem nenhum custo, um ponto de acesso gratuito \u00e0 Internet localizado no lobby para verificar o seu e-mails, not\u00edcias etc, estacionamento privado gratuito para o seu carro, o transporte para a mais pr\u00f3xima esta\u00e7\u00e3o de metr\u00f4 e um delicioso buffet de caf\u00e9 da manh\u00e0 inclu\u00eddo na tarifa do quarto. Todos os quartos est\u00e3o decorados num estilo moderno e luxuoso ea decora\u00e7\u00e3o refinada vai lembrar que voc\u00ea est\u00e1 na Cidade da Moda e do design italiano. O hotel dip\u00f5e de gin\u00e1sio totalmente equipado e de acesso gratuito para os nossos h\u00f3spedes.<\/p>\n<p>Venha para o Hotel Silver e aproveitar a sua estadia conosco!Descubra o que os nossos clientes pensam de n\u00f3s.<\/p>\n","protected":false},"excerpt":{"rendered":"<p>Elegante e moderno, Hotel Silver oferece excelente hospitalidade e elevados padr\u00f5es de conforto e relaxe em um ambiente elegante e descontra\u00eddo de um estabelecimento rec\u00e9m-constru\u00eddo. Pensando a um maior conforto dos visitantes, oferecemos acesso de alta velocidade \u00e0 Internet no quarto o dia todo, sem nenhum custo, um ponto de acesso gratuito \u00e0 Internet localizado [&hellip;]<\/p>\n","protected":false},"author":13,"featured_media":0,"parent":0,"menu_order":1,"comment_status":"closed","ping_status":"closed","template":"","meta":{"footnotes":""},"class_list":["post-55","page","type-page","status-publish","hentry"],"yoast_head":"<!-- This site is optimized with the Yoast SEO plugin v26.9 - https:\/\/yoast.com\/product\/yoast-seo-wordpress\/ -->\n<title>Hotel Silver - Silver Hotel<\/title>\n<meta name=\"robots\" content=\"index, follow, max-snippet:-1, max-image-preview:large, max-video-preview:-1\" \/>\n<link rel=\"canonical\" href=\"https:\/\/www.hotelsilvermilano.com\/pt-pt\/\" \/>\n<meta property=\"og:locale\" content=\"pt_PT\" \/>\n<meta property=\"og:type\" content=\"article\" \/>\n<meta property=\"og:title\" content=\"Hotel Silver - Silver Hotel\" \/>\n<meta property=\"og:description\" content=\"Elegante e moderno, Hotel Silver oferece excelente hospitalidade e elevados padr\u00f5es de conforto e relaxe em um ambiente elegante e descontra\u00eddo de um estabelecimento rec\u00e9m-constru\u00eddo. Pensando a um maior conforto dos visitantes, oferecemos acesso de alta velocidade \u00e0 Internet no quarto o dia todo, sem nenhum custo, um ponto de acesso gratuito \u00e0 Internet localizado [&hellip;]\" \/>\n<meta property=\"og:url\" content=\"https:\/\/www.hotelsilvermilano.com\/pt-pt\/\" \/>\n<meta property=\"og:site_name\" content=\"Silver Hotel\" \/>\n<meta property=\"article:modified_time\" content=\"2025-03-18T11:36:47+00:00\" \/>\n<meta name=\"twitter:card\" content=\"summary_large_image\" \/>\n<meta name=\"twitter:label1\" content=\"Tempo estimado de leitura\" \/>\n\t<meta name=\"twitter:data1\" content=\"1 minuto\" \/>\n<script type=\"application\/ld+json\" class=\"yoast-schema-graph\">{\"@context\":\"https:\/\/schema.org\",\"@graph\":[{\"@type\":\"WebPage\",\"@id\":\"https:\/\/www.hotelsilvermilano.com\/pt-pt\/\",\"url\":\"https:\/\/www.hotelsilvermilano.com\/pt-pt\/\",\"name\":\"Hotel Silver - Silver Hotel\",\"isPartOf\":{\"@id\":\"https:\/\/www.hotelsilvermilano.com\/pt-pt\/#website\"},\"datePublished\":\"2019-03-18T14:26:30+00:00\",\"dateModified\":\"2025-03-18T11:36:47+00:00\",\"breadcrumb\":{\"@id\":\"https:\/\/www.hotelsilvermilano.com\/pt-pt\/#breadcrumb\"},\"inLanguage\":\"pt-PT\",\"potentialAction\":[{\"@type\":\"ReadAction\",\"target\":[\"https:\/\/www.hotelsilvermilano.com\/pt-pt\/\"]}]},{\"@type\":\"BreadcrumbList\",\"@id\":\"https:\/\/www.hotelsilvermilano.com\/pt-pt\/#breadcrumb\",\"itemListElement\":[{\"@type\":\"ListItem\",\"position\":1,\"name\":\"Home\",\"item\":\"https:\/\/www.hotelsilvermilano.com\/pt-pt\/\"},{\"@type\":\"ListItem\",\"position\":2,\"name\":\"Hotel Silver\"}]},{\"@type\":\"WebSite\",\"@id\":\"https:\/\/www.hotelsilvermilano.com\/pt-pt\/#website\",\"url\":\"https:\/\/www.hotelsilvermilano.com\/pt-pt\/\",\"name\":\"Silver Hotel\",\"description\":\"Just another ms.decms.eu site\",\"potentialAction\":[{\"@type\":\"SearchAction\",\"target\":{\"@type\":\"EntryPoint\",\"urlTemplate\":\"https:\/\/www.hotelsilvermilano.com\/pt-pt\/?s={search_term_string}\"},\"query-input\":{\"@type\":\"PropertyValueSpecification\",\"valueRequired\":true,\"valueName\":\"search_term_string\"}}],\"inLanguage\":\"pt-PT\"}]}<\/script>\n<!-- \/ Yoast SEO plugin. -->","yoast_head_json":{"title":"Hotel Silver - Silver Hotel","robots":{"index":"index","follow":"follow","max-snippet":"max-snippet:-1","max-image-preview":"max-image-preview:large","max-video-preview":"max-video-preview:-1"},"canonical":"https:\/\/www.hotelsilvermilano.com\/pt-pt\/","og_locale":"pt_PT","og_type":"article","og_title":"Hotel Silver - Silver Hotel","og_description":"Elegante e moderno, Hotel Silver oferece excelente hospitalidade e elevados padr\u00f5es de conforto e relaxe em um ambiente elegante e descontra\u00eddo de um estabelecimento rec\u00e9m-constru\u00eddo. Pensando a um maior conforto dos visitantes, oferecemos acesso de alta velocidade \u00e0 Internet no quarto o dia todo, sem nenhum custo, um ponto de acesso gratuito \u00e0 Internet localizado [&hellip;]","og_url":"https:\/\/www.hotelsilvermilano.com\/pt-pt\/","og_site_name":"Silver Hotel","article_modified_time":"2025-03-18T11:36:47+00:00","twitter_card":"summary_large_image","twitter_misc":{"Tempo estimado de leitura":"1 minuto"},"schema":{"@context":"https:\/\/schema.org","@graph":[{"@type":"WebPage","@id":"https:\/\/www.hotelsilvermilano.com\/pt-pt\/","url":"https:\/\/www.hotelsilvermilano.com\/pt-pt\/","name":"Hotel Silver - Silver Hotel","isPartOf":{"@id":"https:\/\/www.hotelsilvermilano.com\/pt-pt\/#website"},"datePublished":"2019-03-18T14:26:30+00:00","dateModified":"2025-03-18T11:36:47+00:00","breadcrumb":{"@id":"https:\/\/www.hotelsilvermilano.com\/pt-pt\/#breadcrumb"},"inLanguage":"pt-PT","potentialAction":[{"@type":"ReadAction","target":["https:\/\/www.hotelsilvermilano.com\/pt-pt\/"]}]},{"@type":"BreadcrumbList","@id":"https:\/\/www.hotelsilvermilano.com\/pt-pt\/#breadcrumb","itemListElement":[{"@type":"ListItem","position":1,"name":"Home","item":"https:\/\/www.hotelsilvermilano.com\/pt-pt\/"},{"@type":"ListItem","position":2,"name":"Hotel Silver"}]},{"@type":"WebSite","@id":"https:\/\/www.hotelsilvermilano.com\/pt-pt\/#website","url":"https:\/\/www.hotelsilvermilano.com\/pt-pt\/","name":"Silver Hotel","description":"Just another ms.decms.eu site","potentialAction":[{"@type":"SearchAction","target":{"@type":"EntryPoint","urlTemplate":"https:\/\/www.hotelsilvermilano.com\/pt-pt\/?s={search_term_string}"},"query-input":{"@type":"PropertyValueSpecification","valueRequired":true,"valueName":"search_term_string"}}],"inLanguage":"pt-PT"}]}},"acf":[],"_links":{"self":[{"href":"https:\/\/www.hotelsilvermilano.com\/pt-pt\/wp-json\/wp\/v2\/pages\/55","targetHints":{"allow":["GET"]}}],"collection":[{"href":"https:\/\/www.hotelsilvermilano.com\/pt-pt\/wp-json\/wp\/v2\/pages"}],"about":[{"href":"https:\/\/www.hotelsilvermilano.com\/pt-pt\/wp-json\/wp\/v2\/types\/page"}],"author":[{"embeddable":true,"href":"https:\/\/www.hotelsilvermilano.com\/pt-pt\/wp-json\/wp\/v2\/users\/13"}],"replies":[{"embeddable":true,"href":"https:\/\/www.hotelsilvermilano.com\/pt-pt\/wp-json\/wp\/v2\/comments?post=55"}],"version-history":[{"count":0,"href":"https:\/\/www.hotelsilvermilano.com\/pt-pt\/wp-json\/wp\/v2\/pages\/55\/revisions"}],"wp:attachment":[{"href":"https:\/\/www.hotelsilvermilano.com\/pt-pt\/wp-json\/wp\/v2\/media?parent=55"}],"curies":[{"name":"wp","href":"https:\/\/api.w.org\/{rel}","templated":true}]}}