{"id":73,"date":"2019-03-18T14:46:09","date_gmt":"2019-03-18T14:46:09","guid":{"rendered":"http:\/\/silverhotel.ms.decms.eu\/?page_id=73"},"modified":"2020-05-22T09:17:34","modified_gmt":"2020-05-22T09:17:34","slug":"duplo-para-uso-individual","status":"publish","type":"page","link":"https:\/\/www.hotelsilvermilano.com\/pt-pt\/quartos\/duplo-para-uso-individual\/","title":{"rendered":"Duplo para Uso Individual"},"content":{"rendered":"<p id=\"tw-target-text\" class=\"tw-data-text tw-text-large XcVN5d tw-ta\" dir=\"ltr\" data-placeholder=\"Traduzione\"><span lang=\"pt\">Em perfeito equil\u00edbrio entre eleg\u00e2ncia e funcionalidade, cada ambiente lembra a est\u00e9tica do hotel. <\/span><span lang=\"pt\">O jogo da luz e as cores quentes da madeira emolduram as grandes camas ergon\u00f4micas. <\/span><\/p>\n<p class=\"tw-data-text tw-text-large XcVN5d tw-ta\" dir=\"ltr\" data-placeholder=\"Traduzione\"><span lang=\"pt\">O banheiro tem uma banheira dupla coberta com mosaicos, ideal para relaxar ap\u00f3s um longo dia de trabalho e compras.<\/span><\/p>\n<p class=\"tw-data-text tw-text-large XcVN5d tw-ta\" dir=\"ltr\" data-placeholder=\"Traduzione\"><span lang=\"pt\">Todos os nossos quartos est\u00e3o equipados com TV de tela plana com canais internacionais, Wi-Fi gratuito, cofre e ar-condicionado<\/span><\/p>\n<div class=\"QmZWSe\">\n<div class=\"DHcWmd\">\n<div id=\"tw-target\">\n<div id=\"kAz1tf\" class=\"g9WsWb\">\n<div id=\"tw-target-text-container\" class=\"tw-ta-container hide-focus-ring tw-nfl\">\n<p id=\"tw-target-text\" class=\"tw-data-text tw-text-large XcVN5d tw-ta\" dir=\"ltr\" data-placeholder=\"Traduzione\"><span lang=\"pt\">Pode escolher entre chuveiro e banheira<\/span><\/p>\n<\/div>\n<\/div>\n<\/div>\n<\/div>\n<\/div>\n<p class=\"tw-data-text tw-text-large XcVN5d tw-ta\" dir=\"ltr\" data-placeholder=\"Traduzione\"><span lang=\"pt\">\u00a0<\/span><\/p>\n","protected":false},"excerpt":{"rendered":"<p>Em perfeito equil\u00edbrio entre eleg\u00e2ncia e funcionalidade, cada ambiente lembra a est\u00e9tica do hotel. O jogo da luz e as cores quentes da madeira emolduram as grandes camas ergon\u00f4micas. O banheiro tem uma banheira dupla coberta com mosaicos, ideal para relaxar ap\u00f3s um longo dia de trabalho e compras. Todos os nossos quartos est\u00e3o equipados [&hellip;]<\/p>\n","protected":false},"author":13,"featured_media":0,"parent":59,"menu_order":1,"comment_status":"closed","ping_status":"closed","template":"template-single-room.php","meta":{"footnotes":""},"class_list":["post-73","page","type-page","status-publish","hentry"],"yoast_head":"<!-- This site is optimized with the Yoast SEO plugin v26.9 - https:\/\/yoast.com\/product\/yoast-seo-wordpress\/ -->\n<title>Duplo para Uso Individual - Silver Hotel<\/title>\n<meta name=\"robots\" content=\"index, follow, max-snippet:-1, max-image-preview:large, max-video-preview:-1\" \/>\n<link rel=\"canonical\" href=\"https:\/\/www.hotelsilvermilano.com\/pt-pt\/quartos\/duplo-para-uso-individual\/\" \/>\n<meta property=\"og:locale\" content=\"pt_PT\" \/>\n<meta property=\"og:type\" content=\"article\" \/>\n<meta property=\"og:title\" content=\"Duplo para Uso Individual - Silver Hotel\" \/>\n<meta property=\"og:description\" content=\"Em perfeito equil\u00edbrio entre eleg\u00e2ncia e funcionalidade, cada ambiente lembra a est\u00e9tica do hotel. O jogo da luz e as cores quentes da madeira emolduram as grandes camas ergon\u00f4micas. O banheiro tem uma banheira dupla coberta com mosaicos, ideal para relaxar ap\u00f3s um longo dia de trabalho e compras. Todos os nossos quartos est\u00e3o equipados [&hellip;]\" \/>\n<meta property=\"og:url\" content=\"https:\/\/www.hotelsilvermilano.com\/pt-pt\/quartos\/duplo-para-uso-individual\/\" \/>\n<meta property=\"og:site_name\" content=\"Silver Hotel\" \/>\n<meta property=\"article:modified_time\" content=\"2020-05-22T09:17:34+00:00\" \/>\n<meta name=\"twitter:card\" content=\"summary_large_image\" \/>\n<script type=\"application\/ld+json\" class=\"yoast-schema-graph\">{\"@context\":\"https:\/\/schema.org\",\"@graph\":[{\"@type\":\"WebPage\",\"@id\":\"https:\/\/www.hotelsilvermilano.com\/pt-pt\/quartos\/duplo-para-uso-individual\/\",\"url\":\"https:\/\/www.hotelsilvermilano.com\/pt-pt\/quartos\/duplo-para-uso-individual\/\",\"name\":\"Duplo para Uso Individual - Silver Hotel\",\"isPartOf\":{\"@id\":\"https:\/\/www.hotelsilvermilano.com\/pt-pt\/#website\"},\"datePublished\":\"2019-03-18T14:46:09+00:00\",\"dateModified\":\"2020-05-22T09:17:34+00:00\",\"breadcrumb\":{\"@id\":\"https:\/\/www.hotelsilvermilano.com\/pt-pt\/quartos\/duplo-para-uso-individual\/#breadcrumb\"},\"inLanguage\":\"pt-PT\",\"potentialAction\":[{\"@type\":\"ReadAction\",\"target\":[\"https:\/\/www.hotelsilvermilano.com\/pt-pt\/quartos\/duplo-para-uso-individual\/\"]}]},{\"@type\":\"BreadcrumbList\",\"@id\":\"https:\/\/www.hotelsilvermilano.com\/pt-pt\/quartos\/duplo-para-uso-individual\/#breadcrumb\",\"itemListElement\":[{\"@type\":\"ListItem\",\"position\":1,\"name\":\"Home\",\"item\":\"https:\/\/www.hotelsilvermilano.com\/pt-pt\/\"},{\"@type\":\"ListItem\",\"position\":2,\"name\":\"Quartos\",\"item\":\"https:\/\/www.hotelsilvermilano.com\/pt-pt\/quartos\/\"},{\"@type\":\"ListItem\",\"position\":3,\"name\":\"Duplo para Uso Individual\"}]},{\"@type\":\"WebSite\",\"@id\":\"https:\/\/www.hotelsilvermilano.com\/pt-pt\/#website\",\"url\":\"https:\/\/www.hotelsilvermilano.com\/pt-pt\/\",\"name\":\"Silver Hotel\",\"description\":\"Just another ms.decms.eu site\",\"potentialAction\":[{\"@type\":\"SearchAction\",\"target\":{\"@type\":\"EntryPoint\",\"urlTemplate\":\"https:\/\/www.hotelsilvermilano.com\/pt-pt\/?s={search_term_string}\"},\"query-input\":{\"@type\":\"PropertyValueSpecification\",\"valueRequired\":true,\"valueName\":\"search_term_string\"}}],\"inLanguage\":\"pt-PT\"}]}<\/script>\n<!-- \/ Yoast SEO plugin. -->","yoast_head_json":{"title":"Duplo para Uso Individual - Silver Hotel","robots":{"index":"index","follow":"follow","max-snippet":"max-snippet:-1","max-image-preview":"max-image-preview:large","max-video-preview":"max-video-preview:-1"},"canonical":"https:\/\/www.hotelsilvermilano.com\/pt-pt\/quartos\/duplo-para-uso-individual\/","og_locale":"pt_PT","og_type":"article","og_title":"Duplo para Uso Individual - Silver Hotel","og_description":"Em perfeito equil\u00edbrio entre eleg\u00e2ncia e funcionalidade, cada ambiente lembra a est\u00e9tica do hotel. O jogo da luz e as cores quentes da madeira emolduram as grandes camas ergon\u00f4micas. O banheiro tem uma banheira dupla coberta com mosaicos, ideal para relaxar ap\u00f3s um longo dia de trabalho e compras. Todos os nossos quartos est\u00e3o equipados [&hellip;]","og_url":"https:\/\/www.hotelsilvermilano.com\/pt-pt\/quartos\/duplo-para-uso-individual\/","og_site_name":"Silver Hotel","article_modified_time":"2020-05-22T09:17:34+00:00","twitter_card":"summary_large_image","schema":{"@context":"https:\/\/schema.org","@graph":[{"@type":"WebPage","@id":"https:\/\/www.hotelsilvermilano.com\/pt-pt\/quartos\/duplo-para-uso-individual\/","url":"https:\/\/www.hotelsilvermilano.com\/pt-pt\/quartos\/duplo-para-uso-individual\/","name":"Duplo para Uso Individual - Silver Hotel","isPartOf":{"@id":"https:\/\/www.hotelsilvermilano.com\/pt-pt\/#website"},"datePublished":"2019-03-18T14:46:09+00:00","dateModified":"2020-05-22T09:17:34+00:00","breadcrumb":{"@id":"https:\/\/www.hotelsilvermilano.com\/pt-pt\/quartos\/duplo-para-uso-individual\/#breadcrumb"},"inLanguage":"pt-PT","potentialAction":[{"@type":"ReadAction","target":["https:\/\/www.hotelsilvermilano.com\/pt-pt\/quartos\/duplo-para-uso-individual\/"]}]},{"@type":"BreadcrumbList","@id":"https:\/\/www.hotelsilvermilano.com\/pt-pt\/quartos\/duplo-para-uso-individual\/#breadcrumb","itemListElement":[{"@type":"ListItem","position":1,"name":"Home","item":"https:\/\/www.hotelsilvermilano.com\/pt-pt\/"},{"@type":"ListItem","position":2,"name":"Quartos","item":"https:\/\/www.hotelsilvermilano.com\/pt-pt\/quartos\/"},{"@type":"ListItem","position":3,"name":"Duplo para Uso Individual"}]},{"@type":"WebSite","@id":"https:\/\/www.hotelsilvermilano.com\/pt-pt\/#website","url":"https:\/\/www.hotelsilvermilano.com\/pt-pt\/","name":"Silver Hotel","description":"Just another ms.decms.eu site","potentialAction":[{"@type":"SearchAction","target":{"@type":"EntryPoint","urlTemplate":"https:\/\/www.hotelsilvermilano.com\/pt-pt\/?s={search_term_string}"},"query-input":{"@type":"PropertyValueSpecification","valueRequired":true,"valueName":"search_term_string"}}],"inLanguage":"pt-PT"}]}},"acf":[],"_links":{"self":[{"href":"https:\/\/www.hotelsilvermilano.com\/pt-pt\/wp-json\/wp\/v2\/pages\/73","targetHints":{"allow":["GET"]}}],"collection":[{"href":"https:\/\/www.hotelsilvermilano.com\/pt-pt\/wp-json\/wp\/v2\/pages"}],"about":[{"href":"https:\/\/www.hotelsilvermilano.com\/pt-pt\/wp-json\/wp\/v2\/types\/page"}],"author":[{"embeddable":true,"href":"https:\/\/www.hotelsilvermilano.com\/pt-pt\/wp-json\/wp\/v2\/users\/13"}],"replies":[{"embeddable":true,"href":"https:\/\/www.hotelsilvermilano.com\/pt-pt\/wp-json\/wp\/v2\/comments?post=73"}],"version-history":[{"count":0,"href":"https:\/\/www.hotelsilvermilano.com\/pt-pt\/wp-json\/wp\/v2\/pages\/73\/revisions"}],"up":[{"embeddable":true,"href":"https:\/\/www.hotelsilvermilano.com\/pt-pt\/wp-json\/wp\/v2\/pages\/59"}],"wp:attachment":[{"href":"https:\/\/www.hotelsilvermilano.com\/pt-pt\/wp-json\/wp\/v2\/media?parent=73"}],"curies":[{"name":"wp","href":"https:\/\/api.w.org\/{rel}","templated":true}]}}