{"id":751,"date":"2019-05-31T08:05:57","date_gmt":"2019-05-31T08:05:57","guid":{"rendered":"http:\/\/silverhotel.ms.decms.eu\/?page_id=751"},"modified":"2023-03-13T18:23:35","modified_gmt":"2023-03-13T18:23:35","slug":"viagem-de-amor","status":"publish","type":"page","link":"https:\/\/www.hotelsilvermilano.com\/pt-pt\/promotions\/viagem-de-amor\/","title":{"rendered":"Viagem de amor"},"content":{"rendered":"<p>Pacote para duas pessoas inclui:<\/p>\n<p>&#8211; 1 noite em suite san pietroburgo<br \/>\n&#8211;<span class=\"Y2IQFc\" lang=\"pt\">1 jantar \u00e0 luz de velas para dois, composto por 2 pratos (bebidas n\u00e3o inclu\u00eddas)<br \/>\n<\/span>&#8211; Caf\u00e8 da manh\u00e3 a buffet para duas pessoas<br \/>\n&#8211; Estacionamneto gratuito<br \/>\n&#8211; Servi\u00e7o de transporte gratuito do hotel para o metro (Esta\u00e7\u00e3o de Bisceglie) e vice versa.<\/p>\n<p><strong>Pre\u00e7o: 250 \u20ac<\/strong><\/p>\n<p>&nbsp;<\/p>\n<p style=\"text-align: center\"><a class=\"promobutton\" href=\"https:\/\/www.hotelsilvermilano.com\/pt-pt\/contactos\/\" target=\"_blank\" rel=\"noopener\">Pedido de reserva<\/a><\/p>\n","protected":false},"excerpt":{"rendered":"<p>Pacote para duas pessoas inclui: &#8211; 1 noite em suite san pietroburgo &#8211;1 jantar \u00e0 luz de velas para dois, composto por 2 pratos (bebidas n\u00e3o inclu\u00eddas) &#8211; Caf\u00e8 da manh\u00e3 a buffet para duas pessoas &#8211; Estacionamneto gratuito &#8211; Servi\u00e7o de transporte gratuito do hotel para o metro (Esta\u00e7\u00e3o de Bisceglie) e vice versa. [&hellip;]<\/p>\n","protected":false},"author":13,"featured_media":0,"parent":735,"menu_order":4,"comment_status":"closed","ping_status":"closed","template":"","meta":{"footnotes":""},"class_list":["post-751","page","type-page","status-publish","hentry"],"yoast_head":"<!-- This site is optimized with the Yoast SEO plugin v26.9 - https:\/\/yoast.com\/product\/yoast-seo-wordpress\/ -->\n<title>Viagem de amor - Silver Hotel<\/title>\n<meta name=\"robots\" content=\"index, follow, max-snippet:-1, max-image-preview:large, max-video-preview:-1\" \/>\n<link rel=\"canonical\" href=\"https:\/\/www.hotelsilvermilano.com\/pt-pt\/promotions\/viagem-de-amor\/\" \/>\n<meta property=\"og:locale\" content=\"pt_PT\" \/>\n<meta property=\"og:type\" content=\"article\" \/>\n<meta property=\"og:title\" content=\"Viagem de amor - Silver Hotel\" \/>\n<meta property=\"og:description\" content=\"Pacote para duas pessoas inclui: &#8211; 1 noite em suite san pietroburgo &#8211;1 jantar \u00e0 luz de velas para dois, composto por 2 pratos (bebidas n\u00e3o inclu\u00eddas) &#8211; Caf\u00e8 da manh\u00e3 a buffet para duas pessoas &#8211; Estacionamneto gratuito &#8211; Servi\u00e7o de transporte gratuito do hotel para o metro (Esta\u00e7\u00e3o de Bisceglie) e vice versa. [&hellip;]\" \/>\n<meta property=\"og:url\" content=\"https:\/\/www.hotelsilvermilano.com\/pt-pt\/promotions\/viagem-de-amor\/\" \/>\n<meta property=\"og:site_name\" content=\"Silver Hotel\" \/>\n<meta property=\"article:modified_time\" content=\"2023-03-13T18:23:35+00:00\" \/>\n<meta name=\"twitter:card\" content=\"summary_large_image\" \/>\n<meta name=\"twitter:label1\" content=\"Tempo estimado de leitura\" \/>\n\t<meta name=\"twitter:data1\" content=\"1 minuto\" \/>\n<script type=\"application\/ld+json\" class=\"yoast-schema-graph\">{\"@context\":\"https:\/\/schema.org\",\"@graph\":[{\"@type\":\"WebPage\",\"@id\":\"https:\/\/www.hotelsilvermilano.com\/pt-pt\/promotions\/viagem-de-amor\/\",\"url\":\"https:\/\/www.hotelsilvermilano.com\/pt-pt\/promotions\/viagem-de-amor\/\",\"name\":\"Viagem de amor - Silver Hotel\",\"isPartOf\":{\"@id\":\"https:\/\/www.hotelsilvermilano.com\/pt-pt\/#website\"},\"datePublished\":\"2019-05-31T08:05:57+00:00\",\"dateModified\":\"2023-03-13T18:23:35+00:00\",\"breadcrumb\":{\"@id\":\"https:\/\/www.hotelsilvermilano.com\/pt-pt\/promotions\/viagem-de-amor\/#breadcrumb\"},\"inLanguage\":\"pt-PT\",\"potentialAction\":[{\"@type\":\"ReadAction\",\"target\":[\"https:\/\/www.hotelsilvermilano.com\/pt-pt\/promotions\/viagem-de-amor\/\"]}]},{\"@type\":\"BreadcrumbList\",\"@id\":\"https:\/\/www.hotelsilvermilano.com\/pt-pt\/promotions\/viagem-de-amor\/#breadcrumb\",\"itemListElement\":[{\"@type\":\"ListItem\",\"position\":1,\"name\":\"Home\",\"item\":\"https:\/\/www.hotelsilvermilano.com\/pt-pt\/\"},{\"@type\":\"ListItem\",\"position\":2,\"name\":\"Promotions\",\"item\":\"https:\/\/www.hotelsilvermilano.com\/pt-pt\/promotions\/\"},{\"@type\":\"ListItem\",\"position\":3,\"name\":\"Viagem de amor\"}]},{\"@type\":\"WebSite\",\"@id\":\"https:\/\/www.hotelsilvermilano.com\/pt-pt\/#website\",\"url\":\"https:\/\/www.hotelsilvermilano.com\/pt-pt\/\",\"name\":\"Silver Hotel\",\"description\":\"Just another ms.decms.eu site\",\"potentialAction\":[{\"@type\":\"SearchAction\",\"target\":{\"@type\":\"EntryPoint\",\"urlTemplate\":\"https:\/\/www.hotelsilvermilano.com\/pt-pt\/?s={search_term_string}\"},\"query-input\":{\"@type\":\"PropertyValueSpecification\",\"valueRequired\":true,\"valueName\":\"search_term_string\"}}],\"inLanguage\":\"pt-PT\"}]}<\/script>\n<!-- \/ Yoast SEO plugin. -->","yoast_head_json":{"title":"Viagem de amor - Silver Hotel","robots":{"index":"index","follow":"follow","max-snippet":"max-snippet:-1","max-image-preview":"max-image-preview:large","max-video-preview":"max-video-preview:-1"},"canonical":"https:\/\/www.hotelsilvermilano.com\/pt-pt\/promotions\/viagem-de-amor\/","og_locale":"pt_PT","og_type":"article","og_title":"Viagem de amor - Silver Hotel","og_description":"Pacote para duas pessoas inclui: &#8211; 1 noite em suite san pietroburgo &#8211;1 jantar \u00e0 luz de velas para dois, composto por 2 pratos (bebidas n\u00e3o inclu\u00eddas) &#8211; Caf\u00e8 da manh\u00e3 a buffet para duas pessoas &#8211; Estacionamneto gratuito &#8211; Servi\u00e7o de transporte gratuito do hotel para o metro (Esta\u00e7\u00e3o de Bisceglie) e vice versa. [&hellip;]","og_url":"https:\/\/www.hotelsilvermilano.com\/pt-pt\/promotions\/viagem-de-amor\/","og_site_name":"Silver Hotel","article_modified_time":"2023-03-13T18:23:35+00:00","twitter_card":"summary_large_image","twitter_misc":{"Tempo estimado de leitura":"1 minuto"},"schema":{"@context":"https:\/\/schema.org","@graph":[{"@type":"WebPage","@id":"https:\/\/www.hotelsilvermilano.com\/pt-pt\/promotions\/viagem-de-amor\/","url":"https:\/\/www.hotelsilvermilano.com\/pt-pt\/promotions\/viagem-de-amor\/","name":"Viagem de amor - Silver Hotel","isPartOf":{"@id":"https:\/\/www.hotelsilvermilano.com\/pt-pt\/#website"},"datePublished":"2019-05-31T08:05:57+00:00","dateModified":"2023-03-13T18:23:35+00:00","breadcrumb":{"@id":"https:\/\/www.hotelsilvermilano.com\/pt-pt\/promotions\/viagem-de-amor\/#breadcrumb"},"inLanguage":"pt-PT","potentialAction":[{"@type":"ReadAction","target":["https:\/\/www.hotelsilvermilano.com\/pt-pt\/promotions\/viagem-de-amor\/"]}]},{"@type":"BreadcrumbList","@id":"https:\/\/www.hotelsilvermilano.com\/pt-pt\/promotions\/viagem-de-amor\/#breadcrumb","itemListElement":[{"@type":"ListItem","position":1,"name":"Home","item":"https:\/\/www.hotelsilvermilano.com\/pt-pt\/"},{"@type":"ListItem","position":2,"name":"Promotions","item":"https:\/\/www.hotelsilvermilano.com\/pt-pt\/promotions\/"},{"@type":"ListItem","position":3,"name":"Viagem de amor"}]},{"@type":"WebSite","@id":"https:\/\/www.hotelsilvermilano.com\/pt-pt\/#website","url":"https:\/\/www.hotelsilvermilano.com\/pt-pt\/","name":"Silver Hotel","description":"Just another ms.decms.eu site","potentialAction":[{"@type":"SearchAction","target":{"@type":"EntryPoint","urlTemplate":"https:\/\/www.hotelsilvermilano.com\/pt-pt\/?s={search_term_string}"},"query-input":{"@type":"PropertyValueSpecification","valueRequired":true,"valueName":"search_term_string"}}],"inLanguage":"pt-PT"}]}},"acf":[],"_links":{"self":[{"href":"https:\/\/www.hotelsilvermilano.com\/pt-pt\/wp-json\/wp\/v2\/pages\/751","targetHints":{"allow":["GET"]}}],"collection":[{"href":"https:\/\/www.hotelsilvermilano.com\/pt-pt\/wp-json\/wp\/v2\/pages"}],"about":[{"href":"https:\/\/www.hotelsilvermilano.com\/pt-pt\/wp-json\/wp\/v2\/types\/page"}],"author":[{"embeddable":true,"href":"https:\/\/www.hotelsilvermilano.com\/pt-pt\/wp-json\/wp\/v2\/users\/13"}],"replies":[{"embeddable":true,"href":"https:\/\/www.hotelsilvermilano.com\/pt-pt\/wp-json\/wp\/v2\/comments?post=751"}],"version-history":[{"count":0,"href":"https:\/\/www.hotelsilvermilano.com\/pt-pt\/wp-json\/wp\/v2\/pages\/751\/revisions"}],"up":[{"embeddable":true,"href":"https:\/\/www.hotelsilvermilano.com\/pt-pt\/wp-json\/wp\/v2\/pages\/735"}],"wp:attachment":[{"href":"https:\/\/www.hotelsilvermilano.com\/pt-pt\/wp-json\/wp\/v2\/media?parent=751"}],"curies":[{"name":"wp","href":"https:\/\/api.w.org\/{rel}","templated":true}]}}