{"id":98,"date":"2019-03-18T14:54:00","date_gmt":"2019-03-18T14:54:00","guid":{"rendered":"http:\/\/silverhotel.ms.decms.eu\/?page_id=98"},"modified":"2019-07-31T07:55:47","modified_gmt":"2019-07-31T07:55:47","slug":"onde-estamos","status":"publish","type":"page","link":"https:\/\/www.hotelsilvermilano.com\/pt-pt\/onde-estamos\/","title":{"rendered":"Onde estamos"},"content":{"rendered":"<p>O Silver Hotel desfruta de uma localiza\u00e7\u00e3o estrat\u00e9gica, a poucos minutos de carro do maior centro de feiras da Europa, a Fiera di Milano \/ Rho e a &#8220;Scala del calcio&#8221;, o est\u00e1dio San Siro. Imerso na vegeta\u00e7\u00e3o de seus jardins, o Silver Hotel garante uma estadia tranquila e confort\u00e1vel, longe do barulho ca\u00f3tico da cidade.<\/p>\n","protected":false},"excerpt":{"rendered":"<p>O Silver Hotel desfruta de uma localiza\u00e7\u00e3o estrat\u00e9gica, a poucos minutos de carro do maior centro de feiras da Europa, a Fiera di Milano \/ Rho e a &#8220;Scala del calcio&#8221;, o est\u00e1dio San Siro. Imerso na vegeta\u00e7\u00e3o de seus jardins, o Silver Hotel garante uma estadia tranquila e confort\u00e1vel, longe do barulho ca\u00f3tico da [&hellip;]<\/p>\n","protected":false},"author":13,"featured_media":0,"parent":0,"menu_order":9,"comment_status":"closed","ping_status":"closed","template":"template-location.php","meta":{"footnotes":""},"class_list":["post-98","page","type-page","status-publish","hentry"],"yoast_head":"<!-- This site is optimized with the Yoast SEO plugin v26.9 - https:\/\/yoast.com\/product\/yoast-seo-wordpress\/ -->\n<title>Onde estamos - Silver Hotel<\/title>\n<meta name=\"robots\" content=\"index, follow, max-snippet:-1, max-image-preview:large, max-video-preview:-1\" \/>\n<link rel=\"canonical\" href=\"https:\/\/www.hotelsilvermilano.com\/pt-pt\/onde-estamos\/\" \/>\n<meta property=\"og:locale\" content=\"pt_PT\" \/>\n<meta property=\"og:type\" content=\"article\" \/>\n<meta property=\"og:title\" content=\"Onde estamos - Silver Hotel\" \/>\n<meta property=\"og:description\" content=\"O Silver Hotel desfruta de uma localiza\u00e7\u00e3o estrat\u00e9gica, a poucos minutos de carro do maior centro de feiras da Europa, a Fiera di Milano \/ Rho e a &#8220;Scala del calcio&#8221;, o est\u00e1dio San Siro. Imerso na vegeta\u00e7\u00e3o de seus jardins, o Silver Hotel garante uma estadia tranquila e confort\u00e1vel, longe do barulho ca\u00f3tico da [&hellip;]\" \/>\n<meta property=\"og:url\" content=\"https:\/\/www.hotelsilvermilano.com\/pt-pt\/onde-estamos\/\" \/>\n<meta property=\"og:site_name\" content=\"Silver Hotel\" \/>\n<meta property=\"article:modified_time\" content=\"2019-07-31T07:55:47+00:00\" \/>\n<meta name=\"twitter:card\" content=\"summary_large_image\" \/>\n<script type=\"application\/ld+json\" class=\"yoast-schema-graph\">{\"@context\":\"https:\/\/schema.org\",\"@graph\":[{\"@type\":\"WebPage\",\"@id\":\"https:\/\/www.hotelsilvermilano.com\/pt-pt\/onde-estamos\/\",\"url\":\"https:\/\/www.hotelsilvermilano.com\/pt-pt\/onde-estamos\/\",\"name\":\"Onde estamos - Silver Hotel\",\"isPartOf\":{\"@id\":\"https:\/\/www.hotelsilvermilano.com\/pt-pt\/#website\"},\"datePublished\":\"2019-03-18T14:54:00+00:00\",\"dateModified\":\"2019-07-31T07:55:47+00:00\",\"breadcrumb\":{\"@id\":\"https:\/\/www.hotelsilvermilano.com\/pt-pt\/onde-estamos\/#breadcrumb\"},\"inLanguage\":\"pt-PT\",\"potentialAction\":[{\"@type\":\"ReadAction\",\"target\":[\"https:\/\/www.hotelsilvermilano.com\/pt-pt\/onde-estamos\/\"]}]},{\"@type\":\"BreadcrumbList\",\"@id\":\"https:\/\/www.hotelsilvermilano.com\/pt-pt\/onde-estamos\/#breadcrumb\",\"itemListElement\":[{\"@type\":\"ListItem\",\"position\":1,\"name\":\"Home\",\"item\":\"https:\/\/www.hotelsilvermilano.com\/pt-pt\/\"},{\"@type\":\"ListItem\",\"position\":2,\"name\":\"Onde estamos\"}]},{\"@type\":\"WebSite\",\"@id\":\"https:\/\/www.hotelsilvermilano.com\/pt-pt\/#website\",\"url\":\"https:\/\/www.hotelsilvermilano.com\/pt-pt\/\",\"name\":\"Silver Hotel\",\"description\":\"Just another ms.decms.eu site\",\"potentialAction\":[{\"@type\":\"SearchAction\",\"target\":{\"@type\":\"EntryPoint\",\"urlTemplate\":\"https:\/\/www.hotelsilvermilano.com\/pt-pt\/?s={search_term_string}\"},\"query-input\":{\"@type\":\"PropertyValueSpecification\",\"valueRequired\":true,\"valueName\":\"search_term_string\"}}],\"inLanguage\":\"pt-PT\"}]}<\/script>\n<!-- \/ Yoast SEO plugin. -->","yoast_head_json":{"title":"Onde estamos - Silver Hotel","robots":{"index":"index","follow":"follow","max-snippet":"max-snippet:-1","max-image-preview":"max-image-preview:large","max-video-preview":"max-video-preview:-1"},"canonical":"https:\/\/www.hotelsilvermilano.com\/pt-pt\/onde-estamos\/","og_locale":"pt_PT","og_type":"article","og_title":"Onde estamos - Silver Hotel","og_description":"O Silver Hotel desfruta de uma localiza\u00e7\u00e3o estrat\u00e9gica, a poucos minutos de carro do maior centro de feiras da Europa, a Fiera di Milano \/ Rho e a &#8220;Scala del calcio&#8221;, o est\u00e1dio San Siro. Imerso na vegeta\u00e7\u00e3o de seus jardins, o Silver Hotel garante uma estadia tranquila e confort\u00e1vel, longe do barulho ca\u00f3tico da [&hellip;]","og_url":"https:\/\/www.hotelsilvermilano.com\/pt-pt\/onde-estamos\/","og_site_name":"Silver Hotel","article_modified_time":"2019-07-31T07:55:47+00:00","twitter_card":"summary_large_image","schema":{"@context":"https:\/\/schema.org","@graph":[{"@type":"WebPage","@id":"https:\/\/www.hotelsilvermilano.com\/pt-pt\/onde-estamos\/","url":"https:\/\/www.hotelsilvermilano.com\/pt-pt\/onde-estamos\/","name":"Onde estamos - Silver Hotel","isPartOf":{"@id":"https:\/\/www.hotelsilvermilano.com\/pt-pt\/#website"},"datePublished":"2019-03-18T14:54:00+00:00","dateModified":"2019-07-31T07:55:47+00:00","breadcrumb":{"@id":"https:\/\/www.hotelsilvermilano.com\/pt-pt\/onde-estamos\/#breadcrumb"},"inLanguage":"pt-PT","potentialAction":[{"@type":"ReadAction","target":["https:\/\/www.hotelsilvermilano.com\/pt-pt\/onde-estamos\/"]}]},{"@type":"BreadcrumbList","@id":"https:\/\/www.hotelsilvermilano.com\/pt-pt\/onde-estamos\/#breadcrumb","itemListElement":[{"@type":"ListItem","position":1,"name":"Home","item":"https:\/\/www.hotelsilvermilano.com\/pt-pt\/"},{"@type":"ListItem","position":2,"name":"Onde estamos"}]},{"@type":"WebSite","@id":"https:\/\/www.hotelsilvermilano.com\/pt-pt\/#website","url":"https:\/\/www.hotelsilvermilano.com\/pt-pt\/","name":"Silver Hotel","description":"Just another ms.decms.eu site","potentialAction":[{"@type":"SearchAction","target":{"@type":"EntryPoint","urlTemplate":"https:\/\/www.hotelsilvermilano.com\/pt-pt\/?s={search_term_string}"},"query-input":{"@type":"PropertyValueSpecification","valueRequired":true,"valueName":"search_term_string"}}],"inLanguage":"pt-PT"}]}},"acf":[],"_links":{"self":[{"href":"https:\/\/www.hotelsilvermilano.com\/pt-pt\/wp-json\/wp\/v2\/pages\/98","targetHints":{"allow":["GET"]}}],"collection":[{"href":"https:\/\/www.hotelsilvermilano.com\/pt-pt\/wp-json\/wp\/v2\/pages"}],"about":[{"href":"https:\/\/www.hotelsilvermilano.com\/pt-pt\/wp-json\/wp\/v2\/types\/page"}],"author":[{"embeddable":true,"href":"https:\/\/www.hotelsilvermilano.com\/pt-pt\/wp-json\/wp\/v2\/users\/13"}],"replies":[{"embeddable":true,"href":"https:\/\/www.hotelsilvermilano.com\/pt-pt\/wp-json\/wp\/v2\/comments?post=98"}],"version-history":[{"count":0,"href":"https:\/\/www.hotelsilvermilano.com\/pt-pt\/wp-json\/wp\/v2\/pages\/98\/revisions"}],"wp:attachment":[{"href":"https:\/\/www.hotelsilvermilano.com\/pt-pt\/wp-json\/wp\/v2\/media?parent=98"}],"curies":[{"name":"wp","href":"https:\/\/api.w.org\/{rel}","templated":true}]}}